{"id":4979,"date":"2019-12-02T09:41:44","date_gmt":"2019-12-02T08:41:44","guid":{"rendered":"http:\/\/desertando.com\/?page_id=4979"},"modified":"2024-01-30T18:01:40","modified_gmt":"2024-01-30T17:01:40","slug":"aviso-legal","status":"publish","type":"page","link":"https:\/\/desertando.com\/de\/aviso-legal\/","title":{"rendered":"Rechtlicher Hinweis"},"content":{"rendered":"<div      class=\"vc_row wpb_row section vc_row-fluid  grid_section\" style=' padding-top:20px; padding-bottom:0px; text-align:center;'><div class=\"section_inner clearfix\"><div class='section_inner_margin clearfix'><div class=\"wpb_column vc_column_container vc_col-sm-12\"><div class=\"vc_column-inner\"><div class=\"wpb_wrapper\">\n\t<div class=\"wpb_raw_code wpb_content_element wpb_raw_html ocultar\" >\n\t\t<div class=\"wpb_wrapper\">\n\t\t\t<h1>Rechtliche Seite<\/h1>\n\t\t<\/div>\n\t<\/div>\n\t<div class=\"vc_empty_space\"  style=\"height: 70px\" ><span\n\t\t\tclass=\"vc_empty_space_inner\">\n\t\t\t<span class=\"empty_space_image\"  ><\/span>\n\t\t<\/span><\/div>\n\n\t\t<div class=\"mega-line-container ma_heading_wrap362\">\r\n\t\t\t\r\n\t\t\t\r\n\t\t    \t\t\t    <div class=\"mega-line-bottom\" style=\"text-align: center;\">  \r\n\t\t\t        <h2 style=\"font-size: 48px; color: #3e3a3b; text-transform: default; ;\">\r\n\t\t\t        \tRechtlicher Hinweis\t\t\t        <\/h2>\r\n\t\t\t        <div class=\"heading_desc\" style=\"line-height: 1;\">\r\n\t\t\t        \t\t\t\t        <\/div>\r\n\t\t\t        <span style=\"width: 230px; border-top: 2px solid #c89454;\"><\/span>\r\n\t\t\t    <\/div>\r\n\t\t    \r\n\t\t    \r\n\t\t    \r\n\t\t          \t<\/div>\r\n\r\n      \t<style>\r\n\t\t\t.ma_heading_wrap362 .heading_desc *{\r\n\t\t\t\tfont-size: px;\r\n\t\t\t\t;\r\n\t\t\t}\r\n      \t<\/style>\r\n\t\t\t<div class=\"vc_empty_space\"  style=\"height: 50px\" ><span\n\t\t\tclass=\"vc_empty_space_inner\">\n\t\t\t<span class=\"empty_space_image\"  ><\/span>\n\t\t<\/span><\/div>\n\n\n\t<div class=\"wpb_raw_code wpb_content_element wpb_raw_html ocultar\" >\n\t\t<div class=\"wpb_wrapper\">\n\t\t\t<h3>Rechtliche Angaben zum Unternehmen<\/h3>\n\t\t<\/div>\n\t<\/div>\n<\/div><\/div><\/div><\/div><\/div><\/div><div      class=\"vc_row wpb_row section vc_row-fluid\" style=' text-align:left;'><div class=\"full_section_inner clearfix\"><div class=\"wpb_column vc_column_container vc_col-sm-12\"><div class=\"vc_column-inner\"><div class=\"wpb_wrapper\">\n\t<div class=\"wpb_text_column wpb_content_element\">\n\t\t<div class=\"wpb_wrapper\">\n\t\t\t<p>Durch die Einhaltung der <a href=\"https:\/\/www.boe.es\/buscar\/act.php?id=BOE-A-2002-13758\" target=\"_blank\" rel=\"noopener noreferrer\"><u><i>Gesetz 34\/2002 vom 11. Juli \u00fcber die Dienste der Informationsgesellschaft und den elektronischen Handel.<\/i><\/u><\/a>informieren wir Sie:<\/p>\n<p>&nbsp;<\/p>\n<h4><strong>1. ZIEL<\/strong><\/h4>\n<p>Art. 10 LSSI:<\/p>\n<p><a href=\"https:\/\/desertando.com\/de\/\"><u><i>www.desertando.com<\/i><\/u><\/a> (im Folgenden die \"Domain\"), ist eine Internet-Domain, die im Besitz von DESERTANDO CLUB DE AVENTURAS, S.L. (im Folgenden DESERTANDO), mit Sitz in der Calle Arturo Soria, 333 - 28033 Madrid und der Steueridentifikationsnummer B87565966 ist. Das Unternehmen ist im Handelsregister von Madrid, Band 34711, Folio 161, 1. Eintrag, Seite Nr. M-624318, eingetragen.<\/p>\n<p>F\u00fcr die Zwecke dieses Dokuments lautet die Kontakttelefonnummer +34 620 50 17 61 und die Kontakt-E-Mail-Adresse info@desertando.com.<\/p>\n<p>Diese rechtlichen Hinweise regeln die Nutzung der Domain.<\/p>\n<p>Die Nutzung dieser Website setzt voraus, dass der Nutzer die in diesen rechtlichen Hinweisen enthaltenen Nutzungsbedingungen sowie die Richtlinien auf \"...\" akzeptiert.<a href=\"https:\/\/desertando.com\/index.php\/politica-de-privacidad\/\"><u><i>Privatsph\u00e4re und Datenschutz<\/i><\/u><\/a>' y '<a href=\"https:\/\/desertando.com\/index.php\/politica-de-cookies\/\"><u><i>Cookie-Richtlinie<\/i><\/u><\/a>in demselben <em>Website<\/em>. F\u00fcr den Fall, dass bestimmte \u00fcber diese Website angebotene Dienste, Inhalte und\/oder Tools f\u00fcr Sie nicht verf\u00fcgbar sind. <i>Website<\/i>Erfordern die Rechte und Pflichten des Nutzers die Anwendung besonderer Bedingungen, so werden diese dem Nutzer zur Verf\u00fcgung gestellt.<\/p>\n<p>Andererseits weist DESERTANDO darauf hin, dass sowohl die Inhalte und Dienstleistungen dieser Website als auch die der <em>Website,<\/em> sowie die Nutzungsbedingungen selbst, k\u00f6nnen ohne vorherige Ank\u00fcndigung ge\u00e4ndert werden.<\/p>\n<p>&nbsp;<\/p>\n<h4><strong>2. VERWENDUNGSBEDINGUNGEN<\/strong><\/h4>\n<p>Der Nutzer verpflichtet sich, in den Bereichen, in denen er sich registrieren muss, um Zugang zu erhalten, wahrheitsgem\u00e4\u00dfe und genaue Angaben zu machen. Der Nutzer verpflichtet sich, die pers\u00f6nlichen Daten, die er dem Inhaber der Domain zur Verf\u00fcgung stellt, auf dem neuesten Stand zu halten, und ist daher allein verantwortlich f\u00fcr falsche oder ungenaue Angaben.<\/p>\n<p>Wir weisen Sie darauf hin, dass Sie, wenn Sie minderj\u00e4hrig sind, die Erlaubnis Ihrer Erziehungsberechtigten oder gesetzlichen Vertreter einholen m\u00fcssen, um Zugang zu den angebotenen Dienstleistungen zu erhalten. DESERTANDO \u00fcbernimmt keine Verantwortung im Falle ungenauer oder falscher Daten.<\/p>\n<p>Diese <em>Website<\/em> d\u00fcrfen nur zu rechtm\u00e4\u00dfigen Zwecken verwendet werden, daher ist der Nutzer verpflichtet, sie rechtm\u00e4\u00dfig und ehrlich und in \u00dcbereinstimmung mit diesen Bedingungen zu verwenden. <u>Allgemeine Bedingungen f\u00fcr die Nutzung<\/u>die Dienste der Kommission nicht in Anspruch zu nehmen <em>Website<\/em>\"Der Nutzer haftet f\u00fcr alle Sch\u00e4den, die dem Inhaber der Domain oder Dritten durch rechtswidrige oder unzul\u00e4ssige Handlungen entstehen k\u00f6nnen, und haftet f\u00fcr alle Sch\u00e4den gegen\u00fcber dem Inhaber der Domain oder Dritten. Als Beispiel und ohne Einschr\u00e4nkung:<\/p>\n<p>&nbsp;<\/p>\n<ul>\n<li>Manipulationen oder Ver\u00e4nderungen an dieser Seite ohne vorherige Zustimmung des Domaininhabers vorzunehmen, und der Domaininhaber \u00fcbernimmt keine Haftung, die sich aus solchen Manipulationen oder Ver\u00e4nderungen durch Dritte ergeben k\u00f6nnen.<\/li>\n<li>Tun Sie nichts, was das System besch\u00e4digen, deaktivieren, \u00fcberlasten oder beeintr\u00e4chtigen k\u00f6nnte. <em>Website<\/em> und Dienstleistungen zu beeintr\u00e4chtigen und\/oder die normale Nutzung und Verwendung durch die Nutzer zu behindern.<\/li>\n<li>Computerprogramme, Daten, fehlerhafte Dateien, Viren, b\u00f6sartige Codes, Computer- oder Telekommunikationsger\u00e4te oder andere, gleich welcher Art, einzuf\u00fchren und\/oder zu verwenden, die Sch\u00e4den an der Website verursachen k\u00f6nnen <em>Website<\/em>Der Domaininhaber haftet nicht f\u00fcr Sch\u00e4den an den Dienstleistungen oder an den (physischen oder logischen) Verm\u00f6genswerten der Informationssysteme des Domaininhabers.<\/li>\n<li>die Rechte Dritter auf Privatsph\u00e4re, Selbstbild, Datenschutz, Kommunikationsgeheimnis, geistiges und gewerbliches Eigentum verletzen.<\/li>\n<li>Verbergen und F\u00e4lschen der Herkunft von E-Mail-Nachrichten.<\/li>\n<li>Verwendung falscher Identit\u00e4ten, Nachahmung anderer Personen bei der Nutzung des <em>Website<\/em> oder bei der Nutzung eines der Dienste.<\/li>\n<li>den Inhalt dieser Seite zu vervielf\u00e4ltigen, zu verbreiten, zu ver\u00e4ndern oder zu kopieren, es sei denn, Sie haben die Genehmigung des Inhabers der Domain oder sind gesetzlich dazu befugt.<\/li>\n<li>\u00dcbermittlung von Benutzernamen und Passw\u00f6rtern an unbefugte Dritte.<\/li>\n<\/ul>\n<p>&nbsp;<\/p>\n<p>DESERTANDO reagiert nicht auf Links (<em>Links<\/em>) zu anderen Websites Dritter und deren Existenz bedeutet nicht, dass DESERTANDO deren Inhalte und Dienstleistungen billigt oder akzeptiert. Diese anderen Websites werden weder von DESERTANDO kontrolliert noch von dieser Website abgedeckt. <a href=\"https:\/\/desertando.com\/index.php\/politica-de-privacidad\/\"><u><em>Datenschutzbestimmungen<\/em><\/u><\/a>. Wenn Sie \u00fcber die Website auf andere Websites zugreifen <em>Links<\/em> vorausgesetzt, die Betreiber solcher <em>Webseiten<\/em> k\u00f6nnen Ihre pers\u00f6nlichen Daten erfassen. DESERTANDO empfiehlt Ihnen, sich vor der Angabe pers\u00f6nlicher Daten zu vergewissern, dass Sie mit den Datenschutzrichtlinien dieser Drittanbieter einverstanden sind.<\/p>\n<p>Generell schlie\u00dft der Inhaber der Domain seine Haftung f\u00fcr Sch\u00e4den jeglicher Art und Weise aus, die aus der Nutzung der Domain entstehen k\u00f6nnen. <em>Website<\/em>Der Nutzer kann nicht f\u00fcr Sch\u00e4den haftbar gemacht werden, die sich aus der Verletzung von Rechten an geistigem und gewerblichem Eigentum durch Nutzer und\/oder aus der mangelnden Wahrhaftigkeit, Genauigkeit und Aktualit\u00e4t der Inhalte ergeben, noch kann er f\u00fcr die Unterbrechung des Dienstes, das unzureichende Funktionieren oder die Unm\u00f6glichkeit des Zugangs zum Dienst haftbar gemacht werden.<\/p>\n<p>Der Domaininhaber haftet nicht f\u00fcr Sch\u00e4den, die durch das Vorhandensein von Viren oder anderen <em>Software<\/em> sch\u00e4dlich sind, die das Computersystem des Benutzers ver\u00e4ndern k\u00f6nnen.<\/p>\n<p>Die <em>Website,<\/em> einschlie\u00dflich, aber nicht beschr\u00e4nkt auf ihre Programmierung, Designs, Logos, Texte und\/oder Grafiken, sind Eigentum des Anbieters oder verf\u00fcgen gegebenenfalls \u00fcber eine Lizenz oder ausdr\u00fcckliche Genehmigung der Urheber.<\/p>\n<p>Unabh\u00e4ngig von dem Zweck, f\u00fcr den sie bestimmt sind, bedarf die vollst\u00e4ndige oder teilweise Vervielf\u00e4ltigung, Nutzung, Verwertung, Verbreitung und Kommerzialisierung in jedem Fall der vorherigen schriftlichen Genehmigung des Inhabers der Domain.<\/p>\n<p>Der Nutzer verpflichtet sich, keine Handlungen vorzunehmen, die gegen die geistigen oder gewerblichen Eigentumsrechte des Urhebers versto\u00dfen.<\/p>\n<p>Der Anbieter gestattet es Dritten ausdr\u00fccklich, direkt auf die spezifischen Inhalte der <em>Website<\/em>sofern nicht ausdr\u00fccklich verboten.<\/p>\n<p>&nbsp;<\/p>\n<h4><strong>3. DATENSCHUTZ und VERWENDUNG VON COOKIES<\/strong><\/h4>\n<p>Sie k\u00f6nnen unsere Politik zum Schutz personenbezogener Daten und zur Verwendung von Cookies in den folgenden Abschnitten einsehen:<\/p>\n<p><a href=\"https:\/\/desertando.com\/index.php\/politica-de-privacidad\/\"><u><em>Privatsph\u00e4re und Datenschutz<\/em><\/u><\/a> y <a href=\"https:\/\/desertando.com\/index.php\/politica-de-cookies\/\"><u><em>Cookie-Richtlinie<\/em><\/u><\/a>.<\/p>\n<p>&nbsp;<\/p>\n<h4><strong>4. ANWENDBARES RECHT<\/strong><\/h4>\n<p>Die vorliegenden Bedingungen unterliegen zu jeder Zeit den Bestimmungen der spanischen und europ\u00e4ischen Gesetzgebung.<\/p>\n\n\t\t<\/div> \n\t<\/div> <\/div><\/div><\/div><\/div><\/div><div      class=\"vc_row wpb_row section vc_row-fluid\" style=' text-align:left;'><div class=\"full_section_inner clearfix\"><div class=\"wpb_column vc_column_container vc_col-sm-12\"><div class=\"vc_column-inner\"><div class=\"wpb_wrapper\">\t<div class=\"vc_empty_space\"  style=\"height: 200px\" ><span\n\t\t\tclass=\"vc_empty_space_inner\">\n\t\t\t<span class=\"empty_space_image\"  ><\/span>\n\t\t<\/span><\/div>\n\n<\/div><\/div><\/div><\/div><\/div>","protected":false},"excerpt":{"rendered":"Rechtliche Seite Rechtlicher Hinweis Rechtliche Daten des Unternehmens Gem\u00e4\u00df den Bestimmungen des...","protected":false},"author":1,"featured_media":0,"parent":0,"menu_order":0,"comment_status":"closed","ping_status":"closed","template":"","meta":{"footnotes":""},"yoast_head":"<!-- This site is optimized with the Yoast SEO plugin v23.5 - https:\/\/yoast.com\/wordpress\/plugins\/seo\/ -->\n<title>Aviso legal - Desertando<\/title>\n<meta name=\"robots\" content=\"index, follow, max-snippet:-1, max-image-preview:large, max-video-preview:-1\" \/>\n<link rel=\"canonical\" href=\"https:\/\/desertando.com\/de\/aviso-legal\/\" \/>\n<meta property=\"og:locale\" content=\"de_DE\" \/>\n<meta property=\"og:type\" content=\"article\" \/>\n<meta property=\"og:title\" content=\"Aviso legal - Desertando\" \/>\n<meta property=\"og:url\" content=\"https:\/\/desertando.com\/de\/aviso-legal\/\" \/>\n<meta property=\"og:site_name\" content=\"Desertando\" \/>\n<meta property=\"article:modified_time\" content=\"2024-01-30T17:01:40+00:00\" \/>\n<meta name=\"twitter:card\" content=\"summary_large_image\" \/>\n<meta name=\"twitter:label1\" content=\"Gesch\u00e4tzte Lesezeit\" \/>\n\t<meta name=\"twitter:data1\" content=\"5\u00a0Minuten\" \/>\n<script type=\"application\/ld+json\" class=\"yoast-schema-graph\">{\"@context\":\"https:\/\/schema.org\",\"@graph\":[{\"@type\":\"WebPage\",\"@id\":\"https:\/\/desertando.com\/aviso-legal\/\",\"url\":\"https:\/\/desertando.com\/aviso-legal\/\",\"name\":\"Aviso legal - Desertando\",\"isPartOf\":{\"@id\":\"https:\/\/desertando.com\/#website\"},\"datePublished\":\"2019-12-02T08:41:44+00:00\",\"dateModified\":\"2024-01-30T17:01:40+00:00\",\"breadcrumb\":{\"@id\":\"https:\/\/desertando.com\/aviso-legal\/#breadcrumb\"},\"inLanguage\":\"de\",\"potentialAction\":[{\"@type\":\"ReadAction\",\"target\":[\"https:\/\/desertando.com\/aviso-legal\/\"]}]},{\"@type\":\"BreadcrumbList\",\"@id\":\"https:\/\/desertando.com\/aviso-legal\/#breadcrumb\",\"itemListElement\":[{\"@type\":\"ListItem\",\"position\":1,\"name\":\"Portada\",\"item\":\"https:\/\/desertando.com\/\"},{\"@type\":\"ListItem\",\"position\":2,\"name\":\"Aviso legal\"}]},{\"@type\":\"WebSite\",\"@id\":\"https:\/\/desertando.com\/#website\",\"url\":\"https:\/\/desertando.com\/\",\"name\":\"Desertando\",\"description\":\"Viajando por los desiertos de \u00c1frica\",\"publisher\":{\"@id\":\"https:\/\/desertando.com\/#organization\"},\"potentialAction\":[{\"@type\":\"SearchAction\",\"target\":{\"@type\":\"EntryPoint\",\"urlTemplate\":\"https:\/\/desertando.com\/?s={search_term_string}\"},\"query-input\":{\"@type\":\"PropertyValueSpecification\",\"valueRequired\":true,\"valueName\":\"search_term_string\"}}],\"inLanguage\":\"de\"},{\"@type\":\"Organization\",\"@id\":\"https:\/\/desertando.com\/#organization\",\"name\":\"Desertando Club de Aventuras\",\"url\":\"https:\/\/desertando.com\/\",\"logo\":{\"@type\":\"ImageObject\",\"inLanguage\":\"de\",\"@id\":\"https:\/\/desertando.com\/#\/schema\/logo\/image\/\",\"url\":\"https:\/\/desertando.com\/wp-content\/uploads\/2020\/02\/logo_1_marron.png\",\"contentUrl\":\"https:\/\/desertando.com\/wp-content\/uploads\/2020\/02\/logo_1_marron.png\",\"width\":190,\"height\":60,\"caption\":\"Desertando Club de Aventuras\"},\"image\":{\"@id\":\"https:\/\/desertando.com\/#\/schema\/logo\/image\/\"}}]}<\/script>\n<!-- \/ Yoast SEO plugin. -->","yoast_head_json":{"title":"Aviso legal - Desertando","robots":{"index":"index","follow":"follow","max-snippet":"max-snippet:-1","max-image-preview":"max-image-preview:large","max-video-preview":"max-video-preview:-1"},"canonical":"https:\/\/desertando.com\/de\/aviso-legal\/","og_locale":"de_DE","og_type":"article","og_title":"Aviso legal - Desertando","og_url":"https:\/\/desertando.com\/de\/aviso-legal\/","og_site_name":"Desertando","article_modified_time":"2024-01-30T17:01:40+00:00","twitter_card":"summary_large_image","twitter_misc":{"Gesch\u00e4tzte Lesezeit":"5\u00a0Minuten"},"schema":{"@context":"https:\/\/schema.org","@graph":[{"@type":"WebPage","@id":"https:\/\/desertando.com\/aviso-legal\/","url":"https:\/\/desertando.com\/aviso-legal\/","name":"Aviso legal - Desertando","isPartOf":{"@id":"https:\/\/desertando.com\/#website"},"datePublished":"2019-12-02T08:41:44+00:00","dateModified":"2024-01-30T17:01:40+00:00","breadcrumb":{"@id":"https:\/\/desertando.com\/aviso-legal\/#breadcrumb"},"inLanguage":"de","potentialAction":[{"@type":"ReadAction","target":["https:\/\/desertando.com\/aviso-legal\/"]}]},{"@type":"BreadcrumbList","@id":"https:\/\/desertando.com\/aviso-legal\/#breadcrumb","itemListElement":[{"@type":"ListItem","position":1,"name":"Portada","item":"https:\/\/desertando.com\/"},{"@type":"ListItem","position":2,"name":"Aviso legal"}]},{"@type":"WebSite","@id":"https:\/\/desertando.com\/#website","url":"https:\/\/desertando.com\/","name":"Desertando","description":"Viajando por los desiertos de \u00c1frica","publisher":{"@id":"https:\/\/desertando.com\/#organization"},"potentialAction":[{"@type":"SearchAction","target":{"@type":"EntryPoint","urlTemplate":"https:\/\/desertando.com\/?s={search_term_string}"},"query-input":{"@type":"PropertyValueSpecification","valueRequired":true,"valueName":"search_term_string"}}],"inLanguage":"de"},{"@type":"Organization","@id":"https:\/\/desertando.com\/#organization","name":"Desertando Club de Aventuras","url":"https:\/\/desertando.com\/","logo":{"@type":"ImageObject","inLanguage":"de","@id":"https:\/\/desertando.com\/#\/schema\/logo\/image\/","url":"https:\/\/desertando.com\/wp-content\/uploads\/2020\/02\/logo_1_marron.png","contentUrl":"https:\/\/desertando.com\/wp-content\/uploads\/2020\/02\/logo_1_marron.png","width":190,"height":60,"caption":"Desertando Club de Aventuras"},"image":{"@id":"https:\/\/desertando.com\/#\/schema\/logo\/image\/"}}]}},"post_mailing_queue_ids":[],"_links":{"self":[{"href":"https:\/\/desertando.com\/de\/wp-json\/wp\/v2\/pages\/4979"}],"collection":[{"href":"https:\/\/desertando.com\/de\/wp-json\/wp\/v2\/pages"}],"about":[{"href":"https:\/\/desertando.com\/de\/wp-json\/wp\/v2\/types\/page"}],"author":[{"embeddable":true,"href":"https:\/\/desertando.com\/de\/wp-json\/wp\/v2\/users\/1"}],"replies":[{"embeddable":true,"href":"https:\/\/desertando.com\/de\/wp-json\/wp\/v2\/comments?post=4979"}],"version-history":[{"count":16,"href":"https:\/\/desertando.com\/de\/wp-json\/wp\/v2\/pages\/4979\/revisions"}],"predecessor-version":[{"id":7708,"href":"https:\/\/desertando.com\/de\/wp-json\/wp\/v2\/pages\/4979\/revisions\/7708"}],"wp:attachment":[{"href":"https:\/\/desertando.com\/de\/wp-json\/wp\/v2\/media?parent=4979"}],"curies":[{"name":"wp","href":"https:\/\/api.w.org\/{rel}","templated":true}]}}