{"id":5104,"date":"2019-12-05T11:49:38","date_gmt":"2019-12-05T10:49:38","guid":{"rendered":"http:\/\/desertando.com\/?page_id=5104"},"modified":"2024-01-30T18:06:42","modified_gmt":"2024-01-30T17:06:42","slug":"politica-de-cookies","status":"publish","type":"page","link":"https:\/\/desertando.com\/de\/politica-de-cookies\/","title":{"rendered":"Cookie-Richtlinie"},"content":{"rendered":"<div      class=\"vc_row wpb_row section vc_row-fluid  grid_section\" style=' padding-top:20px; padding-bottom:0px; text-align:center;'><div class=\"section_inner clearfix\"><div class='section_inner_margin clearfix'><div class=\"wpb_column vc_column_container vc_col-sm-12\"><div class=\"vc_column-inner\"><div class=\"wpb_wrapper\">\n\t<div class=\"wpb_raw_code wpb_content_element wpb_raw_html ocultar\" >\n\t\t<div class=\"wpb_wrapper\">\n\t\t\t<h1>Cookies Seite<\/h1>\n\t\t<\/div>\n\t<\/div>\n\t<div class=\"vc_empty_space\"  style=\"height: 70px\" ><span\n\t\t\tclass=\"vc_empty_space_inner\">\n\t\t\t<span class=\"empty_space_image\"  ><\/span>\n\t\t<\/span><\/div>\n\n\t\t<div class=\"mega-line-container ma_heading_wrap402\">\r\n\t\t\t\r\n\t\t\t\r\n\t\t    \t\t\t    <div class=\"mega-line-bottom\" style=\"text-align: center;\">  \r\n\t\t\t        <h2 style=\"font-size: 48px; color: #3e3a3b; text-transform: default; ;\">\r\n\t\t\t        \tCookie-Richtlinie\t\t\t        <\/h2>\r\n\t\t\t        <div class=\"heading_desc\" style=\"line-height: 1;\">\r\n\t\t\t        \t\t\t\t        <\/div>\r\n\t\t\t        <span style=\"width: 230px; border-top: 2px solid #c89454;\"><\/span>\r\n\t\t\t    <\/div>\r\n\t\t    \r\n\t\t    \r\n\t\t    \r\n\t\t          \t<\/div>\r\n\r\n      \t<style>\r\n\t\t\t.ma_heading_wrap402 .heading_desc *{\r\n\t\t\t\tfont-size: px;\r\n\t\t\t\t;\r\n\t\t\t}\r\n      \t<\/style>\r\n\t\t\t<div class=\"vc_empty_space\"  style=\"height: 50px\" ><span\n\t\t\tclass=\"vc_empty_space_inner\">\n\t\t\t<span class=\"empty_space_image\"  ><\/span>\n\t\t<\/span><\/div>\n\n\n\t<div class=\"wpb_raw_code wpb_content_element wpb_raw_html ocultar\" >\n\t\t<div class=\"wpb_wrapper\">\n\t\t\t<h3>Informationen \u00fcber Cookies<\/h3>\n\t\t<\/div>\n\t<\/div>\n<\/div><\/div><\/div><\/div><\/div><\/div><div      class=\"vc_row wpb_row section vc_row-fluid\" style=' text-align:left;'><div class=\"full_section_inner clearfix\"><div class=\"wpb_column vc_column_container vc_col-sm-12\"><div class=\"vc_column-inner\"><div class=\"wpb_wrapper\">\n\t<div class=\"wpb_text_column wpb_content_element\">\n\t\t<div class=\"wpb_wrapper\">\n\t\t\t<p>Die Dom\u00e4ne <u><em><a href=\"https:\/\/desertando.com\/de\/\">www.desertando.com<\/a><\/em><\/u> und seine Subdom\u00e4nen, automatische Erhebungsverfahren (<em>Cookies<\/em>), um pers\u00f6nliche Informationen wie Browser- oder Betriebssystemtyp, verweisende Seite, Pfad, ISP (Internet Service Provider)-Dom\u00e4ne usw. zu sammeln. All dies, um die angebotenen Dienste zu verbessern. Die <em>Cookies<\/em> helfen uns, diese Website an Ihre pers\u00f6nlichen Bed\u00fcrfnisse anzupassen.<\/p>\n<p>A <em>Cookie<\/em> ist eine kleine Datei, die auf dem Computer des Nutzers gespeichert ist und die es uns erm\u00f6glicht, den Nutzer zu erkennen. Der Satz von <em>Cookies<\/em> hilft uns, die Qualit\u00e4t unserer Website zu verbessern, und erm\u00f6glicht es uns, das Surferlebnis jedes Nutzers auf unserer Website bis zu einem gewissen Grad zu personalisieren. Die <em>Cookies<\/em> sind derzeit f\u00fcr das Funktionieren des Internets von wesentlicher Bedeutung und bieten unz\u00e4hlige Vorteile bei der Bereitstellung interaktiver Dienste, die die Navigation und die Nutzbarkeit des Internets erleichtern. <em>Website<\/em> von <u><em><a href=\"https:\/\/desertando.com\/de\/\">www.desertando.com<\/a><\/em><\/u><\/p>\n<p>Bitte beachten Sie, dass die <em>Cookies<\/em> Ihrem Computer keinen Schaden zuf\u00fcgen k\u00f6nnen und dass wir im Gegenzug durch ihre Aktivierung Fehler erkennen und beheben sowie die Navigation auf unserer Website verbessern k\u00f6nnen.<\/p>\n<p>&nbsp;<\/p>\n<h4><strong>1) Arten von Cookies<\/strong><\/h4>\n<p>1.1 Unter dem Gesichtspunkt der Lebenszeit des <em>Cookie<\/em> (Zeit, die der <em>Cookie<\/em> auf unseren Ger\u00e4ten aktiv bleibt) k\u00f6nnen wir zwischen dem <em>Cookies<\/em> zwischen:<\/p>\n<p>&nbsp;<\/p>\n<ul>\n<li><strong>Sitzungs-Cookies<\/strong>: Sie sind <em>Cookies<\/em> tempor\u00e4re Dateien, die im Verzeichnis <em>Cookies<\/em> Ihres Browsers, bis Sie die Website verlassen, so dass keine Informationen auf dem Speichermedium (Festplatte) des Nutzers gespeichert werden. Die Informationen, die mit Hilfe dieser <em>Cookies<\/em>Das Verkehrsanalysetool wird zur Analyse der Verkehrsmuster in unserem <em>Website<\/em>. Letztendlich k\u00f6nnen wir so den Inhalt verbessern, indem wir die Nutzung einfacher gestalten.<\/li>\n<li><strong>Dauerhafte Cookies<\/strong>sind auf der Festplatte gespeichert und unsere <em>Website<\/em> liest sie jedes Mal, wenn Sie auf unsere Domain zugreifen. A <em>Cookie<\/em> permanent hat ein festes Verfallsdatum. Die Website <em>Cookie<\/em> werden nach diesem Datum nicht mehr funktionieren. Wir verwenden sie im Allgemeinen, um das Einkaufen und die Registrierung zu erleichtern.<\/li>\n<\/ul>\n<p>&nbsp;<\/p>\n<p>1.2 Unter dem Gesichtspunkt der Verwendung der einzelnen <em>Cookie<\/em>Wir k\u00f6nnen unterscheiden zwischen:<\/p>\n<p>&nbsp;<\/p>\n<ul>\n<li><strong>Cookies erforderlich<\/strong>sind die <em>Cookies<\/em> die unbedingt erforderlich sind, wie z. B. diejenigen, die der korrekten Navigation dienen, oder diejenigen, die die Bezahlung der vom Nutzer angeforderten Waren oder Dienstleistungen erm\u00f6glichen, oder diejenigen, die die Bezahlung der vom Nutzer angeforderten Waren oder Dienstleistungen erm\u00f6glichen. <em>Cookies<\/em> die daf\u00fcr sorgen, dass der Inhalt der Webseite effizient geladen wird.<\/li>\n<\/ul>\n<p>In der Kategorie der <em>Cookies erforderlich<\/em> kann auch gefunden werden <em>Cookies<\/em> f\u00fcr die folgenden Zwecke:<\/p>\n<p>&nbsp;<\/p>\n<ul>\n<li>Lassen Sie nur die Kommunikation zwischen den Ger\u00e4ten des Benutzers und dem Netz zu.<\/li>\n<li>Ausschlie\u00dflich zur Erbringung einer vom Nutzer ausdr\u00fccklich gew\u00fcnschten Dienstleistung.<\/li>\n<\/ul>\n<p>&nbsp;<\/p>\n<p>In diesen beiden F\u00e4llen informieren wir Sie dar\u00fcber, dass die Information und Zustimmung des Nutzers f\u00fcr die Installation der genannten Produkte nicht erforderlich ist. <em>Cookies<\/em>. Konkret hat die EU-Sachverst\u00e4ndigengruppe in Artikel 29 ihrer Stellungnahme 4\/20123 ausgef\u00fchrt, dass zu den <em>Cookies<\/em> Ausgenommen w\u00e4ren solche, deren Zweck darin besteht:<\/p>\n<p>&nbsp;<\/p>\n<ul>\n<li><em>Keks<\/em> von \"Benutzereingaben\".<\/li>\n<li><em>Keks<\/em> Benutzerauthentifizierung oder -identifizierung (nur Sitzung)<\/li>\n<li><em>Keks<\/em> Benutzersicherheit<\/li>\n<li><em>Keks<\/em> Media-Player-Sitzung<\/li>\n<li><em>Keks<\/em> Sitzung zum Ausgleich der Last<\/li>\n<li><em>Keks<\/em> der individuellen Anpassung der Benutzeroberfl\u00e4che<\/li>\n<li><em>Keks<\/em> Plug-in f\u00fcr den Austausch von sozialen Inhalten<\/li>\n<\/ul>\n<p>&nbsp;<\/p>\n<p>F\u00fcr alle anderen <em>Cookies erforderlich<\/em> die nicht zu den oben genannten F\u00e4llen geh\u00f6ren, bed\u00fcrfen der vorherigen Information und Zustimmung des Nutzers.<\/p>\n<p>&nbsp;<\/p>\n<ul>\n<li><strong>Funktionale Cookies<\/strong>: Sie sind <em>Cookies<\/em> die dem Nutzer ein besseres Surferlebnis auf der Website erm\u00f6glichen. Ein Beispiel f\u00fcr die Verwendung dieser Art von <em>Cookies<\/em> sind diejenigen, die zum Speichern von Browsing-Daten f\u00fcr eine bestimmte Sprache verwendet werden.<\/li>\n<li><strong>Analytische Cookies<\/strong>: Sie sind <em>Cookies<\/em> die es uns erm\u00f6glichen, die Nutzung unserer Website zu analysieren <em>Website<\/em>Ziel des Projekts ist es, die Leistung des Projekts zu verbessern, so dass wir sie messen und verbessern k\u00f6nnen.<\/li>\n<li><strong>Werbung und Cookies von Dritten<\/strong>sind die <em>Cookies<\/em> die von sozialen Netzwerken oder externen Inhaltsplugins verwendet werden, z. B. solche, die Ihren Standort verwenden. Sowie <em>Cookies<\/em> Werbeunternehmen, um Werbung zu schalten, die Ihren Interessen entspricht.<\/li>\n<\/ul>\n<p>&nbsp;<\/p>\n<p>DESERTANDO speichert alle Informationen, die \u00fcber die <em>Cookies<\/em> in nicht-personenbezogenem Format (IP-Adresse - Internetprotokoll). Diese Art von Informationen, die \u00fcber das <em>Cookies<\/em> werden nicht au\u00dferhalb von DESERTANDO weitergegeben oder f\u00fcr unaufgeforderte Mitteilungen verwendet.<\/p>\n<p>&nbsp;<\/p>\n<h4><strong>2. Angemessener Datenschutz - Cookie-Verwaltung<\/strong><\/h4>\n<p>Auf Wunsch des Nutzers kann die Registrierung von Cookies davon abh\u00e4ngig gemacht werden, dass diese bei der Installation oder Aktualisierung des verwendeten Browsers akzeptiert werden. Der Nutzer kann seine Zustimmung jederzeit mit Hilfe der in jedem Browser verf\u00fcgbaren Konfigurationsoptionen f\u00fcr Inhalt und Datenschutz widerrufen. Sollte der Nutzer jedoch die Installation von Cookies nicht zulassen <em>Cookies<\/em> M\u00f6glicherweise k\u00f6nnen Sie auf einige Bereiche unserer Website nicht zugreifen.<\/p>\n<p>F\u00fcr weitere Informationen \u00fcber die geeignete Konfiguration des <em>Cookies<\/em> und die Optionen f\u00fcr die Aktivierung, Einschr\u00e4nkung und\/oder Deaktivierung sollten Sie im Hilfebereich Ihres Browsers nachlesen, um weitere Informationen zu erhalten.<br \/>\nZugang zu den genannten Informationen f\u00fcr die am h\u00e4ufigsten verwendeten Browser auf dem Markt:<\/p>\n<p>&nbsp;<\/p>\n<ul>\n<li>Weitere Informationen \u00fcber die Verwendung des <em>Cookies<\/em> unter <em><u><a href=\"https:\/\/support.google.com\/chrome\/answer\/95647?hl=es\" target=\"_blank\" rel=\"noopener noreferrer\">Google Chrome<\/a><\/u><\/em><\/li>\n<li>Weitere Informationen \u00fcber die Verwendung des <em>Cookies<\/em> unter <em><u><a href=\"https:\/\/support.microsoft.com\/es-es\/help\/17442\/windows-internet-explorer-delete-manage-cookies\" target=\"_blank\" rel=\"noopener noreferrer\">Internet Explorer<\/a><\/u><\/em><\/li>\n<li>Weitere Informationen \u00fcber die Verwendung des <em>Cookies<\/em> unter <em><u><a href=\"https:\/\/support.mozilla.org\/es\/kb\/habilitar-y-deshabilitar-cookies-sitios-web-rastrear-preferencias?redirectlocale=es&amp;as=s&amp;s=cookies&amp;r=7&amp;esab=a&amp;redirectslug=habilitar-y-deshabilitar-cookies-que-los-sitios-we\" target=\"_blank\" rel=\"noopener noreferrer\">Firefox<\/a><\/u><\/em><\/li>\n<li>Weitere Informationen \u00fcber die Verwendung des <em>Cookies<\/em> unter <em><u><a href=\"https:\/\/support.apple.com\/es-es\/HT201265\" target=\"_blank\" rel=\"noopener noreferrer\">Safari<\/a><\/u><\/em><\/li>\n<\/ul>\n<p>&nbsp;<\/p>\n<p>Bei den meisten Browsern k\u00f6nnen Sie einen privaten Modus aktivieren, in dem die <em>Cookies<\/em> werden nach Ihrem Besuch immer gel\u00f6scht. Je nach Browser kann dieser private Modus unterschiedliche Namen haben. F\u00fcr die g\u00e4ngigsten Browser sind dies die verschiedenen Namen dieses \"privaten Modus\":<\/p>\n<p>&nbsp;<\/p>\n<ul>\n<li>Internet Explorer 8 und h\u00f6her; InPrivate<\/li>\n<li>Safari 2 und h\u00f6her; Privates Surfen<\/li>\n<li>Opera 10.5 und h\u00f6her; Privates Surfen<\/li>\n<li>FireFox 3.5 und h\u00f6her; Private Browsing<\/li>\n<li>Google Chrome 10 und h\u00f6her; Inkognito<\/li>\n<\/ul>\n<p>&nbsp;<\/p>\n<h4><strong>3. Liste und Beschreibung der Cookies<\/strong><\/h4>\n<p>Die folgenden Tabellen geben einen schematischen \u00dcberblick \u00fcber die <em>Cookies<\/em> die oben beschrieben und auf der DESERTANDO Website verwendet werden:<\/p>\n\n\t\t<\/div> \n\t<\/div> <\/div><\/div><\/div><\/div><\/div><div      class=\"vc_row wpb_row section vc_row-fluid  grid_section\" style=' text-align:center;'><div class=\"section_inner clearfix\"><div class='section_inner_margin clearfix'><div class=\"wpb_column vc_column_container vc_col-sm-12\"><div class=\"vc_column-inner\"><div class=\"wpb_wrapper\">\t<div class=\"vc_empty_space\"  style=\"height: 32px\" ><span\n\t\t\tclass=\"vc_empty_space_inner\">\n\t\t\t<span class=\"empty_space_image\"  ><\/span>\n\t\t<\/span><\/div>\n\n<\/div><\/div><\/div><\/div><\/div><\/div><div      class=\"vc_row wpb_row section vc_row-fluid  grid_section\" style=' text-align:center;'><div class=\"section_inner clearfix\"><div class='section_inner_margin clearfix'><div class=\"wpb_column vc_column_container vc_col-sm-12\"><div class=\"vc_column-inner\"><div class=\"wpb_wrapper\">\n\t<div class=\"wpb_text_column wpb_content_element  vc_custom_1575545390507\">\n\t\t<div class=\"wpb_wrapper\">\n\t\t\t<table style=\"border: solid 2px;\" width=\"100%\" cellspacing=\"0\" cellpadding=\"10\" align=\"center\">\n<thead>\n<tr>\n<td style=\"border: solid 2px;\">Name des <em>Cookie<\/em><\/td>\n<td style=\"border: solid 2px;\">Verfall<\/td>\n<td style=\"border: solid 2px;\">Verwendung von <em>Cookie<\/em><\/td>\n<\/tr>\n<\/thead>\n<tbody>\n<tr>\n<td style=\"border: 1px solid; text-align: left;\">_utma<\/td>\n<td style=\"border: 1px solid; text-align: left;\">2 Jahre<\/td>\n<td style=\"border: 1px solid; text-align: left;\">Analytische Cookies (Google Analytics): Speichert die Anzahl der Besuche jedes Nutzers, den Zeitpunkt des ersten Besuchs, den vorherigen Besuch und den aktuellen Besuch.<\/td>\n<\/tr>\n<tr>\n<td style=\"border: solid 1px; text-align: left;\">_utmb<\/td>\n<td style=\"border: solid 1px; text-align: left;\">Sitzung<\/td>\n<td style=\"border: 1px solid; text-align: left;\">Analytische Cookies (Google Analytics): Sie werden verwendet, um zu \u00fcberpr\u00fcfen, wie lange Sie auf einer Website bleiben.<\/td>\n<\/tr>\n<tr>\n<td style=\"border: solid 1px; text-align: left;\">_utmc<\/td>\n<td style=\"border: solid 1px; text-align: left;\">Sitzung<\/td>\n<td style=\"border: 1px solid; text-align: left;\">Analytische Cookies (Google Analytics): Werden verwendet, um zu \u00fcberpr\u00fcfen, wie lange Sie auf einer Website bleiben.<\/td>\n<\/tr>\n<tr>\n<td style=\"border: solid 1px; text-align: left;\">_utmz<\/td>\n<td style=\"border: 1px solid; text-align: left;\">6 Monate<\/td>\n<td style=\"border: solid 1px; text-align: left;\">Analytische Cookies (Google Analytics): Seiten, von denen ein Besucher kam (Suchmaschine, Suchbegriff, Link).<\/td>\n<\/tr>\n<tr>\n<td style=\"border: solid 1px; text-align: left;\">_ga<\/td>\n<td style=\"border: 1px solid; text-align: left;\">2 Jahre<\/td>\n<td style=\"border: solid 1px; text-align: left;\">Analytische Cookies (Google Analytics): Verwendet eine anonyme Kennung, um anonyme Nutzer zu unterscheiden und Analysen der Nutzerinteraktionen in der Anwendung durchzuf\u00fchren, um die angebotenen Dienste zu optimieren.<\/td>\n<\/tr>\n<tr>\n<td style=\"border: solid 1px; text-align: left;\">_gat<\/td>\n<td style=\"border: 1px solid; text-align: left;\">10 Minuten ab Erstellung oder \u00c4nderung<\/td>\n<td style=\"border: solid 1px; text-align: left;\">Analytische Cookies (Google Analytics): Dient zur Unterscheidung zwischen den verschiedenen Tracking-Objekten, die in der Sitzung erstellt werden. Das Cookie wird erstellt, wenn die Javascript-Bibliothek geladen wird und es keine vorherige Version des _gat-Cookies gibt. Das Cookie wird jedes Mal aktualisiert, wenn Sie Daten an Google Analytics senden.<\/td>\n<\/tr>\n<tr>\n<td style=\"border: solid 1px; text-align: left;\">IDE<\/td>\n<td style=\"border: 1px solid; text-align: left;\">2 Jahre<\/td>\n<td style=\"border: solid 1px; text-align: left;\">Werbe-Cookies: Diese werden verwendet, um die Werbung zu verbessern. Sie werden verwendet, um die Werbung auf Inhalte auszurichten, die f\u00fcr einen Nutzer relevant sind, die Berichterstattung \u00fcber die Kampagnenleistung zu verbessern und zu vermeiden, dass Anzeigen gezeigt werden, die der Nutzer bereits gesehen hat.<\/td>\n<\/tr>\n<tr>\n<td style=\"border: solid 1px; text-align: left;\">NID<\/td>\n<td style=\"border: 1px solid; text-align: left;\">6 Monate<\/td>\n<td style=\"border: solid 1px; text-align: left;\">Google Maps, Google + : Dies sind Cookies, die bestimmte Google-Dienstleistungen implementieren und bestimmte Pr\u00e4ferenzen speichern k\u00f6nnen, z. B. die Anzahl der Suchergebnisse pro Seite oder die Aktivierung des SafeSearch-Filters, sowie die Personalisierung der in der Google-Suche angezeigten Anzeigen, oder Social-Sharing-Cookies f\u00fcr die G+1-Empfehlungsschaltfl\u00e4che am Ende der Seiten.<\/td>\n<\/tr>\n<tr>\n<td style=\"border: solid 1px; text-align: left;\">1P_JAR<\/td>\n<td style=\"border: 1px solid; text-align: left;\">1 Monat<\/td>\n<td style=\"border: solid 1px; text-align: left;\">\u00dcbertragen Sie Daten an Google.<\/td>\n<\/tr>\n<tr>\n<td style=\"border: solid 1px; text-align: left;\">_icl_current_language<\/td>\n<td style=\"border: 1px solid; text-align: left;\">1 Tag<\/td>\n<td style=\"border: solid 1px; text-align: left;\">Identifiziert die Sprache des Benutzers.<\/td>\n<\/tr>\n<tr>\n<td style=\"border: solid 1px; text-align: left;\">PREF<\/td>\n<td style=\"border: 1px solid; text-align: left;\">8 Monate<\/td>\n<td style=\"border: solid 1px; text-align: left;\">Cookie, das Konfigurationseinstellungen speichert, wie z. B. die bevorzugte Sprache, die Anzahl der pro Seite angezeigten Suchergebnisse oder die Aktivierung des SafeSearch-Filters von Google.<\/td>\n<\/tr>\n<tr>\n<td style=\"border: solid 1px; text-align: left;\">BESUCHER_INFO1_LIVE<\/td>\n<td style=\"border: 1px solid; text-align: left;\">8 Monate<\/td>\n<td style=\"border: solid 1px; text-align: left;\">Cookie, das die besuchten, in die Website eingebetteten Videos aufzeichnet.<\/td>\n<\/tr>\n<\/tbody>\n<\/table>\n\n\t\t<\/div> \n\t<\/div> <\/div><\/div><\/div><\/div><\/div><\/div><div      class=\"vc_row wpb_row section vc_row-fluid  grid_section\" style=' text-align:center;'><div class=\"section_inner clearfix\"><div class='section_inner_margin clearfix'><div class=\"wpb_column vc_column_container vc_col-sm-12\"><div class=\"vc_column-inner\"><div class=\"wpb_wrapper\">\t<div class=\"vc_empty_space\"  style=\"height: 32px\" ><span\n\t\t\tclass=\"vc_empty_space_inner\">\n\t\t\t<span class=\"empty_space_image\"  ><\/span>\n\t\t<\/span><\/div>\n\n<\/div><\/div><\/div><\/div><\/div><\/div><div      class=\"vc_row wpb_row section vc_row-fluid\" style=' text-align:left;'><div class=\"full_section_inner clearfix\"><div class=\"wpb_column vc_column_container vc_col-sm-12\"><div class=\"vc_column-inner\"><div class=\"wpb_wrapper\">\n\t<div class=\"wpb_text_column wpb_content_element\">\n\t\t<div class=\"wpb_wrapper\">\n\t\t\t<ul>\n<li>Sie k\u00f6nnen mehr \u00fcber Cookies und Ihre Rechte als Nutzer erfahren, indem Sie den von der spanischen Datenschutzbeh\u00f6rde erstellten Leitfaden \u00fcber die Verwendung von Cookies konsultieren: <em><a href=\"https:\/\/www.aepd.es\/sites\/default\/files\/2019-12\/guia-cookies_1.pdf\">https:\/\/www.aepd.es\/sites\/default\/files\/2019-12\/guia-cookies_1.pdf<\/a><u><\/u><\/em><\/li>\n<\/ul>\n\n\t\t<\/div> \n\t<\/div> <\/div><\/div><\/div><\/div><\/div><div      class=\"vc_row wpb_row section vc_row-fluid\" style=' text-align:left;'><div class=\"full_section_inner clearfix\"><div class=\"wpb_column vc_column_container vc_col-sm-12\"><div class=\"vc_column-inner\"><div class=\"wpb_wrapper\">\t<div class=\"vc_empty_space\"  style=\"height: 200px\" ><span\n\t\t\tclass=\"vc_empty_space_inner\">\n\t\t\t<span class=\"empty_space_image\"  ><\/span>\n\t\t<\/span><\/div>\n\n<\/div><\/div><\/div><\/div><\/div>","protected":false},"excerpt":{"rendered":"Cookies-Seite Cookie-Richtlinie Cookie-Informationen Die Domain www.desertando.com...","protected":false},"author":1,"featured_media":0,"parent":0,"menu_order":0,"comment_status":"closed","ping_status":"closed","template":"","meta":{"footnotes":""},"yoast_head":"<!-- This site is optimized with the Yoast SEO plugin v23.5 - https:\/\/yoast.com\/wordpress\/plugins\/seo\/ -->\n<title>Pol\u00edtica de Cookies - Desertando<\/title>\n<meta name=\"robots\" content=\"index, follow, max-snippet:-1, max-image-preview:large, max-video-preview:-1\" \/>\n<link rel=\"canonical\" href=\"https:\/\/desertando.com\/de\/politica-de-cookies\/\" \/>\n<meta property=\"og:locale\" content=\"de_DE\" \/>\n<meta property=\"og:type\" content=\"article\" \/>\n<meta property=\"og:title\" content=\"Pol\u00edtica de Cookies - Desertando\" \/>\n<meta property=\"og:url\" content=\"https:\/\/desertando.com\/de\/politica-de-cookies\/\" \/>\n<meta property=\"og:site_name\" content=\"Desertando\" \/>\n<meta property=\"article:modified_time\" content=\"2024-01-30T17:06:42+00:00\" \/>\n<meta name=\"twitter:card\" content=\"summary_large_image\" \/>\n<meta name=\"twitter:label1\" content=\"Gesch\u00e4tzte Lesezeit\" \/>\n\t<meta name=\"twitter:data1\" content=\"7\u00a0Minuten\" \/>\n<script type=\"application\/ld+json\" class=\"yoast-schema-graph\">{\"@context\":\"https:\/\/schema.org\",\"@graph\":[{\"@type\":\"WebPage\",\"@id\":\"https:\/\/desertando.com\/politica-de-cookies\/\",\"url\":\"https:\/\/desertando.com\/politica-de-cookies\/\",\"name\":\"Pol\u00edtica de Cookies - Desertando\",\"isPartOf\":{\"@id\":\"https:\/\/desertando.com\/#website\"},\"datePublished\":\"2019-12-05T10:49:38+00:00\",\"dateModified\":\"2024-01-30T17:06:42+00:00\",\"breadcrumb\":{\"@id\":\"https:\/\/desertando.com\/politica-de-cookies\/#breadcrumb\"},\"inLanguage\":\"de\",\"potentialAction\":[{\"@type\":\"ReadAction\",\"target\":[\"https:\/\/desertando.com\/politica-de-cookies\/\"]}]},{\"@type\":\"BreadcrumbList\",\"@id\":\"https:\/\/desertando.com\/politica-de-cookies\/#breadcrumb\",\"itemListElement\":[{\"@type\":\"ListItem\",\"position\":1,\"name\":\"Portada\",\"item\":\"https:\/\/desertando.com\/\"},{\"@type\":\"ListItem\",\"position\":2,\"name\":\"Pol\u00edtica de Cookies\"}]},{\"@type\":\"WebSite\",\"@id\":\"https:\/\/desertando.com\/#website\",\"url\":\"https:\/\/desertando.com\/\",\"name\":\"Desertando\",\"description\":\"Viajando por los desiertos de \u00c1frica\",\"publisher\":{\"@id\":\"https:\/\/desertando.com\/#organization\"},\"potentialAction\":[{\"@type\":\"SearchAction\",\"target\":{\"@type\":\"EntryPoint\",\"urlTemplate\":\"https:\/\/desertando.com\/?s={search_term_string}\"},\"query-input\":{\"@type\":\"PropertyValueSpecification\",\"valueRequired\":true,\"valueName\":\"search_term_string\"}}],\"inLanguage\":\"de\"},{\"@type\":\"Organization\",\"@id\":\"https:\/\/desertando.com\/#organization\",\"name\":\"Desertando Club de Aventuras\",\"url\":\"https:\/\/desertando.com\/\",\"logo\":{\"@type\":\"ImageObject\",\"inLanguage\":\"de\",\"@id\":\"https:\/\/desertando.com\/#\/schema\/logo\/image\/\",\"url\":\"https:\/\/desertando.com\/wp-content\/uploads\/2020\/02\/logo_1_marron.png\",\"contentUrl\":\"https:\/\/desertando.com\/wp-content\/uploads\/2020\/02\/logo_1_marron.png\",\"width\":190,\"height\":60,\"caption\":\"Desertando Club de Aventuras\"},\"image\":{\"@id\":\"https:\/\/desertando.com\/#\/schema\/logo\/image\/\"}}]}<\/script>\n<!-- \/ Yoast SEO plugin. -->","yoast_head_json":{"title":"Pol\u00edtica de Cookies - Desertando","robots":{"index":"index","follow":"follow","max-snippet":"max-snippet:-1","max-image-preview":"max-image-preview:large","max-video-preview":"max-video-preview:-1"},"canonical":"https:\/\/desertando.com\/de\/politica-de-cookies\/","og_locale":"de_DE","og_type":"article","og_title":"Pol\u00edtica de Cookies - Desertando","og_url":"https:\/\/desertando.com\/de\/politica-de-cookies\/","og_site_name":"Desertando","article_modified_time":"2024-01-30T17:06:42+00:00","twitter_card":"summary_large_image","twitter_misc":{"Gesch\u00e4tzte Lesezeit":"7\u00a0Minuten"},"schema":{"@context":"https:\/\/schema.org","@graph":[{"@type":"WebPage","@id":"https:\/\/desertando.com\/politica-de-cookies\/","url":"https:\/\/desertando.com\/politica-de-cookies\/","name":"Pol\u00edtica de Cookies - Desertando","isPartOf":{"@id":"https:\/\/desertando.com\/#website"},"datePublished":"2019-12-05T10:49:38+00:00","dateModified":"2024-01-30T17:06:42+00:00","breadcrumb":{"@id":"https:\/\/desertando.com\/politica-de-cookies\/#breadcrumb"},"inLanguage":"de","potentialAction":[{"@type":"ReadAction","target":["https:\/\/desertando.com\/politica-de-cookies\/"]}]},{"@type":"BreadcrumbList","@id":"https:\/\/desertando.com\/politica-de-cookies\/#breadcrumb","itemListElement":[{"@type":"ListItem","position":1,"name":"Portada","item":"https:\/\/desertando.com\/"},{"@type":"ListItem","position":2,"name":"Pol\u00edtica de Cookies"}]},{"@type":"WebSite","@id":"https:\/\/desertando.com\/#website","url":"https:\/\/desertando.com\/","name":"Desertando","description":"Viajando por los desiertos de \u00c1frica","publisher":{"@id":"https:\/\/desertando.com\/#organization"},"potentialAction":[{"@type":"SearchAction","target":{"@type":"EntryPoint","urlTemplate":"https:\/\/desertando.com\/?s={search_term_string}"},"query-input":{"@type":"PropertyValueSpecification","valueRequired":true,"valueName":"search_term_string"}}],"inLanguage":"de"},{"@type":"Organization","@id":"https:\/\/desertando.com\/#organization","name":"Desertando Club de Aventuras","url":"https:\/\/desertando.com\/","logo":{"@type":"ImageObject","inLanguage":"de","@id":"https:\/\/desertando.com\/#\/schema\/logo\/image\/","url":"https:\/\/desertando.com\/wp-content\/uploads\/2020\/02\/logo_1_marron.png","contentUrl":"https:\/\/desertando.com\/wp-content\/uploads\/2020\/02\/logo_1_marron.png","width":190,"height":60,"caption":"Desertando Club de Aventuras"},"image":{"@id":"https:\/\/desertando.com\/#\/schema\/logo\/image\/"}}]}},"post_mailing_queue_ids":[],"_links":{"self":[{"href":"https:\/\/desertando.com\/de\/wp-json\/wp\/v2\/pages\/5104"}],"collection":[{"href":"https:\/\/desertando.com\/de\/wp-json\/wp\/v2\/pages"}],"about":[{"href":"https:\/\/desertando.com\/de\/wp-json\/wp\/v2\/types\/page"}],"author":[{"embeddable":true,"href":"https:\/\/desertando.com\/de\/wp-json\/wp\/v2\/users\/1"}],"replies":[{"embeddable":true,"href":"https:\/\/desertando.com\/de\/wp-json\/wp\/v2\/comments?post=5104"}],"version-history":[{"count":8,"href":"https:\/\/desertando.com\/de\/wp-json\/wp\/v2\/pages\/5104\/revisions"}],"predecessor-version":[{"id":7711,"href":"https:\/\/desertando.com\/de\/wp-json\/wp\/v2\/pages\/5104\/revisions\/7711"}],"wp:attachment":[{"href":"https:\/\/desertando.com\/de\/wp-json\/wp\/v2\/media?parent=5104"}],"curies":[{"name":"wp","href":"https:\/\/api.w.org\/{rel}","templated":true}]}}