{"id":514,"date":"2019-11-07T13:26:28","date_gmt":"2019-11-07T12:26:28","guid":{"rendered":"http:\/\/desertando.com\/?page_id=514"},"modified":"2024-01-22T13:29:47","modified_gmt":"2024-01-22T12:29:47","slug":"africa-occidental","status":"publish","type":"page","link":"https:\/\/desertando.com\/de\/nuestras-rutas\/africa-occidental\/","title":{"rendered":"Westafrika"},"content":{"rendered":"<div      class=\"vc_row wpb_row section vc_row-fluid\" style=' text-align:left;'><div class=\"full_section_inner clearfix\"><div class=\"wpb_column vc_column_container vc_col-sm-12\"><div class=\"vc_column-inner\"><div class=\"wpb_wrapper\">\n\t<div class=\"wpb_single_image wpb_content_element vc_align_center\">\n\t\t<div class=\"wpb_wrapper\">\n\t\t\t\n\t\t\t<div class=\"vc_single_image-wrapper   vc_box_border_grey\"><img loading=\"lazy\" decoding=\"async\" width=\"1920\" height=\"580\" src=\"https:\/\/desertando.com\/wp-content\/uploads\/2019\/11\/Lagos-de-ubari-mas-dunas8.jpg\" class=\"vc_single_image-img attachment-full\" alt=\"\" srcset=\"https:\/\/desertando.com\/wp-content\/uploads\/2019\/11\/Lagos-de-ubari-mas-dunas8.jpg 1920w, https:\/\/desertando.com\/wp-content\/uploads\/2019\/11\/Lagos-de-ubari-mas-dunas8-300x91.jpg 300w, https:\/\/desertando.com\/wp-content\/uploads\/2019\/11\/Lagos-de-ubari-mas-dunas8-768x232.jpg 768w, https:\/\/desertando.com\/wp-content\/uploads\/2019\/11\/Lagos-de-ubari-mas-dunas8-1024x309.jpg 1024w, https:\/\/desertando.com\/wp-content\/uploads\/2019\/11\/Lagos-de-ubari-mas-dunas8-700x211.jpg 700w\" sizes=\"(max-width: 1920px) 100vw, 1920px\" \/><\/div>\n\t\t<\/div>\n\t<\/div>\n\t<div class=\"vc_empty_space\"  style=\"height: 20px\" ><span\n\t\t\tclass=\"vc_empty_space_inner\">\n\t\t\t<span class=\"empty_space_image\"  ><\/span>\n\t\t<\/span><\/div>\n\n<\/div><\/div><\/div><\/div><\/div><div      class=\"vc_row wpb_row section vc_row-fluid  grid_section\" style=' padding-top:20px; padding-bottom:0px; text-align:center;'><div class=\"section_inner clearfix\"><div class='section_inner_margin clearfix'><div class=\"wpb_column vc_column_container vc_col-sm-12\"><div class=\"vc_column-inner\"><div class=\"wpb_wrapper\">\t\t<div class=\"mega-line-container ma_heading_wrap185\">\r\n\t\t\t\r\n\t\t\t\r\n\t\t    \t\t\t    <div class=\"mega-line-bottom\" style=\"text-align: center;\">  \r\n\t\t\t        <h2 style=\"font-size: 48px; color: #3e3a3b; text-transform: default; ;\">\r\n\t\t\t        \tWestafrika\t\t\t        <\/h2>\r\n\t\t\t        <div class=\"heading_desc\" style=\"line-height: 1;\">\r\n\t\t\t        \t\t\t\t        <\/div>\r\n\t\t\t        <span style=\"width: 230px; border-top: 2px solid #c89454;\"><\/span>\r\n\t\t\t    <\/div>\r\n\t\t    \r\n\t\t    \r\n\t\t    \r\n\t\t          \t<\/div>\r\n\r\n      \t<style>\r\n\t\t\t.ma_heading_wrap185 .heading_desc *{\r\n\t\t\t\tfont-size: px;\r\n\t\t\t\t;\r\n\t\t\t}\r\n      \t<\/style>\r\n\t\t\t<div class=\"vc_empty_space\"  style=\"height: 70px\" ><span\n\t\t\tclass=\"vc_empty_space_inner\">\n\t\t\t<span class=\"empty_space_image\"  ><\/span>\n\t\t<\/span><\/div>\n\n<\/div><\/div><\/div><\/div><\/div><\/div><div      class=\"vc_row wpb_row section vc_row-fluid  grid_section\" style=' text-align:left;'><div class=\"section_inner clearfix\"><div class='section_inner_margin clearfix'><div class=\"wpb_column vc_column_container vc_col-sm-3\"><div class=\"vc_column-inner\"><div class=\"wpb_wrapper\"><div class='image_hover' style='' data-transition-delay=''><div class='images_holder'><a itemprop='url' href='https:\/\/desertando.com\/index.php\/nuestras-rutas\/africa-occidental\/benin-magico-tierra-del-vudu\/' target='_self'><img itemprop='image' class='active_image' src='https:\/\/desertando.com\/wp-content\/uploads\/2020\/01\/Benin-imagen-intermedia-650x435-1.jpg' alt='' style='' \/><img itemprop='image' class='hover_image' src='https:\/\/desertando.com\/wp-content\/uploads\/2020\/02\/mapa-benin-magico.jpg' alt='' style='' \/><\/a><\/div><\/div>\t<div class=\"vc_empty_space\"  style=\"height: 30px\" ><span\n\t\t\tclass=\"vc_empty_space_inner\">\n\t\t\t<span class=\"empty_space_image\"  ><\/span>\n\t\t<\/span><\/div>\n\n\n\t<div class=\"wpb_text_column wpb_content_element\">\n\t\t<div class=\"wpb_wrapper\">\n\t\t\t<h3 style=\"text-align: center;\"><a href=\"https:\/\/desertando.com\/index.php\/nuestras-rutas\/africa-occidental\/benin-magico-tierra-del-vudu\/\"><span style=\"font-size: 22px; color: #c89454;\">Das magische Benin. Das Land des Voodoo<\/span><\/a><\/h3>\n<p style=\"text-align: center;\"><span style=\"color: #c89454;\"><a style=\"color: #c89454;\" href=\"https:\/\/desertando.com\/index.php\/nuestras-rutas\/africa-occidental\/benin-magico-tierra-del-vudu\/\">(Benin)<\/a><\/span><\/p>\n\n\t\t<\/div> \n\t<\/div> <div      class=\"vc_row wpb_row section vc_row-fluid vc_inner\" style=' text-align:left;'><div class=\"full_section_inner clearfix\"><div class=\"wpb_column vc_column_container vc_col-sm-12 vc_hidden-lg vc_hidden-md vc_hidden-sm\"><div class=\"vc_column-inner\"><div class=\"wpb_wrapper\">\t<div class=\"vc_empty_space\"  style=\"height: 70px\" ><span\n\t\t\tclass=\"vc_empty_space_inner\">\n\t\t\t<span class=\"empty_space_image\"  ><\/span>\n\t\t<\/span><\/div>\n\n<\/div><\/div><\/div><\/div><\/div><\/div><\/div><\/div><div class=\"wpb_column vc_column_container vc_col-sm-3\"><div class=\"vc_column-inner\"><div class=\"wpb_wrapper\"><div class='image_hover' style='' data-transition-delay=''><div class='images_holder'><a itemprop='url' href='https:\/\/desertando.com\/index.php\/nuestras-rutas\/africa-occidental\/gambia-por-el-pais-de-la-sonrisa\/' target='_self'><img itemprop='image' class='active_image' src='https:\/\/desertando.com\/wp-content\/uploads\/2020\/01\/Gambia-imagen-intermedia-650x435-1.jpg' alt='' style='' \/><img itemprop='image' class='hover_image' src='https:\/\/desertando.com\/wp-content\/uploads\/2020\/02\/mapa-gambia.jpg' alt='' style='' \/><\/a><\/div><\/div>\t<div class=\"vc_empty_space\"  style=\"height: 30px\" ><span\n\t\t\tclass=\"vc_empty_space_inner\">\n\t\t\t<span class=\"empty_space_image\"  ><\/span>\n\t\t<\/span><\/div>\n\n\n\t<div class=\"wpb_text_column wpb_content_element\">\n\t\t<div class=\"wpb_wrapper\">\n\t\t\t<h3 style=\"text-align: center;\"><a href=\"https:\/\/desertando.com\/index.php\/nuestras-rutas\/africa-occidental\/gambia-por-el-pais-de-la-sonrisa\/\"><span style=\"font-size: 22px; color: #c89454;\">F\u00fcr das Land des L\u00e4chelns<\/span><\/a><\/h3>\n<p style=\"text-align: center;\"><span style=\"color: #c89454;\"><a style=\"color: #c89454;\" href=\"https:\/\/desertando.com\/index.php\/nuestras-rutas\/africa-occidental\/gambia-por-el-pais-de-la-sonrisa\/\">(Gambia)<\/a><\/span><\/p>\n\n\t\t<\/div> \n\t<\/div> <div      class=\"vc_row wpb_row section vc_row-fluid vc_inner\" style=' text-align:left;'><div class=\"full_section_inner clearfix\"><div class=\"wpb_column vc_column_container vc_col-sm-12 vc_hidden-lg vc_hidden-md vc_hidden-sm\"><div class=\"vc_column-inner\"><div class=\"wpb_wrapper\">\t<div class=\"vc_empty_space\"  style=\"height: 70px\" ><span\n\t\t\tclass=\"vc_empty_space_inner\">\n\t\t\t<span class=\"empty_space_image\"  ><\/span>\n\t\t<\/span><\/div>\n\n<\/div><\/div><\/div><\/div><\/div><\/div><\/div><\/div><div class=\"wpb_column vc_column_container vc_col-sm-3\"><div class=\"vc_column-inner\"><div class=\"wpb_wrapper\"><div class='image_hover' style='' data-transition-delay=''><div class='images_holder'><a itemprop='url' href='https:\/\/desertando.com\/index.php\/nuestras-rutas\/africa-occidental\/senegal-los-secretos-de-la-costa-norte\/' target='_self'><img itemprop='image' class='active_image' src='https:\/\/desertando.com\/wp-content\/uploads\/2020\/01\/senegal-costa-norte-imagen-intermedia-650x435-1.jpg' alt='' style='' \/><img itemprop='image' class='hover_image' src='https:\/\/desertando.com\/wp-content\/uploads\/2020\/02\/mapa-senegal.jpg' alt='' style='' \/><\/a><\/div><\/div>\t<div class=\"vc_empty_space\"  style=\"height: 30px\" ><span\n\t\t\tclass=\"vc_empty_space_inner\">\n\t\t\t<span class=\"empty_space_image\"  ><\/span>\n\t\t<\/span><\/div>\n\n\n\t<div class=\"wpb_text_column wpb_content_element\">\n\t\t<div class=\"wpb_wrapper\">\n\t\t\t<h3 style=\"text-align: center;\"><a href=\"https:\/\/desertando.com\/index.php\/nuestras-rutas\/africa-occidental\/senegal-los-secretos-de-la-costa-norte\/\"><span style=\"font-size: 22px; color: #c89454;\">Die Geheimnisse der Nordk\u00fcste<\/span><\/a><\/h3>\n<p style=\"text-align: center;\"><span style=\"color: #c89454;\"><a style=\"color: #c89454;\" href=\"https:\/\/desertando.com\/index.php\/nuestras-rutas\/africa-occidental\/senegal-los-secretos-de-la-costa-norte\/\">(Senegal)<\/a><\/span><\/p>\n\n\t\t<\/div> \n\t<\/div> <div      class=\"vc_row wpb_row section vc_row-fluid vc_inner\" style=' text-align:left;'><div class=\"full_section_inner clearfix\"><div class=\"wpb_column vc_column_container vc_col-sm-12 vc_hidden-lg vc_hidden-md vc_hidden-sm\"><div class=\"vc_column-inner\"><div class=\"wpb_wrapper\">\t<div class=\"vc_empty_space\"  style=\"height: 70px\" ><span\n\t\t\tclass=\"vc_empty_space_inner\">\n\t\t\t<span class=\"empty_space_image\"  ><\/span>\n\t\t<\/span><\/div>\n\n<\/div><\/div><\/div><\/div><\/div><\/div><\/div><\/div><div class=\"wpb_column vc_column_container vc_col-sm-3\"><div class=\"vc_column-inner\"><div class=\"wpb_wrapper\"><div class='image_hover' style='' data-transition-delay=''><div class='images_holder'><a itemprop='url' href='https:\/\/desertando.com\/index.php\/nuestras-rutas\/africa-occidental\/senegal-remoto-de-la-casamance-al-pais-bassari\/' target='_self'><img itemprop='image' class='active_image' src='https:\/\/desertando.com\/wp-content\/uploads\/2020\/01\/Senegal-imagen-intermedia-650x435-1.jpg' alt='' style='' \/><img itemprop='image' class='hover_image' src='https:\/\/desertando.com\/wp-content\/uploads\/2020\/02\/mapa-senegal-remoto.jpg' alt='' style='' \/><\/a><\/div><\/div>\t<div class=\"vc_empty_space\"  style=\"height: 30px\" ><span\n\t\t\tclass=\"vc_empty_space_inner\">\n\t\t\t<span class=\"empty_space_image\"  ><\/span>\n\t\t<\/span><\/div>\n\n\n\t<div class=\"wpb_text_column wpb_content_element\">\n\t\t<div class=\"wpb_wrapper\">\n\t\t\t<h3 style=\"text-align: center;\"><a href=\"https:\/\/desertando.com\/index.php\/nuestras-rutas\/africa-occidental\/senegal-remoto-de-la-casamance-al-pais-bassari\/\"><span style=\"font-size: 22px; color: #c89454;\">Der entlegene Senegal. Von der Casamance bis zum Bassari-Land<\/span><\/a><\/h3>\n<p style=\"text-align: center;\"><span style=\"color: #c89454;\"><a style=\"color: #c89454;\" href=\"https:\/\/desertando.com\/index.php\/nuestras-rutas\/africa-occidental\/senegal-remoto-de-la-casamance-al-pais-bassari\/\">(Senegal)<\/a><\/span><\/p>\n\n\t\t<\/div> \n\t<\/div> <\/div><\/div><\/div><\/div><\/div><\/div><div      class=\"vc_row wpb_row section vc_row-fluid\" style=' text-align:left;'><div class=\"full_section_inner clearfix\"><div class=\"wpb_column vc_column_container vc_col-sm-12\"><div class=\"vc_column-inner\"><div class=\"wpb_wrapper\">\t<div class=\"vc_empty_space\"  style=\"height: 40px\" ><span\n\t\t\tclass=\"vc_empty_space_inner\">\n\t\t\t<span class=\"empty_space_image\"  ><\/span>\n\t\t<\/span><\/div>\n\n<\/div><\/div><\/div><\/div><\/div><div      class=\"vc_row wpb_row section vc_row-fluid  grid_section\" style=' padding-top:20px; padding-bottom:0px; text-align:center;'><div class=\"section_inner clearfix\"><div class='section_inner_margin clearfix'><div class=\"wpb_column vc_column_container vc_col-sm-12\"><div class=\"vc_column-inner\"><div class=\"wpb_wrapper\"><div class=\"separator  small center\" style=\"background-color: #c89454;height: 1px;width: 70%;\"><\/div>\n<\/div><\/div><\/div><\/div><\/div><\/div><div      class=\"vc_row wpb_row section vc_row-fluid\" style=' text-align:left;'><div class=\"full_section_inner clearfix\"><div class=\"wpb_column vc_column_container vc_col-sm-12\"><div class=\"vc_column-inner\"><div class=\"wpb_wrapper\">\t<div class=\"vc_empty_space\"  style=\"height: 40px\" ><span\n\t\t\tclass=\"vc_empty_space_inner\">\n\t\t\t<span class=\"empty_space_image\"  ><\/span>\n\t\t<\/span><\/div>\n\n<\/div><\/div><\/div><\/div><\/div><div      class=\"vc_row wpb_row section vc_row-fluid  grid_section\" style=' text-align:left;'><div class=\"section_inner clearfix\"><div class='section_inner_margin clearfix'><div class=\"wpb_column vc_column_container vc_col-sm-12\"><div class=\"vc_column-inner\"><div class=\"wpb_wrapper\">\n\t<div class=\"wpb_text_column wpb_content_element\">\n\t\t<div class=\"wpb_wrapper\">\n\t\t\t<p>Diesmal entfernen wir uns kurzzeitig von den W\u00fcsten der <strong>Sahara<\/strong> um tief in die Savanne und die dichten Regenw\u00e4lder der Westk\u00fcste vorzudringen. Es ist ein Land der gro\u00dfen Kontraste, das Ihnen das Abenteuer bietet, die Quelle des Regenwaldes zu entdecken. <strong>Niger,<\/strong> in den Bergen von <strong>Fouta Djalon,<\/strong> den Luxus des Segelns auf dem <strong>Gambia<\/strong> mit einem privaten Boot. Von der Entspannung an den abgelegenen Str\u00e4nden des <strong>Casamance,<\/strong> das gesch\u00e4ftige Treiben bei der Ankunft der Fischer an den Str\u00e4nden von <strong>Tanji<\/strong>. Lernen Sie mit unseren Routen die Inseln kennen <strong>Bijagos<\/strong>Das letzte unber\u00fchrte Paradies oder lassen Sie sich \u00fcberraschen von der Magie des Voodoo oder den unglaublichen Festungen der <em>Somba<\/em>.<\/p>\n<p>Unvergesslich <em>trekkings<\/em>Wildnis, paradiesische Str\u00e4nde, verlorene D\u00f6rfer, ethnische Vielfalt, bunte M\u00e4rkte, gutes Essen, bessere Musik und... Magie, viel Magie, denn das ist es, was die <em>Voodoo<\/em>. Das ist es, was die <strong>Westafrika<\/strong>\u00a0Und wenn Sie sich f\u00fcr Geschichte interessieren, k\u00f6nnen Sie auch die L\u00e4nder des Reichs der <strong>Ghana<\/strong>der des <em>Mossi<\/em> oder die <em>K\u00f6nigreich Dahomey<\/em>wir werden auf den Fl\u00fcssen segeln <strong>Senegal<\/strong>, <strong>Niger<\/strong> o <strong>Gambia<\/strong>wo viele der gro\u00dfen Erkundungen auf der Suche nach der verlorenen Legende der <strong>Timbuktu<\/strong>. Wir werden besuchen <strong>Dakar<\/strong> y <strong>St. Louis<\/strong>\u00a0wo die mythischen Stationen der <em>aeropostale<\/em> und besichtigen Sie die Festungen an der Sklavenk\u00fcste.<\/p>\n<p>Kurz gesagt, <strong>Afrika<\/strong> in seiner reinsten Form.<\/p>\n\n\t\t<\/div> \n\t<\/div> <\/div><\/div><\/div><\/div><\/div><\/div><div      class=\"vc_row wpb_row section vc_row-fluid\" style=' text-align:left;'><div class=\"full_section_inner clearfix\"><div class=\"wpb_column vc_column_container vc_col-sm-12\"><div class=\"vc_column-inner\"><div class=\"wpb_wrapper\">\t<div class=\"vc_empty_space\"  style=\"height: 100px\" ><span\n\t\t\tclass=\"vc_empty_space_inner\">\n\t\t\t<span class=\"empty_space_image\"  ><\/span>\n\t\t<\/span><\/div>\n\n<\/div><\/div><\/div><\/div><\/div>","protected":false},"excerpt":{"rendered":"Westafrika Das magische Benin. Das Land des Voodoo (Benin) Durch das Land...","protected":false},"author":1,"featured_media":0,"parent":146,"menu_order":0,"comment_status":"closed","ping_status":"closed","template":"full_width.php","meta":{"footnotes":""},"yoast_head":"<!-- This site is optimized with the Yoast SEO plugin v23.5 - https:\/\/yoast.com\/wordpress\/plugins\/seo\/ -->\n<title>\u00c1frica Occidental - Desertando<\/title>\n<meta name=\"description\" content=\"Nos alejamos de los desiertos del S\u00e1hara para internarnos en la sabana y las densas selvas tropicales de la costa de \u00c1frica occidental.\" \/>\n<meta name=\"robots\" content=\"index, follow, max-snippet:-1, max-image-preview:large, max-video-preview:-1\" \/>\n<link rel=\"canonical\" href=\"https:\/\/desertando.com\/de\/nuestras-rutas\/africa-occidental\/\" \/>\n<meta property=\"og:locale\" content=\"de_DE\" \/>\n<meta property=\"og:type\" content=\"article\" \/>\n<meta property=\"og:title\" content=\"\u00c1frica Occidental - Desertando\" \/>\n<meta property=\"og:description\" content=\"Nos alejamos de los desiertos del S\u00e1hara para internarnos en la sabana y las densas selvas tropicales de la costa de \u00c1frica occidental.\" \/>\n<meta property=\"og:url\" content=\"https:\/\/desertando.com\/de\/nuestras-rutas\/africa-occidental\/\" \/>\n<meta property=\"og:site_name\" content=\"Desertando\" \/>\n<meta property=\"article:modified_time\" content=\"2024-01-22T12:29:47+00:00\" \/>\n<meta name=\"twitter:card\" content=\"summary_large_image\" \/>\n<meta name=\"twitter:label1\" content=\"Gesch\u00e4tzte Lesezeit\" \/>\n\t<meta name=\"twitter:data1\" content=\"2\u00a0Minuten\" \/>\n<script type=\"application\/ld+json\" class=\"yoast-schema-graph\">{\"@context\":\"https:\/\/schema.org\",\"@graph\":[{\"@type\":\"WebPage\",\"@id\":\"https:\/\/desertando.com\/nuestras-rutas\/africa-occidental\/\",\"url\":\"https:\/\/desertando.com\/nuestras-rutas\/africa-occidental\/\",\"name\":\"\u00c1frica Occidental - Desertando\",\"isPartOf\":{\"@id\":\"https:\/\/desertando.com\/#website\"},\"datePublished\":\"2019-11-07T12:26:28+00:00\",\"dateModified\":\"2024-01-22T12:29:47+00:00\",\"description\":\"Nos alejamos de los desiertos del S\u00e1hara para internarnos en la sabana y las densas selvas tropicales de la costa de \u00c1frica occidental.\",\"breadcrumb\":{\"@id\":\"https:\/\/desertando.com\/nuestras-rutas\/africa-occidental\/#breadcrumb\"},\"inLanguage\":\"de\",\"potentialAction\":[{\"@type\":\"ReadAction\",\"target\":[\"https:\/\/desertando.com\/nuestras-rutas\/africa-occidental\/\"]}]},{\"@type\":\"BreadcrumbList\",\"@id\":\"https:\/\/desertando.com\/nuestras-rutas\/africa-occidental\/#breadcrumb\",\"itemListElement\":[{\"@type\":\"ListItem\",\"position\":1,\"name\":\"Portada\",\"item\":\"https:\/\/desertando.com\/\"},{\"@type\":\"ListItem\",\"position\":2,\"name\":\"RUTAS\",\"item\":\"https:\/\/desertando.com\/nuestras-rutas\/\"},{\"@type\":\"ListItem\",\"position\":3,\"name\":\"\u00c1frica Occidental\"}]},{\"@type\":\"WebSite\",\"@id\":\"https:\/\/desertando.com\/#website\",\"url\":\"https:\/\/desertando.com\/\",\"name\":\"Desertando\",\"description\":\"Viajando por los desiertos de \u00c1frica\",\"publisher\":{\"@id\":\"https:\/\/desertando.com\/#organization\"},\"potentialAction\":[{\"@type\":\"SearchAction\",\"target\":{\"@type\":\"EntryPoint\",\"urlTemplate\":\"https:\/\/desertando.com\/?s={search_term_string}\"},\"query-input\":{\"@type\":\"PropertyValueSpecification\",\"valueRequired\":true,\"valueName\":\"search_term_string\"}}],\"inLanguage\":\"de\"},{\"@type\":\"Organization\",\"@id\":\"https:\/\/desertando.com\/#organization\",\"name\":\"Desertando Club de Aventuras\",\"url\":\"https:\/\/desertando.com\/\",\"logo\":{\"@type\":\"ImageObject\",\"inLanguage\":\"de\",\"@id\":\"https:\/\/desertando.com\/#\/schema\/logo\/image\/\",\"url\":\"https:\/\/desertando.com\/wp-content\/uploads\/2020\/02\/logo_1_marron.png\",\"contentUrl\":\"https:\/\/desertando.com\/wp-content\/uploads\/2020\/02\/logo_1_marron.png\",\"width\":190,\"height\":60,\"caption\":\"Desertando Club de Aventuras\"},\"image\":{\"@id\":\"https:\/\/desertando.com\/#\/schema\/logo\/image\/\"}}]}<\/script>\n<!-- \/ Yoast SEO plugin. -->","yoast_head_json":{"title":"\u00c1frica Occidental - Desertando","description":"Nos alejamos de los desiertos del S\u00e1hara para internarnos en la sabana y las densas selvas tropicales de la costa de \u00c1frica occidental.","robots":{"index":"index","follow":"follow","max-snippet":"max-snippet:-1","max-image-preview":"max-image-preview:large","max-video-preview":"max-video-preview:-1"},"canonical":"https:\/\/desertando.com\/de\/nuestras-rutas\/africa-occidental\/","og_locale":"de_DE","og_type":"article","og_title":"\u00c1frica Occidental - Desertando","og_description":"Nos alejamos de los desiertos del S\u00e1hara para internarnos en la sabana y las densas selvas tropicales de la costa de \u00c1frica occidental.","og_url":"https:\/\/desertando.com\/de\/nuestras-rutas\/africa-occidental\/","og_site_name":"Desertando","article_modified_time":"2024-01-22T12:29:47+00:00","twitter_card":"summary_large_image","twitter_misc":{"Gesch\u00e4tzte Lesezeit":"2\u00a0Minuten"},"schema":{"@context":"https:\/\/schema.org","@graph":[{"@type":"WebPage","@id":"https:\/\/desertando.com\/nuestras-rutas\/africa-occidental\/","url":"https:\/\/desertando.com\/nuestras-rutas\/africa-occidental\/","name":"\u00c1frica Occidental - Desertando","isPartOf":{"@id":"https:\/\/desertando.com\/#website"},"datePublished":"2019-11-07T12:26:28+00:00","dateModified":"2024-01-22T12:29:47+00:00","description":"Nos alejamos de los desiertos del S\u00e1hara para internarnos en la sabana y las densas selvas tropicales de la costa de \u00c1frica occidental.","breadcrumb":{"@id":"https:\/\/desertando.com\/nuestras-rutas\/africa-occidental\/#breadcrumb"},"inLanguage":"de","potentialAction":[{"@type":"ReadAction","target":["https:\/\/desertando.com\/nuestras-rutas\/africa-occidental\/"]}]},{"@type":"BreadcrumbList","@id":"https:\/\/desertando.com\/nuestras-rutas\/africa-occidental\/#breadcrumb","itemListElement":[{"@type":"ListItem","position":1,"name":"Portada","item":"https:\/\/desertando.com\/"},{"@type":"ListItem","position":2,"name":"RUTAS","item":"https:\/\/desertando.com\/nuestras-rutas\/"},{"@type":"ListItem","position":3,"name":"\u00c1frica Occidental"}]},{"@type":"WebSite","@id":"https:\/\/desertando.com\/#website","url":"https:\/\/desertando.com\/","name":"Desertando","description":"Viajando por los desiertos de \u00c1frica","publisher":{"@id":"https:\/\/desertando.com\/#organization"},"potentialAction":[{"@type":"SearchAction","target":{"@type":"EntryPoint","urlTemplate":"https:\/\/desertando.com\/?s={search_term_string}"},"query-input":{"@type":"PropertyValueSpecification","valueRequired":true,"valueName":"search_term_string"}}],"inLanguage":"de"},{"@type":"Organization","@id":"https:\/\/desertando.com\/#organization","name":"Desertando Club de Aventuras","url":"https:\/\/desertando.com\/","logo":{"@type":"ImageObject","inLanguage":"de","@id":"https:\/\/desertando.com\/#\/schema\/logo\/image\/","url":"https:\/\/desertando.com\/wp-content\/uploads\/2020\/02\/logo_1_marron.png","contentUrl":"https:\/\/desertando.com\/wp-content\/uploads\/2020\/02\/logo_1_marron.png","width":190,"height":60,"caption":"Desertando Club de Aventuras"},"image":{"@id":"https:\/\/desertando.com\/#\/schema\/logo\/image\/"}}]}},"post_mailing_queue_ids":[],"_links":{"self":[{"href":"https:\/\/desertando.com\/de\/wp-json\/wp\/v2\/pages\/514"}],"collection":[{"href":"https:\/\/desertando.com\/de\/wp-json\/wp\/v2\/pages"}],"about":[{"href":"https:\/\/desertando.com\/de\/wp-json\/wp\/v2\/types\/page"}],"author":[{"embeddable":true,"href":"https:\/\/desertando.com\/de\/wp-json\/wp\/v2\/users\/1"}],"replies":[{"embeddable":true,"href":"https:\/\/desertando.com\/de\/wp-json\/wp\/v2\/comments?post=514"}],"version-history":[{"count":18,"href":"https:\/\/desertando.com\/de\/wp-json\/wp\/v2\/pages\/514\/revisions"}],"predecessor-version":[{"id":7005,"href":"https:\/\/desertando.com\/de\/wp-json\/wp\/v2\/pages\/514\/revisions\/7005"}],"up":[{"embeddable":true,"href":"https:\/\/desertando.com\/de\/wp-json\/wp\/v2\/pages\/146"}],"wp:attachment":[{"href":"https:\/\/desertando.com\/de\/wp-json\/wp\/v2\/media?parent=514"}],"curies":[{"name":"wp","href":"https:\/\/api.w.org\/{rel}","templated":true}]}}