{"id":516,"date":"2019-11-07T13:26:59","date_gmt":"2019-11-07T12:26:59","guid":{"rendered":"http:\/\/desertando.com\/?page_id=516"},"modified":"2024-01-22T13:52:36","modified_gmt":"2024-01-22T12:52:36","slug":"africa-sahariana","status":"publish","type":"page","link":"https:\/\/desertando.com\/de\/nuestras-rutas\/africa-sahariana\/","title":{"rendered":"Afrika s\u00fcdlich der Sahara"},"content":{"rendered":"<div      class=\"vc_row wpb_row section vc_row-fluid\" style=' text-align:left;'><div class=\"full_section_inner clearfix\"><div class=\"wpb_column vc_column_container vc_col-sm-12\"><div class=\"vc_column-inner\"><div class=\"wpb_wrapper\">\n\t<div class=\"wpb_single_image wpb_content_element vc_align_center\">\n\t\t<div class=\"wpb_wrapper\">\n\t\t\t\n\t\t\t<div class=\"vc_single_image-wrapper   vc_box_border_grey\"><img loading=\"lazy\" decoding=\"async\" width=\"1920\" height=\"580\" src=\"https:\/\/desertando.com\/wp-content\/uploads\/2019\/11\/Lagos-de-ubari-mas-dunas8.jpg\" class=\"vc_single_image-img attachment-full\" alt=\"\" srcset=\"https:\/\/desertando.com\/wp-content\/uploads\/2019\/11\/Lagos-de-ubari-mas-dunas8.jpg 1920w, https:\/\/desertando.com\/wp-content\/uploads\/2019\/11\/Lagos-de-ubari-mas-dunas8-300x91.jpg 300w, https:\/\/desertando.com\/wp-content\/uploads\/2019\/11\/Lagos-de-ubari-mas-dunas8-768x232.jpg 768w, https:\/\/desertando.com\/wp-content\/uploads\/2019\/11\/Lagos-de-ubari-mas-dunas8-1024x309.jpg 1024w, https:\/\/desertando.com\/wp-content\/uploads\/2019\/11\/Lagos-de-ubari-mas-dunas8-700x211.jpg 700w\" sizes=\"(max-width: 1920px) 100vw, 1920px\" \/><\/div>\n\t\t<\/div>\n\t<\/div>\n\t<div class=\"vc_empty_space\"  style=\"height: 20px\" ><span\n\t\t\tclass=\"vc_empty_space_inner\">\n\t\t\t<span class=\"empty_space_image\"  ><\/span>\n\t\t<\/span><\/div>\n\n<\/div><\/div><\/div><\/div><\/div><div      class=\"vc_row wpb_row section vc_row-fluid  grid_section\" style=' padding-top:20px; padding-bottom:0px; text-align:center;'><div class=\"section_inner clearfix\"><div class='section_inner_margin clearfix'><div class=\"wpb_column vc_column_container vc_col-sm-12\"><div class=\"vc_column-inner\"><div class=\"wpb_wrapper\">\t\t<div class=\"mega-line-container ma_heading_wrap8\">\r\n\t\t\t\r\n\t\t\t\r\n\t\t    \t\t\t    <div class=\"mega-line-bottom\" style=\"text-align: center;\">  \r\n\t\t\t        <h2 style=\"font-size: 48px; color: #3e3a3b; text-transform: default; ;\">\r\n\t\t\t        \tAfrika s\u00fcdlich der Sahara\t\t\t        <\/h2>\r\n\t\t\t        <div class=\"heading_desc\" style=\"line-height: 1;\">\r\n\t\t\t        \t\t\t\t        <\/div>\r\n\t\t\t        <span style=\"width: 230px; border-top: 2px solid #c89454;\"><\/span>\r\n\t\t\t    <\/div>\r\n\t\t    \r\n\t\t    \r\n\t\t    \r\n\t\t          \t<\/div>\r\n\r\n      \t<style>\r\n\t\t\t.ma_heading_wrap8 .heading_desc *{\r\n\t\t\t\tfont-size: px;\r\n\t\t\t\t;\r\n\t\t\t}\r\n      \t<\/style>\r\n\t\t\t<div class=\"vc_empty_space\"  style=\"height: 70px\" ><span\n\t\t\tclass=\"vc_empty_space_inner\">\n\t\t\t<span class=\"empty_space_image\"  ><\/span>\n\t\t<\/span><\/div>\n\n<\/div><\/div><\/div><\/div><\/div><\/div><div      class=\"vc_row wpb_row section vc_row-fluid  grid_section\" style=' text-align:left;'><div class=\"section_inner clearfix\"><div class='section_inner_margin clearfix'><div class=\"wpb_column vc_column_container vc_col-sm-3\"><div class=\"vc_column-inner\"><div class=\"wpb_wrapper\"><\/div><\/div><\/div><div class=\"wpb_column vc_column_container vc_col-sm-3\"><div class=\"vc_column-inner\"><div class=\"wpb_wrapper\"><div class='image_hover' style='' data-transition-delay=''><div class='images_holder'><a itemprop='url' href='https:\/\/desertando.com\/index.php\/nuestras-rutas\/africa-sahariana\/mauritania-los-oasis-escondidos-del-ametlich\/' target='_self'><img itemprop='image' class='active_image' src='https:\/\/desertando.com\/wp-content\/uploads\/2020\/01\/Mauritania-imagen-intermedia-650x435-1.jpg' alt='' style='' \/><img itemprop='image' class='hover_image' src='https:\/\/desertando.com\/wp-content\/uploads\/2020\/02\/mapa-mauritania.jpg' alt='' style='' \/><\/a><\/div><\/div>\t<div class=\"vc_empty_space\"  style=\"height: 30px\" ><span\n\t\t\tclass=\"vc_empty_space_inner\">\n\t\t\t<span class=\"empty_space_image\"  ><\/span>\n\t\t<\/span><\/div>\n\n\n\t<div class=\"wpb_text_column wpb_content_element\">\n\t\t<div class=\"wpb_wrapper\">\n\t\t\t<h3 style=\"text-align: center;\"><a href=\"https:\/\/desertando.com\/index.php\/nuestras-rutas\/africa-sahariana\/mauritania-los-oasis-escondidos-del-ametlich\/\"><span style=\"font-size: 22px; color: #c89454;\">Die versteckten Oasen des Ametlich<\/span><\/a><\/h3>\n<p style=\"text-align: center;\"><span style=\"color: #c89454;\"><a style=\"color: #c89454;\" href=\"https:\/\/desertando.com\/index.php\/nuestras-rutas\/africa-sahariana\/mauritania-los-oasis-escondidos-del-ametlich\/\">(Mauretanien)<\/a><\/span><\/p>\n\n\t\t<\/div> \n\t<\/div> <div      class=\"vc_row wpb_row section vc_row-fluid vc_inner\" style=' text-align:left;'><div class=\"full_section_inner clearfix\"><div class=\"wpb_column vc_column_container vc_col-sm-12 vc_hidden-lg vc_hidden-md vc_hidden-sm\"><div class=\"vc_column-inner\"><div class=\"wpb_wrapper\">\t<div class=\"vc_empty_space\"  style=\"height: 70px\" ><span\n\t\t\tclass=\"vc_empty_space_inner\">\n\t\t\t<span class=\"empty_space_image\"  ><\/span>\n\t\t<\/span><\/div>\n\n<\/div><\/div><\/div><\/div><\/div><\/div><\/div><\/div><div class=\"wpb_column vc_column_container vc_col-sm-3\"><div class=\"vc_column-inner\"><div class=\"wpb_wrapper\"><div class='image_hover' style='' data-transition-delay=''><div class='images_holder'><a itemprop='url' href='https:\/\/desertando.com\/index.php\/nuestras-rutas\/africa-sahariana\/chad-ounianga-y-ennedi-el-eden-del-sahara\/' target='_self'><img itemprop='image' class='active_image' src='https:\/\/desertando.com\/wp-content\/uploads\/2020\/01\/Chad-imagen-intermedia-650x435-1.jpg' alt='' style='' \/><img itemprop='image' class='hover_image' src='https:\/\/desertando.com\/wp-content\/uploads\/2020\/02\/mapa-chad.jpg' alt='' style='' \/><\/a><\/div><\/div>\t<div class=\"vc_empty_space\"  style=\"height: 30px\" ><span\n\t\t\tclass=\"vc_empty_space_inner\">\n\t\t\t<span class=\"empty_space_image\"  ><\/span>\n\t\t<\/span><\/div>\n\n\n\t<div class=\"wpb_text_column wpb_content_element\">\n\t\t<div class=\"wpb_wrapper\">\n\t\t\t<h3 style=\"text-align: center;\"><a href=\"https:\/\/desertando.com\/index.php\/nuestras-rutas\/africa-sahariana\/chad-ounianga-y-ennedi-el-eden-del-sahara\/\"><span style=\"font-size: 22px; color: #c89454;\">Ounianga und Ennedi. Das Eden der Sahara<\/span><\/a><\/h3>\n<p style=\"text-align: center;\"><span style=\"color: #c89454;\"><a style=\"color: #c89454;\" href=\"https:\/\/desertando.com\/index.php\/nuestras-rutas\/africa-sahariana\/chad-ounianga-y-ennedi-el-eden-del-sahara\/\">(Tschad)<\/a><\/span><\/p>\n\n\t\t<\/div> \n\t<\/div> <\/div><\/div><\/div><div class=\"wpb_column vc_column_container vc_col-sm-3\"><div class=\"vc_column-inner\"><div class=\"wpb_wrapper\"><\/div><\/div><\/div><\/div><\/div><\/div><div      class=\"vc_row wpb_row section vc_row-fluid\" style=' text-align:left;'><div class=\"full_section_inner clearfix\"><div class=\"wpb_column vc_column_container vc_col-sm-12\"><div class=\"vc_column-inner\"><div class=\"wpb_wrapper\">\t<div class=\"vc_empty_space\"  style=\"height: 40px\" ><span\n\t\t\tclass=\"vc_empty_space_inner\">\n\t\t\t<span class=\"empty_space_image\"  ><\/span>\n\t\t<\/span><\/div>\n\n<\/div><\/div><\/div><\/div><\/div><div      class=\"vc_row wpb_row section vc_row-fluid  grid_section\" style=' padding-top:20px; padding-bottom:0px; text-align:center;'><div class=\"section_inner clearfix\"><div class='section_inner_margin clearfix'><div class=\"wpb_column vc_column_container vc_col-sm-12\"><div class=\"vc_column-inner\"><div class=\"wpb_wrapper\"><div class=\"separator  small center\" style=\"background-color: #c89454;height: 1px;width: 70%;\"><\/div>\n<\/div><\/div><\/div><\/div><\/div><\/div><div      class=\"vc_row wpb_row section vc_row-fluid\" style=' text-align:left;'><div class=\"full_section_inner clearfix\"><div class=\"wpb_column vc_column_container vc_col-sm-12\"><div class=\"vc_column-inner\"><div class=\"wpb_wrapper\">\t<div class=\"vc_empty_space\"  style=\"height: 40px\" ><span\n\t\t\tclass=\"vc_empty_space_inner\">\n\t\t\t<span class=\"empty_space_image\"  ><\/span>\n\t\t<\/span><\/div>\n\n<\/div><\/div><\/div><\/div><\/div><div      class=\"vc_row wpb_row section vc_row-fluid  grid_section\" style=' text-align:left;'><div class=\"section_inner clearfix\"><div class='section_inner_margin clearfix'><div class=\"wpb_column vc_column_container vc_col-sm-12\"><div class=\"vc_column-inner\"><div class=\"wpb_wrapper\">\n\t<div class=\"wpb_text_column wpb_content_element\">\n\t\t<div class=\"wpb_wrapper\">\n\t\t\t<p><strong>Die Sahara<\/strong>\u00a0o <strong>Bahr Bela ma<\/strong>die \"<em>wasserloses Meer<\/em>\", wie sie von den alten Karawanern genannt wurde, ist die W\u00fcste schlechthin, die gr\u00f6\u00dfte und klimatisch extremste der W\u00fcste von <strong>Namib<\/strong> oder die des <strong>Gobi<\/strong> und deren blo\u00dfe Erw\u00e4hnung gen\u00fcgt, um unsere Phantasie mit Legenden, Wundern und Geheimnissen zu befl\u00fcgeln und die Lust auf Abenteuer zu wecken.<\/p>\n<p>W\u00fcnsche, die uns dazu bringen, in die Fu\u00dfstapfen jener Entdecker zu treten, wie <strong>Heinrich Barth<\/strong>, <strong>Alex Gordon<\/strong>, <strong>Ren\u00e9a Caillie<\/strong>, <strong>Clayton<\/strong>, <strong>Bagnold<\/strong> o <strong>Monod<\/strong>die unseren Weg durch die abgelegenen Oasen des <strong>Ametlich<\/strong>\u00fcber Meere von unendlichen D\u00fcnen wie die gro\u00dfen <strong>Erg de Bilma<\/strong>aktive Vulkane in der <strong>Tibesti<\/strong> und erreichten unvorstellbare Seen wie die in <strong>Ubari<\/strong>Sie \u00fcberquerten Gebirgsmassive wie den <strong>Hoggar<\/strong> mit schwer zu beschreibenden Felsformationen, die zwischen den D\u00fcnen oder Marslandschaften von beleidigender Sch\u00f6nheit wie dem <strong>Tassili N'Ajjer<\/strong>. Und sie durchquerten Gebiete, die von <em>Tubus, Hausa, Peul, Dogon, Tuareg, Fulani<\/em>.<\/p>\n<p>Aber die <strong>Sahara<\/strong> bietet uns nicht nur einzigartige und unglaubliche Landschaften, sondern lockt uns auch mit seiner tausendj\u00e4hrigen Kultur. <strong>Ennedi<\/strong>, <strong>Akakus<\/strong> o <strong>Gilf el Kebir<\/strong> sind die gr\u00f6\u00dften Freilichtmuseen f\u00fcr Felskunst. Neben den Bergen von <strong>Akakus<\/strong> das Reich der <strong>Garamantes<\/strong>die verlorene Zivilisation der <strong>Sahara<\/strong>die die Handelswege in die W\u00fcste kontrollierten.<\/p>\n<p>Entlang dieser Routen, inmitten der D\u00fcnen, entstanden die gro\u00dfen Reiche der <strong>Mali<\/strong>, <strong>Ghana<\/strong>, <strong>Songhay<\/strong> o <strong>Kanem Bornu<\/strong> und es entstanden legend\u00e4re St\u00e4dte, wie zum Beispiel <strong>Tombuktu<\/strong>, <strong>Djenne<\/strong>, <strong>Gao<\/strong> o <strong>Walatta<\/strong>.<\/p>\n<p>Jeder der Bereiche des <strong>Sahara<\/strong> hat eine besondere Anziehungskraft, deshalb m\u00fcssen wir immer wieder zur\u00fcckkommen, um die unendliche Stille am Feuer zwischen den D\u00fcnen des <strong>T\u00e9n\u00e9r\u00e9<\/strong>unter einem Sternenhimmel, der den Geist reinigt und die Seele mit Empfindungen f\u00fcllt.<\/p>\n\n\t\t<\/div> \n\t<\/div> <\/div><\/div><\/div><\/div><\/div><\/div><div      class=\"vc_row wpb_row section vc_row-fluid\" style=' text-align:left;'><div class=\"full_section_inner clearfix\"><div class=\"wpb_column vc_column_container vc_col-sm-12\"><div class=\"vc_column-inner\"><div class=\"wpb_wrapper\">\t<div class=\"vc_empty_space\"  style=\"height: 100px\" ><span\n\t\t\tclass=\"vc_empty_space_inner\">\n\t\t\t<span class=\"empty_space_image\"  ><\/span>\n\t\t<\/span><\/div>\n\n<\/div><\/div><\/div><\/div><\/div>","protected":false},"excerpt":{"rendered":"Afrika der Sahara Die versteckten Oasen des Ametlich (Mauretanien) Ounianga und Ennedi. Die...","protected":false},"author":1,"featured_media":0,"parent":146,"menu_order":0,"comment_status":"closed","ping_status":"closed","template":"full_width.php","meta":{"footnotes":""},"yoast_head":"<!-- This site is optimized with the Yoast SEO plugin v23.5 - https:\/\/yoast.com\/wordpress\/plugins\/seo\/ -->\n<title>\u00c1frica Sahariana - Desertando<\/title>\n<meta name=\"description\" content=\"Cada una de las zonas de \u00c1frica Sahariana tiene magnetismo, por eso volvemos una y otra vez, a disfrutar del silencio entre las dunas.\" \/>\n<meta name=\"robots\" content=\"index, follow, max-snippet:-1, max-image-preview:large, max-video-preview:-1\" \/>\n<link rel=\"canonical\" href=\"https:\/\/desertando.com\/de\/nuestras-rutas\/africa-sahariana\/\" \/>\n<meta property=\"og:locale\" content=\"de_DE\" \/>\n<meta property=\"og:type\" content=\"article\" \/>\n<meta property=\"og:title\" content=\"\u00c1frica Sahariana - Desertando\" \/>\n<meta property=\"og:description\" content=\"Cada una de las zonas de \u00c1frica Sahariana tiene magnetismo, por eso volvemos una y otra vez, a disfrutar del silencio entre las dunas.\" \/>\n<meta property=\"og:url\" content=\"https:\/\/desertando.com\/de\/nuestras-rutas\/africa-sahariana\/\" \/>\n<meta property=\"og:site_name\" content=\"Desertando\" \/>\n<meta property=\"article:modified_time\" content=\"2024-01-22T12:52:36+00:00\" \/>\n<meta name=\"twitter:card\" content=\"summary_large_image\" \/>\n<meta name=\"twitter:label1\" content=\"Gesch\u00e4tzte Lesezeit\" \/>\n\t<meta name=\"twitter:data1\" content=\"2\u00a0Minuten\" \/>\n<script type=\"application\/ld+json\" class=\"yoast-schema-graph\">{\"@context\":\"https:\/\/schema.org\",\"@graph\":[{\"@type\":\"WebPage\",\"@id\":\"https:\/\/desertando.com\/nuestras-rutas\/africa-sahariana\/\",\"url\":\"https:\/\/desertando.com\/nuestras-rutas\/africa-sahariana\/\",\"name\":\"\u00c1frica Sahariana - Desertando\",\"isPartOf\":{\"@id\":\"https:\/\/desertando.com\/#website\"},\"datePublished\":\"2019-11-07T12:26:59+00:00\",\"dateModified\":\"2024-01-22T12:52:36+00:00\",\"description\":\"Cada una de las zonas de \u00c1frica Sahariana tiene magnetismo, por eso volvemos una y otra vez, a disfrutar del silencio entre las dunas.\",\"breadcrumb\":{\"@id\":\"https:\/\/desertando.com\/nuestras-rutas\/africa-sahariana\/#breadcrumb\"},\"inLanguage\":\"de\",\"potentialAction\":[{\"@type\":\"ReadAction\",\"target\":[\"https:\/\/desertando.com\/nuestras-rutas\/africa-sahariana\/\"]}]},{\"@type\":\"BreadcrumbList\",\"@id\":\"https:\/\/desertando.com\/nuestras-rutas\/africa-sahariana\/#breadcrumb\",\"itemListElement\":[{\"@type\":\"ListItem\",\"position\":1,\"name\":\"Portada\",\"item\":\"https:\/\/desertando.com\/\"},{\"@type\":\"ListItem\",\"position\":2,\"name\":\"RUTAS\",\"item\":\"https:\/\/desertando.com\/nuestras-rutas\/\"},{\"@type\":\"ListItem\",\"position\":3,\"name\":\"\u00c1frica Sahariana\"}]},{\"@type\":\"WebSite\",\"@id\":\"https:\/\/desertando.com\/#website\",\"url\":\"https:\/\/desertando.com\/\",\"name\":\"Desertando\",\"description\":\"Viajando por los desiertos de \u00c1frica\",\"publisher\":{\"@id\":\"https:\/\/desertando.com\/#organization\"},\"potentialAction\":[{\"@type\":\"SearchAction\",\"target\":{\"@type\":\"EntryPoint\",\"urlTemplate\":\"https:\/\/desertando.com\/?s={search_term_string}\"},\"query-input\":{\"@type\":\"PropertyValueSpecification\",\"valueRequired\":true,\"valueName\":\"search_term_string\"}}],\"inLanguage\":\"de\"},{\"@type\":\"Organization\",\"@id\":\"https:\/\/desertando.com\/#organization\",\"name\":\"Desertando Club de Aventuras\",\"url\":\"https:\/\/desertando.com\/\",\"logo\":{\"@type\":\"ImageObject\",\"inLanguage\":\"de\",\"@id\":\"https:\/\/desertando.com\/#\/schema\/logo\/image\/\",\"url\":\"https:\/\/desertando.com\/wp-content\/uploads\/2020\/02\/logo_1_marron.png\",\"contentUrl\":\"https:\/\/desertando.com\/wp-content\/uploads\/2020\/02\/logo_1_marron.png\",\"width\":190,\"height\":60,\"caption\":\"Desertando Club de Aventuras\"},\"image\":{\"@id\":\"https:\/\/desertando.com\/#\/schema\/logo\/image\/\"}}]}<\/script>\n<!-- \/ Yoast SEO plugin. -->","yoast_head_json":{"title":"\u00c1frica Sahariana - Desertando","description":"Cada una de las zonas de \u00c1frica Sahariana tiene magnetismo, por eso volvemos una y otra vez, a disfrutar del silencio entre las dunas.","robots":{"index":"index","follow":"follow","max-snippet":"max-snippet:-1","max-image-preview":"max-image-preview:large","max-video-preview":"max-video-preview:-1"},"canonical":"https:\/\/desertando.com\/de\/nuestras-rutas\/africa-sahariana\/","og_locale":"de_DE","og_type":"article","og_title":"\u00c1frica Sahariana - Desertando","og_description":"Cada una de las zonas de \u00c1frica Sahariana tiene magnetismo, por eso volvemos una y otra vez, a disfrutar del silencio entre las dunas.","og_url":"https:\/\/desertando.com\/de\/nuestras-rutas\/africa-sahariana\/","og_site_name":"Desertando","article_modified_time":"2024-01-22T12:52:36+00:00","twitter_card":"summary_large_image","twitter_misc":{"Gesch\u00e4tzte Lesezeit":"2\u00a0Minuten"},"schema":{"@context":"https:\/\/schema.org","@graph":[{"@type":"WebPage","@id":"https:\/\/desertando.com\/nuestras-rutas\/africa-sahariana\/","url":"https:\/\/desertando.com\/nuestras-rutas\/africa-sahariana\/","name":"\u00c1frica Sahariana - Desertando","isPartOf":{"@id":"https:\/\/desertando.com\/#website"},"datePublished":"2019-11-07T12:26:59+00:00","dateModified":"2024-01-22T12:52:36+00:00","description":"Cada una de las zonas de \u00c1frica Sahariana tiene magnetismo, por eso volvemos una y otra vez, a disfrutar del silencio entre las dunas.","breadcrumb":{"@id":"https:\/\/desertando.com\/nuestras-rutas\/africa-sahariana\/#breadcrumb"},"inLanguage":"de","potentialAction":[{"@type":"ReadAction","target":["https:\/\/desertando.com\/nuestras-rutas\/africa-sahariana\/"]}]},{"@type":"BreadcrumbList","@id":"https:\/\/desertando.com\/nuestras-rutas\/africa-sahariana\/#breadcrumb","itemListElement":[{"@type":"ListItem","position":1,"name":"Portada","item":"https:\/\/desertando.com\/"},{"@type":"ListItem","position":2,"name":"RUTAS","item":"https:\/\/desertando.com\/nuestras-rutas\/"},{"@type":"ListItem","position":3,"name":"\u00c1frica Sahariana"}]},{"@type":"WebSite","@id":"https:\/\/desertando.com\/#website","url":"https:\/\/desertando.com\/","name":"Desertando","description":"Viajando por los desiertos de \u00c1frica","publisher":{"@id":"https:\/\/desertando.com\/#organization"},"potentialAction":[{"@type":"SearchAction","target":{"@type":"EntryPoint","urlTemplate":"https:\/\/desertando.com\/?s={search_term_string}"},"query-input":{"@type":"PropertyValueSpecification","valueRequired":true,"valueName":"search_term_string"}}],"inLanguage":"de"},{"@type":"Organization","@id":"https:\/\/desertando.com\/#organization","name":"Desertando Club de Aventuras","url":"https:\/\/desertando.com\/","logo":{"@type":"ImageObject","inLanguage":"de","@id":"https:\/\/desertando.com\/#\/schema\/logo\/image\/","url":"https:\/\/desertando.com\/wp-content\/uploads\/2020\/02\/logo_1_marron.png","contentUrl":"https:\/\/desertando.com\/wp-content\/uploads\/2020\/02\/logo_1_marron.png","width":190,"height":60,"caption":"Desertando Club de Aventuras"},"image":{"@id":"https:\/\/desertando.com\/#\/schema\/logo\/image\/"}}]}},"post_mailing_queue_ids":[],"_links":{"self":[{"href":"https:\/\/desertando.com\/de\/wp-json\/wp\/v2\/pages\/516"}],"collection":[{"href":"https:\/\/desertando.com\/de\/wp-json\/wp\/v2\/pages"}],"about":[{"href":"https:\/\/desertando.com\/de\/wp-json\/wp\/v2\/types\/page"}],"author":[{"embeddable":true,"href":"https:\/\/desertando.com\/de\/wp-json\/wp\/v2\/users\/1"}],"replies":[{"embeddable":true,"href":"https:\/\/desertando.com\/de\/wp-json\/wp\/v2\/comments?post=516"}],"version-history":[{"count":24,"href":"https:\/\/desertando.com\/de\/wp-json\/wp\/v2\/pages\/516\/revisions"}],"predecessor-version":[{"id":7020,"href":"https:\/\/desertando.com\/de\/wp-json\/wp\/v2\/pages\/516\/revisions\/7020"}],"up":[{"embeddable":true,"href":"https:\/\/desertando.com\/de\/wp-json\/wp\/v2\/pages\/146"}],"wp:attachment":[{"href":"https:\/\/desertando.com\/de\/wp-json\/wp\/v2\/media?parent=516"}],"curies":[{"name":"wp","href":"https:\/\/api.w.org\/{rel}","templated":true}]}}