{"id":516,"date":"2019-11-07T13:26:59","date_gmt":"2019-11-07T12:26:59","guid":{"rendered":"http:\/\/desertando.com\/?page_id=516"},"modified":"2024-01-22T13:52:36","modified_gmt":"2024-01-22T12:52:36","slug":"africa-sahariana","status":"publish","type":"page","link":"https:\/\/desertando.com\/en\/nuestras-rutas\/africa-sahariana\/","title":{"rendered":"Saharan Africa"},"content":{"rendered":"<div      class=\"vc_row wpb_row section vc_row-fluid\" style=' text-align:left;'><div class=\"full_section_inner clearfix\"><div class=\"wpb_column vc_column_container vc_col-sm-12\"><div class=\"vc_column-inner\"><div class=\"wpb_wrapper\">\n\t<div class=\"wpb_single_image wpb_content_element vc_align_center\">\n\t\t<div class=\"wpb_wrapper\">\n\t\t\t\n\t\t\t<div class=\"vc_single_image-wrapper   vc_box_border_grey\"><img loading=\"lazy\" decoding=\"async\" width=\"1920\" height=\"580\" src=\"https:\/\/desertando.com\/wp-content\/uploads\/2019\/11\/Lagos-de-ubari-mas-dunas8.jpg\" class=\"vc_single_image-img attachment-full\" alt=\"\" srcset=\"https:\/\/desertando.com\/wp-content\/uploads\/2019\/11\/Lagos-de-ubari-mas-dunas8.jpg 1920w, https:\/\/desertando.com\/wp-content\/uploads\/2019\/11\/Lagos-de-ubari-mas-dunas8-300x91.jpg 300w, https:\/\/desertando.com\/wp-content\/uploads\/2019\/11\/Lagos-de-ubari-mas-dunas8-768x232.jpg 768w, https:\/\/desertando.com\/wp-content\/uploads\/2019\/11\/Lagos-de-ubari-mas-dunas8-1024x309.jpg 1024w, https:\/\/desertando.com\/wp-content\/uploads\/2019\/11\/Lagos-de-ubari-mas-dunas8-700x211.jpg 700w\" sizes=\"(max-width: 1920px) 100vw, 1920px\" \/><\/div>\n\t\t<\/div>\n\t<\/div>\n\t<div class=\"vc_empty_space\"  style=\"height: 20px\" ><span\n\t\t\tclass=\"vc_empty_space_inner\">\n\t\t\t<span class=\"empty_space_image\"  ><\/span>\n\t\t<\/span><\/div>\n\n<\/div><\/div><\/div><\/div><\/div><div      class=\"vc_row wpb_row section vc_row-fluid  grid_section\" style=' padding-top:20px; padding-bottom:0px; text-align:center;'><div class=\"section_inner clearfix\"><div class='section_inner_margin clearfix'><div class=\"wpb_column vc_column_container vc_col-sm-12\"><div class=\"vc_column-inner\"><div class=\"wpb_wrapper\">\t\t<div class=\"mega-line-container ma_heading_wrap185\">\r\n\t\t\t\r\n\t\t\t\r\n\t\t    \t\t\t    <div class=\"mega-line-bottom\" style=\"text-align: center;\">  \r\n\t\t\t        <h2 style=\"font-size: 48px; color: #3e3a3b; text-transform: default; ;\">\r\n\t\t\t        \tSaharan Africa\t\t\t        <\/h2>\r\n\t\t\t        <div class=\"heading_desc\" style=\"line-height: 1;\">\r\n\t\t\t        \t\t\t\t        <\/div>\r\n\t\t\t        <span style=\"width: 230px; border-top: 2px solid #c89454;\"><\/span>\r\n\t\t\t    <\/div>\r\n\t\t    \r\n\t\t    \r\n\t\t    \r\n\t\t          \t<\/div>\r\n\r\n      \t<style>\r\n\t\t\t.ma_heading_wrap185 .heading_desc *{\r\n\t\t\t\tfont-size: px;\r\n\t\t\t\t;\r\n\t\t\t}\r\n      \t<\/style>\r\n\t\t\t<div class=\"vc_empty_space\"  style=\"height: 70px\" ><span\n\t\t\tclass=\"vc_empty_space_inner\">\n\t\t\t<span class=\"empty_space_image\"  ><\/span>\n\t\t<\/span><\/div>\n\n<\/div><\/div><\/div><\/div><\/div><\/div><div      class=\"vc_row wpb_row section vc_row-fluid  grid_section\" style=' text-align:left;'><div class=\"section_inner clearfix\"><div class='section_inner_margin clearfix'><div class=\"wpb_column vc_column_container vc_col-sm-3\"><div class=\"vc_column-inner\"><div class=\"wpb_wrapper\"><\/div><\/div><\/div><div class=\"wpb_column vc_column_container vc_col-sm-3\"><div class=\"vc_column-inner\"><div class=\"wpb_wrapper\"><div class='image_hover' style='' data-transition-delay=''><div class='images_holder'><a itemprop='url' href='https:\/\/desertando.com\/index.php\/nuestras-rutas\/africa-sahariana\/mauritania-los-oasis-escondidos-del-ametlich\/' target='_self'><img itemprop='image' class='active_image' src='https:\/\/desertando.com\/wp-content\/uploads\/2020\/01\/Mauritania-imagen-intermedia-650x435-1.jpg' alt='' style='' \/><img itemprop='image' class='hover_image' src='https:\/\/desertando.com\/wp-content\/uploads\/2020\/02\/mapa-mauritania.jpg' alt='' style='' \/><\/a><\/div><\/div>\t<div class=\"vc_empty_space\"  style=\"height: 30px\" ><span\n\t\t\tclass=\"vc_empty_space_inner\">\n\t\t\t<span class=\"empty_space_image\"  ><\/span>\n\t\t<\/span><\/div>\n\n\n\t<div class=\"wpb_text_column wpb_content_element\">\n\t\t<div class=\"wpb_wrapper\">\n\t\t\t<h3 style=\"text-align: center;\"><a href=\"https:\/\/desertando.com\/index.php\/nuestras-rutas\/africa-sahariana\/mauritania-los-oasis-escondidos-del-ametlich\/\"><span style=\"font-size: 22px; color: #c89454;\">The hidden oases of the Ametlich<\/span><\/a><\/h3>\n<p style=\"text-align: center;\"><span style=\"color: #c89454;\"><a style=\"color: #c89454;\" href=\"https:\/\/desertando.com\/index.php\/nuestras-rutas\/africa-sahariana\/mauritania-los-oasis-escondidos-del-ametlich\/\">(Mauritania)<\/a><\/span><\/p>\n\n\t\t<\/div> \n\t<\/div> <div      class=\"vc_row wpb_row section vc_row-fluid vc_inner\" style=' text-align:left;'><div class=\"full_section_inner clearfix\"><div class=\"wpb_column vc_column_container vc_col-sm-12 vc_hidden-lg vc_hidden-md vc_hidden-sm\"><div class=\"vc_column-inner\"><div class=\"wpb_wrapper\">\t<div class=\"vc_empty_space\"  style=\"height: 70px\" ><span\n\t\t\tclass=\"vc_empty_space_inner\">\n\t\t\t<span class=\"empty_space_image\"  ><\/span>\n\t\t<\/span><\/div>\n\n<\/div><\/div><\/div><\/div><\/div><\/div><\/div><\/div><div class=\"wpb_column vc_column_container vc_col-sm-3\"><div class=\"vc_column-inner\"><div class=\"wpb_wrapper\"><div class='image_hover' style='' data-transition-delay=''><div class='images_holder'><a itemprop='url' href='https:\/\/desertando.com\/index.php\/nuestras-rutas\/africa-sahariana\/chad-ounianga-y-ennedi-el-eden-del-sahara\/' target='_self'><img itemprop='image' class='active_image' src='https:\/\/desertando.com\/wp-content\/uploads\/2020\/01\/Chad-imagen-intermedia-650x435-1.jpg' alt='' style='' \/><img itemprop='image' class='hover_image' src='https:\/\/desertando.com\/wp-content\/uploads\/2020\/02\/mapa-chad.jpg' alt='' style='' \/><\/a><\/div><\/div>\t<div class=\"vc_empty_space\"  style=\"height: 30px\" ><span\n\t\t\tclass=\"vc_empty_space_inner\">\n\t\t\t<span class=\"empty_space_image\"  ><\/span>\n\t\t<\/span><\/div>\n\n\n\t<div class=\"wpb_text_column wpb_content_element\">\n\t\t<div class=\"wpb_wrapper\">\n\t\t\t<h3 style=\"text-align: center;\"><a href=\"https:\/\/desertando.com\/index.php\/nuestras-rutas\/africa-sahariana\/chad-ounianga-y-ennedi-el-eden-del-sahara\/\"><span style=\"font-size: 22px; color: #c89454;\">Ounianga and Ennedi. The Eden of the Sahara<\/span><\/a><\/h3>\n<p style=\"text-align: center;\"><span style=\"color: #c89454;\"><a style=\"color: #c89454;\" href=\"https:\/\/desertando.com\/index.php\/nuestras-rutas\/africa-sahariana\/chad-ounianga-y-ennedi-el-eden-del-sahara\/\">(Chad)<\/a><\/span><\/p>\n\n\t\t<\/div> \n\t<\/div> <\/div><\/div><\/div><div class=\"wpb_column vc_column_container vc_col-sm-3\"><div class=\"vc_column-inner\"><div class=\"wpb_wrapper\"><\/div><\/div><\/div><\/div><\/div><\/div><div      class=\"vc_row wpb_row section vc_row-fluid\" style=' text-align:left;'><div class=\"full_section_inner clearfix\"><div class=\"wpb_column vc_column_container vc_col-sm-12\"><div class=\"vc_column-inner\"><div class=\"wpb_wrapper\">\t<div class=\"vc_empty_space\"  style=\"height: 40px\" ><span\n\t\t\tclass=\"vc_empty_space_inner\">\n\t\t\t<span class=\"empty_space_image\"  ><\/span>\n\t\t<\/span><\/div>\n\n<\/div><\/div><\/div><\/div><\/div><div      class=\"vc_row wpb_row section vc_row-fluid  grid_section\" style=' padding-top:20px; padding-bottom:0px; text-align:center;'><div class=\"section_inner clearfix\"><div class='section_inner_margin clearfix'><div class=\"wpb_column vc_column_container vc_col-sm-12\"><div class=\"vc_column-inner\"><div class=\"wpb_wrapper\"><div class=\"separator  small center\" style=\"background-color: #c89454;height: 1px;width: 70%;\"><\/div>\n<\/div><\/div><\/div><\/div><\/div><\/div><div      class=\"vc_row wpb_row section vc_row-fluid\" style=' text-align:left;'><div class=\"full_section_inner clearfix\"><div class=\"wpb_column vc_column_container vc_col-sm-12\"><div class=\"vc_column-inner\"><div class=\"wpb_wrapper\">\t<div class=\"vc_empty_space\"  style=\"height: 40px\" ><span\n\t\t\tclass=\"vc_empty_space_inner\">\n\t\t\t<span class=\"empty_space_image\"  ><\/span>\n\t\t<\/span><\/div>\n\n<\/div><\/div><\/div><\/div><\/div><div      class=\"vc_row wpb_row section vc_row-fluid  grid_section\" style=' text-align:left;'><div class=\"section_inner clearfix\"><div class='section_inner_margin clearfix'><div class=\"wpb_column vc_column_container vc_col-sm-12\"><div class=\"vc_column-inner\"><div class=\"wpb_wrapper\">\n\t<div class=\"wpb_text_column wpb_content_element\">\n\t\t<div class=\"wpb_wrapper\">\n\t\t\t<p><strong>The Sahara<\/strong>\u00a0o <strong>Bahr Bela ma<\/strong>the \"<em>waterless sea<\/em>\"as it was called by the ancient caravaneers, is the desert par excellence, the largest and most extreme in climate than the desert of <strong>Namib<\/strong> or that of the <strong>Gobi<\/strong> and the mere mention of which is enough to fill our imagination with legends, wonders and mysteries, as well as to provoke a desire for adventure.<\/p>\n<p>Desires that drive us to follow in the footsteps of those explorers like <strong>Heinrich Barth<\/strong>, <strong>Alex Gordon<\/strong>, <strong>Ren\u00e9a Caillie<\/strong>, <strong>Clayton<\/strong>, <strong>Bagnold<\/strong> o <strong>Monod<\/strong>who made our way through the remote oases of the <strong>Ametlich<\/strong>crossing seas of infinite dunes like the great <strong>Erg de Bilma<\/strong>active volcanoes in the <strong>Tibesti<\/strong> and reached unimaginable lakes such as those at <strong>Ubari<\/strong>They crossed massifs such as the <strong>Hoggar<\/strong> with rock formations difficult to describe, emerging from between the dunes or Martian landscapes of insulting beauty such as the <strong>Tassili N'Ajjer<\/strong>. And they crossed lands controlled by <em>tubus, hausa, peul, dogon, tuareg, fulani<\/em>.<\/p>\n<p>But the <strong>Sahara<\/strong> not only offers us unique and incredible landscapes, but also attracts us with its millenary culture. <strong>Ennedi<\/strong>, <strong>Akakus<\/strong> o <strong>Gilf el Kebir<\/strong> are the largest open-air rock art museums. Next to the mountains of <strong>Akakus<\/strong> the kingdom of the <strong>Garamantes<\/strong>the lost civilisation of the <strong>Sahara<\/strong>which controlled the trade routes to the desert.<\/p>\n<p>Straddling these routes, among the dunes, emerged the great empires of <strong>Mali<\/strong>, <strong>Ghana<\/strong>, <strong>Songhay<\/strong> o <strong>Kanem Bornu<\/strong> and legendary cities were born, such as <strong>Tombuktu<\/strong>, <strong>Djenne<\/strong>, <strong>Gao<\/strong> o <strong>Walatta<\/strong>.<\/p>\n<p>Each of the areas of the <strong>Sahara<\/strong> has a special magnetism, that's why we need to come back again and again, to enjoy again the infinite silence sitting by the fire between the dunes of the <strong>T\u00e9n\u00e9r\u00e9<\/strong>under a starry sky that cleanses the mind and fills the soul with sensations.<\/p>\n\n\t\t<\/div> \n\t<\/div> <\/div><\/div><\/div><\/div><\/div><\/div><div      class=\"vc_row wpb_row section vc_row-fluid\" style=' text-align:left;'><div class=\"full_section_inner clearfix\"><div class=\"wpb_column vc_column_container vc_col-sm-12\"><div class=\"vc_column-inner\"><div class=\"wpb_wrapper\">\t<div class=\"vc_empty_space\"  style=\"height: 100px\" ><span\n\t\t\tclass=\"vc_empty_space_inner\">\n\t\t\t<span class=\"empty_space_image\"  ><\/span>\n\t\t<\/span><\/div>\n\n<\/div><\/div><\/div><\/div><\/div>","protected":false},"excerpt":{"rendered":"Saharan Africa The hidden oases of the Ametlich (Mauritania) Ounianga and Ennedi. The...","protected":false},"author":1,"featured_media":0,"parent":146,"menu_order":0,"comment_status":"closed","ping_status":"closed","template":"full_width.php","meta":{"footnotes":""},"yoast_head":"<!-- This site is optimized with the Yoast SEO plugin v23.5 - https:\/\/yoast.com\/wordpress\/plugins\/seo\/ -->\n<title>\u00c1frica Sahariana - Desertando<\/title>\n<meta name=\"description\" content=\"Cada una de las zonas de \u00c1frica Sahariana tiene magnetismo, por eso volvemos una y otra vez, a disfrutar del silencio entre las dunas.\" \/>\n<meta name=\"robots\" content=\"index, follow, max-snippet:-1, max-image-preview:large, max-video-preview:-1\" \/>\n<link rel=\"canonical\" href=\"https:\/\/desertando.com\/en\/nuestras-rutas\/africa-sahariana\/\" \/>\n<meta property=\"og:locale\" content=\"en_GB\" \/>\n<meta property=\"og:type\" content=\"article\" \/>\n<meta property=\"og:title\" content=\"\u00c1frica Sahariana - Desertando\" \/>\n<meta property=\"og:description\" content=\"Cada una de las zonas de \u00c1frica Sahariana tiene magnetismo, por eso volvemos una y otra vez, a disfrutar del silencio entre las dunas.\" \/>\n<meta property=\"og:url\" content=\"https:\/\/desertando.com\/en\/nuestras-rutas\/africa-sahariana\/\" \/>\n<meta property=\"og:site_name\" content=\"Desertando\" \/>\n<meta property=\"article:modified_time\" content=\"2024-01-22T12:52:36+00:00\" \/>\n<meta name=\"twitter:card\" content=\"summary_large_image\" \/>\n<meta name=\"twitter:label1\" content=\"Estimated reading time\" \/>\n\t<meta name=\"twitter:data1\" content=\"2 minutes\" \/>\n<script type=\"application\/ld+json\" class=\"yoast-schema-graph\">{\"@context\":\"https:\/\/schema.org\",\"@graph\":[{\"@type\":\"WebPage\",\"@id\":\"https:\/\/desertando.com\/nuestras-rutas\/africa-sahariana\/\",\"url\":\"https:\/\/desertando.com\/nuestras-rutas\/africa-sahariana\/\",\"name\":\"\u00c1frica Sahariana - Desertando\",\"isPartOf\":{\"@id\":\"https:\/\/desertando.com\/#website\"},\"datePublished\":\"2019-11-07T12:26:59+00:00\",\"dateModified\":\"2024-01-22T12:52:36+00:00\",\"description\":\"Cada una de las zonas de \u00c1frica Sahariana tiene magnetismo, por eso volvemos una y otra vez, a disfrutar del silencio entre las dunas.\",\"breadcrumb\":{\"@id\":\"https:\/\/desertando.com\/nuestras-rutas\/africa-sahariana\/#breadcrumb\"},\"inLanguage\":\"en-GB\",\"potentialAction\":[{\"@type\":\"ReadAction\",\"target\":[\"https:\/\/desertando.com\/nuestras-rutas\/africa-sahariana\/\"]}]},{\"@type\":\"BreadcrumbList\",\"@id\":\"https:\/\/desertando.com\/nuestras-rutas\/africa-sahariana\/#breadcrumb\",\"itemListElement\":[{\"@type\":\"ListItem\",\"position\":1,\"name\":\"Portada\",\"item\":\"https:\/\/desertando.com\/\"},{\"@type\":\"ListItem\",\"position\":2,\"name\":\"RUTAS\",\"item\":\"https:\/\/desertando.com\/nuestras-rutas\/\"},{\"@type\":\"ListItem\",\"position\":3,\"name\":\"\u00c1frica Sahariana\"}]},{\"@type\":\"WebSite\",\"@id\":\"https:\/\/desertando.com\/#website\",\"url\":\"https:\/\/desertando.com\/\",\"name\":\"Desertando\",\"description\":\"Viajando por los desiertos de \u00c1frica\",\"publisher\":{\"@id\":\"https:\/\/desertando.com\/#organization\"},\"potentialAction\":[{\"@type\":\"SearchAction\",\"target\":{\"@type\":\"EntryPoint\",\"urlTemplate\":\"https:\/\/desertando.com\/?s={search_term_string}\"},\"query-input\":{\"@type\":\"PropertyValueSpecification\",\"valueRequired\":true,\"valueName\":\"search_term_string\"}}],\"inLanguage\":\"en-GB\"},{\"@type\":\"Organization\",\"@id\":\"https:\/\/desertando.com\/#organization\",\"name\":\"Desertando Club de Aventuras\",\"url\":\"https:\/\/desertando.com\/\",\"logo\":{\"@type\":\"ImageObject\",\"inLanguage\":\"en-GB\",\"@id\":\"https:\/\/desertando.com\/#\/schema\/logo\/image\/\",\"url\":\"https:\/\/desertando.com\/wp-content\/uploads\/2020\/02\/logo_1_marron.png\",\"contentUrl\":\"https:\/\/desertando.com\/wp-content\/uploads\/2020\/02\/logo_1_marron.png\",\"width\":190,\"height\":60,\"caption\":\"Desertando Club de Aventuras\"},\"image\":{\"@id\":\"https:\/\/desertando.com\/#\/schema\/logo\/image\/\"}}]}<\/script>\n<!-- \/ Yoast SEO plugin. -->","yoast_head_json":{"title":"\u00c1frica Sahariana - Desertando","description":"Cada una de las zonas de \u00c1frica Sahariana tiene magnetismo, por eso volvemos una y otra vez, a disfrutar del silencio entre las dunas.","robots":{"index":"index","follow":"follow","max-snippet":"max-snippet:-1","max-image-preview":"max-image-preview:large","max-video-preview":"max-video-preview:-1"},"canonical":"https:\/\/desertando.com\/en\/nuestras-rutas\/africa-sahariana\/","og_locale":"en_GB","og_type":"article","og_title":"\u00c1frica Sahariana - Desertando","og_description":"Cada una de las zonas de \u00c1frica Sahariana tiene magnetismo, por eso volvemos una y otra vez, a disfrutar del silencio entre las dunas.","og_url":"https:\/\/desertando.com\/en\/nuestras-rutas\/africa-sahariana\/","og_site_name":"Desertando","article_modified_time":"2024-01-22T12:52:36+00:00","twitter_card":"summary_large_image","twitter_misc":{"Estimated reading time":"2 minutes"},"schema":{"@context":"https:\/\/schema.org","@graph":[{"@type":"WebPage","@id":"https:\/\/desertando.com\/nuestras-rutas\/africa-sahariana\/","url":"https:\/\/desertando.com\/nuestras-rutas\/africa-sahariana\/","name":"\u00c1frica Sahariana - Desertando","isPartOf":{"@id":"https:\/\/desertando.com\/#website"},"datePublished":"2019-11-07T12:26:59+00:00","dateModified":"2024-01-22T12:52:36+00:00","description":"Cada una de las zonas de \u00c1frica Sahariana tiene magnetismo, por eso volvemos una y otra vez, a disfrutar del silencio entre las dunas.","breadcrumb":{"@id":"https:\/\/desertando.com\/nuestras-rutas\/africa-sahariana\/#breadcrumb"},"inLanguage":"en-GB","potentialAction":[{"@type":"ReadAction","target":["https:\/\/desertando.com\/nuestras-rutas\/africa-sahariana\/"]}]},{"@type":"BreadcrumbList","@id":"https:\/\/desertando.com\/nuestras-rutas\/africa-sahariana\/#breadcrumb","itemListElement":[{"@type":"ListItem","position":1,"name":"Portada","item":"https:\/\/desertando.com\/"},{"@type":"ListItem","position":2,"name":"RUTAS","item":"https:\/\/desertando.com\/nuestras-rutas\/"},{"@type":"ListItem","position":3,"name":"\u00c1frica Sahariana"}]},{"@type":"WebSite","@id":"https:\/\/desertando.com\/#website","url":"https:\/\/desertando.com\/","name":"Desertando","description":"Viajando por los desiertos de \u00c1frica","publisher":{"@id":"https:\/\/desertando.com\/#organization"},"potentialAction":[{"@type":"SearchAction","target":{"@type":"EntryPoint","urlTemplate":"https:\/\/desertando.com\/?s={search_term_string}"},"query-input":{"@type":"PropertyValueSpecification","valueRequired":true,"valueName":"search_term_string"}}],"inLanguage":"en-GB"},{"@type":"Organization","@id":"https:\/\/desertando.com\/#organization","name":"Desertando Club de Aventuras","url":"https:\/\/desertando.com\/","logo":{"@type":"ImageObject","inLanguage":"en-GB","@id":"https:\/\/desertando.com\/#\/schema\/logo\/image\/","url":"https:\/\/desertando.com\/wp-content\/uploads\/2020\/02\/logo_1_marron.png","contentUrl":"https:\/\/desertando.com\/wp-content\/uploads\/2020\/02\/logo_1_marron.png","width":190,"height":60,"caption":"Desertando Club de Aventuras"},"image":{"@id":"https:\/\/desertando.com\/#\/schema\/logo\/image\/"}}]}},"post_mailing_queue_ids":[],"_links":{"self":[{"href":"https:\/\/desertando.com\/en\/wp-json\/wp\/v2\/pages\/516"}],"collection":[{"href":"https:\/\/desertando.com\/en\/wp-json\/wp\/v2\/pages"}],"about":[{"href":"https:\/\/desertando.com\/en\/wp-json\/wp\/v2\/types\/page"}],"author":[{"embeddable":true,"href":"https:\/\/desertando.com\/en\/wp-json\/wp\/v2\/users\/1"}],"replies":[{"embeddable":true,"href":"https:\/\/desertando.com\/en\/wp-json\/wp\/v2\/comments?post=516"}],"version-history":[{"count":24,"href":"https:\/\/desertando.com\/en\/wp-json\/wp\/v2\/pages\/516\/revisions"}],"predecessor-version":[{"id":7020,"href":"https:\/\/desertando.com\/en\/wp-json\/wp\/v2\/pages\/516\/revisions\/7020"}],"up":[{"embeddable":true,"href":"https:\/\/desertando.com\/en\/wp-json\/wp\/v2\/pages\/146"}],"wp:attachment":[{"href":"https:\/\/desertando.com\/en\/wp-json\/wp\/v2\/media?parent=516"}],"curies":[{"name":"wp","href":"https:\/\/api.w.org\/{rel}","templated":true}]}}