{"id":117,"date":"2018-02-19T12:53:33","date_gmt":"2018-02-19T11:53:33","guid":{"rendered":"http:\/\/bridge162.qodeinteractive.com\/?page_id=117"},"modified":"2024-01-24T15:41:57","modified_gmt":"2024-01-24T14:41:57","slug":"social","status":"publish","type":"page","link":"https:\/\/desertando.com\/fr\/social\/","title":{"rendered":"Projet social"},"content":{"rendered":"<div      class=\"vc_row wpb_row section vc_row-fluid\" style=' text-align:left;'><div class=\"full_section_inner clearfix\"><div class=\"wpb_column vc_column_container vc_col-sm-12\"><div class=\"vc_column-inner\"><div class=\"wpb_wrapper\">\n\t<div class=\"wpb_single_image wpb_content_element vc_align_center\">\n\t\t<div class=\"wpb_wrapper\">\n\t\t\t\n\t\t\t<div class=\"vc_single_image-wrapper   vc_box_border_grey\"><img loading=\"lazy\" decoding=\"async\" width=\"1920\" height=\"580\" src=\"https:\/\/desertando.com\/wp-content\/uploads\/2019\/11\/desertando_mujer_miniaturas1.jpg\" class=\"vc_single_image-img attachment-full\" alt=\"\" srcset=\"https:\/\/desertando.com\/wp-content\/uploads\/2019\/11\/desertando_mujer_miniaturas1.jpg 1920w, https:\/\/desertando.com\/wp-content\/uploads\/2019\/11\/desertando_mujer_miniaturas1-300x91.jpg 300w, https:\/\/desertando.com\/wp-content\/uploads\/2019\/11\/desertando_mujer_miniaturas1-768x232.jpg 768w, https:\/\/desertando.com\/wp-content\/uploads\/2019\/11\/desertando_mujer_miniaturas1-1024x309.jpg 1024w, https:\/\/desertando.com\/wp-content\/uploads\/2019\/11\/desertando_mujer_miniaturas1-700x211.jpg 700w\" sizes=\"(max-width: 1920px) 100vw, 1920px\" \/><\/div>\n\t\t<\/div>\n\t<\/div>\n<\/div><\/div><\/div><\/div><\/div><div      class=\"vc_row wpb_row section vc_row-fluid\" style=' text-align:left;'><div class=\"full_section_inner clearfix\"><div class=\"wpb_column vc_column_container vc_col-sm-12 vc_hidden-xs\"><div class=\"vc_column-inner\"><div class=\"wpb_wrapper\">\t<div class=\"vc_empty_space\"  style=\"height: 70px\" ><span\n\t\t\tclass=\"vc_empty_space_inner\">\n\t\t\t<span class=\"empty_space_image\"  ><\/span>\n\t\t<\/span><\/div>\n\n\n\t<div class=\"wpb_raw_code wpb_content_element wpb_raw_html\" >\n\t\t<div class=\"wpb_wrapper\">\n\t\t\t<h1 class=\"ocultar\"> Projet social <\/h1>\n\t\t<\/div>\n\t<\/div>\n<\/div><\/div><\/div><\/div><\/div><div      class=\"vc_row wpb_row section vc_row-fluid  grid_section\" style=' padding-top:40px; padding-bottom:0px; text-align:center;'><div class=\"section_inner clearfix\"><div class='section_inner_margin clearfix'><div class=\"wpb_column vc_column_container vc_col-sm-12\"><div class=\"vc_column-inner\"><div class=\"wpb_wrapper\">\t\t<div class=\"mega-line-container ma_heading_wrap197\">\r\n\t\t\t\r\n\t\t\t\r\n\t\t    \t\t\t    <div class=\"mega-line-bottom\" style=\"text-align: center;\">  \r\n\t\t\t        <h2 style=\"font-size: 48px; color: #3e3a3b; text-transform: default; ;\">\r\n\t\t\t        \tProjet social\t\t\t        <\/h2>\r\n\t\t\t        <div class=\"heading_desc\" style=\"line-height: 1;\">\r\n\t\t\t        \t<h3 class=\"ocultar\">Liste des projets sociaux<\/h3>\n\t\t\t        <\/div>\r\n\t\t\t        <span style=\"width: 230px; border-top: 2px solid #ba8545;\"><\/span>\r\n\t\t\t    <\/div>\r\n\t\t    \r\n\t\t    \r\n\t\t    \r\n\t\t          \t<\/div>\r\n\r\n      \t<style>\r\n\t\t\t.ma_heading_wrap197 .heading_desc *{\r\n\t\t\t\tfont-size: px;\r\n\t\t\t\t;\r\n\t\t\t}\r\n      \t<\/style>\r\n\t\t\t<div class=\"vc_empty_space\"  style=\"height: 50px\" ><span\n\t\t\tclass=\"vc_empty_space_inner\">\n\t\t\t<span class=\"empty_space_image\"  ><\/span>\n\t\t<\/span><\/div>\n\n<\/div><\/div><\/div><\/div><\/div><\/div><div      class=\"vc_row wpb_row section vc_row-fluid  grid_section\" style=' text-align:left;'><div class=\"section_inner clearfix\"><div class='section_inner_margin clearfix'><div class=\"wpb_column vc_column_container vc_col-sm-12\"><div class=\"vc_column-inner\"><div class=\"wpb_wrapper\">\n\t<div class=\"wpb_text_column wpb_content_element\">\n\t\t<div class=\"wpb_wrapper\">\n\t\t\t<p>En chemin, nous nous sommes fait d'innombrables amis, <em>peuls, himbas, masais, afar <\/em>o<em> tubus.<\/em> Avec chacun d'entre eux, nous avons partag\u00e9 des moments inoubliables et, dans chaque village, nous avons laiss\u00e9 une partie de notre c\u0153ur. Nous sommes maintenant paroissiens de cette \u00e9glise du nord de la Tanzanie, fils adoptifs d'un village perdu dans le d\u00e9sert de l'Afrique du Sud. <em>Ametlich<\/em>des supporters de l'\u00e9quipe de football d'une \u00e9cole locale. <em>Kalahari<\/em> ou des amis fid\u00e8les de <em>Modou<\/em> et leurs enfants sur les rives de la Gambie. Dans certains de ces projets, nous sommes heureux de mettre nos \"mains sur le terrain\".<em>grain de sable\".<\/em>.<\/p>\n\n\t\t<\/div> \n\t<\/div> <\/div><\/div><\/div><\/div><\/div><\/div><div      class=\"vc_row wpb_row section vc_row-fluid  grid_section\" style=' text-align:left;'><div class=\"section_inner clearfix\"><div class='section_inner_margin clearfix'><div class=\"wpb_column vc_column_container vc_col-sm-6\"><div class=\"vc_column-inner\"><div class=\"wpb_wrapper\">\t<div class=\"vc_empty_space\"  style=\"height: 70px\" ><span\n\t\t\tclass=\"vc_empty_space_inner\">\n\t\t\t<span class=\"empty_space_image\"  ><\/span>\n\t\t<\/span><\/div>\n\n\n\t<div class=\"wpb_text_column wpb_content_element\">\n\t\t<div class=\"wpb_wrapper\">\n\t\t\t<h4 style=\"text-align: center;\">\u00c9QUIPE DE FOOTBALL AU BOTSWANA<\/h4>\n\n\t\t<\/div> \n\t<\/div> \t<div class=\"vc_empty_space\"  style=\"height: 50px\" ><span\n\t\t\tclass=\"vc_empty_space_inner\">\n\t\t\t<span class=\"empty_space_image\"  ><\/span>\n\t\t<\/span><\/div>\n\n<div class=\"wpb_gallery wpb_content_element vc_clearfix\"><div class=\"wpb_wrapper\"><div class=\"wpb_gallery_slides has_control_nav drag_enabled wpb_flexslider flexslider_fade flexslider\" data-interval=\"5\" data-flex_fx=\"fade\"data-control=\"true\"data-direction=\"true\"data-drag=\"true\"><ul class=\"slides\"><li><img loading=\"lazy\" decoding=\"async\" width=\"480\" height=\"320\" src=\"https:\/\/desertando.com\/wp-content\/uploads\/2020\/02\/IMG-20200128-WA0006.jpg\" class=\"attachment-full\" alt=\"\" srcset=\"https:\/\/desertando.com\/wp-content\/uploads\/2020\/02\/IMG-20200128-WA0006.jpg 480w, https:\/\/desertando.com\/wp-content\/uploads\/2020\/02\/IMG-20200128-WA0006-300x200.jpg 300w\" sizes=\"(max-width: 480px) 100vw, 480px\" \/><\/li><li><img loading=\"lazy\" decoding=\"async\" width=\"480\" height=\"320\" src=\"https:\/\/desertando.com\/wp-content\/uploads\/2020\/02\/IMG-20200128-WA0003.jpg\" class=\"attachment-full\" alt=\"\" srcset=\"https:\/\/desertando.com\/wp-content\/uploads\/2020\/02\/IMG-20200128-WA0003.jpg 480w, https:\/\/desertando.com\/wp-content\/uploads\/2020\/02\/IMG-20200128-WA0003-300x200.jpg 300w\" sizes=\"(max-width: 480px) 100vw, 480px\" \/><\/li><li><img loading=\"lazy\" decoding=\"async\" width=\"480\" height=\"320\" src=\"https:\/\/desertando.com\/wp-content\/uploads\/2020\/02\/IMG-20200128-WA0002.jpg\" class=\"attachment-full\" alt=\"\" srcset=\"https:\/\/desertando.com\/wp-content\/uploads\/2020\/02\/IMG-20200128-WA0002.jpg 480w, https:\/\/desertando.com\/wp-content\/uploads\/2020\/02\/IMG-20200128-WA0002-300x200.jpg 300w\" sizes=\"(max-width: 480px) 100vw, 480px\" \/><\/li><li><img loading=\"lazy\" decoding=\"async\" width=\"480\" height=\"320\" src=\"https:\/\/desertando.com\/wp-content\/uploads\/2020\/02\/IMG-20200128-WA0001.jpg\" class=\"attachment-full\" alt=\"\" srcset=\"https:\/\/desertando.com\/wp-content\/uploads\/2020\/02\/IMG-20200128-WA0001.jpg 480w, https:\/\/desertando.com\/wp-content\/uploads\/2020\/02\/IMG-20200128-WA0001-300x200.jpg 300w\" sizes=\"(max-width: 480px) 100vw, 480px\" \/><\/li><li><img loading=\"lazy\" decoding=\"async\" width=\"480\" height=\"320\" src=\"https:\/\/desertando.com\/wp-content\/uploads\/2020\/02\/IMG-20200128-WA0004.jpg\" class=\"attachment-full\" alt=\"\" srcset=\"https:\/\/desertando.com\/wp-content\/uploads\/2020\/02\/IMG-20200128-WA0004.jpg 480w, https:\/\/desertando.com\/wp-content\/uploads\/2020\/02\/IMG-20200128-WA0004-300x200.jpg 300w\" sizes=\"(max-width: 480px) 100vw, 480px\" \/><\/li><li><img loading=\"lazy\" decoding=\"async\" width=\"479\" height=\"319\" src=\"https:\/\/desertando.com\/wp-content\/uploads\/2020\/02\/IMG-20200128-WA0005-e1580777128275.jpg\" class=\"attachment-full\" alt=\"\" srcset=\"https:\/\/desertando.com\/wp-content\/uploads\/2020\/02\/IMG-20200128-WA0005-e1580777128275.jpg 479w, https:\/\/desertando.com\/wp-content\/uploads\/2020\/02\/IMG-20200128-WA0005-e1580777128275-300x200.jpg 300w\" sizes=\"(max-width: 479px) 100vw, 479px\" \/><\/li><li><img loading=\"lazy\" decoding=\"async\" width=\"480\" height=\"319\" src=\"https:\/\/desertando.com\/wp-content\/uploads\/2020\/02\/IMG-20200128-WA0000.jpg\" class=\"attachment-full\" alt=\"\" srcset=\"https:\/\/desertando.com\/wp-content\/uploads\/2020\/02\/IMG-20200128-WA0000.jpg 480w, https:\/\/desertando.com\/wp-content\/uploads\/2020\/02\/IMG-20200128-WA0000-300x199.jpg 300w\" sizes=\"(max-width: 480px) 100vw, 480px\" \/><\/li><\/ul><\/div><\/div><\/div>\n\t<div class=\"wpb_text_column wpb_content_element  vc_custom_1581685572746\">\n\t\t<div class=\"wpb_wrapper\">\n\t\t\t<p>Dans le d\u00e9sert du Kalahari, pr\u00e8s du petit village de Gweta, il y a une \u00e9quipe d'enfants qui font plaisir \u00e0 voir jouer au football. Apr\u00e8s avoir parcouru plusieurs kilom\u00e8tres \u00e0 pied depuis l'\u00e9cole, ils se retrouvent aux abords du village pour pratiquer ce beau jeu.  Ce sont de v\u00e9ritables monstres et, malgr\u00e9 tout ce qui leur manque, ils allient la joie \u00e0 l'endurance et au beau jeu, ils savent transpirer. C'est pourquoi nous sommes ravis de les avoir soutenus en leur offrant un kit.<\/p>\n<p>Lors de notre prochain voyage, nous les mettrons au d\u00e9fi de disputer un match. Qui a dit peur.... ?<\/p>\n<p>Et puis nous ferons la f\u00eate une troisi\u00e8me fois avec un barbecue dans l'\u00e9colodge que Lesh, leur coach, a mis en place et que nous avons aussi le plaisir de soutenir pour qu'il puisse continuer \u00e0 s'occuper de ces champions. Voyons qui est partant !<\/p>\n\n\t\t<\/div> \n\t<\/div> <\/div><\/div><\/div><div class=\"wpb_column vc_column_container vc_col-sm-6\"><div class=\"vc_column-inner\"><div class=\"wpb_wrapper\">\t<div class=\"vc_empty_space\"  style=\"height: 70px\" ><span\n\t\t\tclass=\"vc_empty_space_inner\">\n\t\t\t<span class=\"empty_space_image\"  ><\/span>\n\t\t<\/span><\/div>\n\n\n\t<div class=\"wpb_text_column wpb_content_element\">\n\t\t<div class=\"wpb_wrapper\">\n\t\t\t<h4 style=\"text-align: center;\">\u00c9COLODGE GAMBIEN<\/h4>\n\n\t\t<\/div> \n\t<\/div> \t<div class=\"vc_empty_space\"  style=\"height: 50px\" ><span\n\t\t\tclass=\"vc_empty_space_inner\">\n\t\t\t<span class=\"empty_space_image\"  ><\/span>\n\t\t<\/span><\/div>\n\n<div class=\"wpb_gallery wpb_content_element vc_clearfix\"><div class=\"wpb_wrapper\"><div class=\"wpb_gallery_slides has_control_nav wpb_flexslider flexslider_fade flexslider\" data-interval=\"5\" data-flex_fx=\"fade\"data-control=\"true\"data-direction=\"true\"><ul class=\"slides\"><li><img loading=\"lazy\" decoding=\"async\" width=\"960\" height=\"643\" src=\"https:\/\/desertando.com\/wp-content\/uploads\/2020\/02\/IMG-20200129-WA0001-e1580778115941.jpg\" class=\"attachment-full\" alt=\"\" srcset=\"https:\/\/desertando.com\/wp-content\/uploads\/2020\/02\/IMG-20200129-WA0001-e1580778115941.jpg 960w, https:\/\/desertando.com\/wp-content\/uploads\/2020\/02\/IMG-20200129-WA0001-e1580778115941-300x201.jpg 300w, https:\/\/desertando.com\/wp-content\/uploads\/2020\/02\/IMG-20200129-WA0001-e1580778115941-768x514.jpg 768w, https:\/\/desertando.com\/wp-content\/uploads\/2020\/02\/IMG-20200129-WA0001-e1580778115941-700x469.jpg 700w\" sizes=\"(max-width: 960px) 100vw, 960px\" \/><\/li><li><img loading=\"lazy\" decoding=\"async\" width=\"719\" height=\"481\" src=\"https:\/\/desertando.com\/wp-content\/uploads\/2020\/02\/IMG-20200129-WA0004-e1580778393457.jpg\" class=\"attachment-full\" alt=\"\" srcset=\"https:\/\/desertando.com\/wp-content\/uploads\/2020\/02\/IMG-20200129-WA0004-e1580778393457.jpg 719w, https:\/\/desertando.com\/wp-content\/uploads\/2020\/02\/IMG-20200129-WA0004-e1580778393457-300x201.jpg 300w, https:\/\/desertando.com\/wp-content\/uploads\/2020\/02\/IMG-20200129-WA0004-e1580778393457-700x468.jpg 700w\" sizes=\"(max-width: 719px) 100vw, 719px\" \/><\/li><li><img loading=\"lazy\" decoding=\"async\" width=\"960\" height=\"640\" src=\"https:\/\/desertando.com\/wp-content\/uploads\/2020\/02\/IMG-20200129-WA0003-e1580778249121.jpg\" class=\"attachment-full\" alt=\"\" srcset=\"https:\/\/desertando.com\/wp-content\/uploads\/2020\/02\/IMG-20200129-WA0003-e1580778249121.jpg 960w, https:\/\/desertando.com\/wp-content\/uploads\/2020\/02\/IMG-20200129-WA0003-e1580778249121-300x200.jpg 300w, https:\/\/desertando.com\/wp-content\/uploads\/2020\/02\/IMG-20200129-WA0003-e1580778249121-768x512.jpg 768w, https:\/\/desertando.com\/wp-content\/uploads\/2020\/02\/IMG-20200129-WA0003-e1580778249121-700x467.jpg 700w\" sizes=\"(max-width: 960px) 100vw, 960px\" \/><\/li><li><img loading=\"lazy\" decoding=\"async\" width=\"992\" height=\"657\" src=\"https:\/\/desertando.com\/wp-content\/uploads\/2020\/02\/IMG-2020012-W02-e1580778701224.jpg\" class=\"attachment-full\" alt=\"\" srcset=\"https:\/\/desertando.com\/wp-content\/uploads\/2020\/02\/IMG-2020012-W02-e1580778701224.jpg 992w, https:\/\/desertando.com\/wp-content\/uploads\/2020\/02\/IMG-2020012-W02-e1580778701224-300x199.jpg 300w, https:\/\/desertando.com\/wp-content\/uploads\/2020\/02\/IMG-2020012-W02-e1580778701224-768x509.jpg 768w, https:\/\/desertando.com\/wp-content\/uploads\/2020\/02\/IMG-2020012-W02-e1580778701224-700x464.jpg 700w\" sizes=\"(max-width: 992px) 100vw, 992px\" \/><\/li><\/ul><\/div><\/div><\/div>\n\t<div class=\"wpb_text_column wpb_content_element  vc_custom_1581685912019\">\n\t\t<div class=\"wpb_wrapper\">\n\t\t\t<p>Un autre projet que nous aimerions pouvoir soutenir plus fortement est celui de notre ami Barry en Gambie.<\/p>\n<p>Barry est un grand entrepreneur, \u00e0 l'esprit toujours actif et positif, et il surmonte toutes les difficult\u00e9s qu'il rencontre pour cr\u00e9er un \u00e9colodge au bord du fleuve Gambie, dans la for\u00eat sacr\u00e9e de <strong>Makasutu<\/strong>.<\/p>\n<p>Le plus beau, c'est l'enthousiasme qu'ils mettent et, comme ils n'ont pas grand-chose \u00e0 offrir, \u00e0 chaque fois que nous y allons, ils nous remercient avec un bon barbecue, des rires garantis et beaucoup de danses inimitables sans rien casser.<\/p>\n<p>Un jour, ils parviendront \u00e0 le terminer et nous serions ravis que vous veniez les rencontrer. Je suis s\u00fbr que vous les soutiendrez !<\/p>\n\n\t\t<\/div> \n\t<\/div> <\/div><\/div><\/div><\/div><\/div><\/div><div      class=\"vc_row wpb_row section vc_row-fluid\" style=' text-align:left;'><div class=\"full_section_inner clearfix\"><div class=\"wpb_column vc_column_container vc_col-sm-12 vc_hidden-xs\"><div class=\"vc_column-inner\"><div class=\"wpb_wrapper\">\t<div class=\"vc_empty_space\"  style=\"height: 150px\" ><span\n\t\t\tclass=\"vc_empty_space_inner\">\n\t\t\t<span class=\"empty_space_image\"  ><\/span>\n\t\t<\/span><\/div>\n\n<\/div><\/div><\/div><\/div><\/div>","protected":false},"excerpt":{"rendered":"Projet social Projet social Liste des projets sociaux Tout au long de notre parcours, nous avons...","protected":false},"author":1,"featured_media":0,"parent":0,"menu_order":0,"comment_status":"closed","ping_status":"closed","template":"full_width.php","meta":{"footnotes":""},"yoast_head":"<!-- This site is optimized with the Yoast SEO plugin v23.5 - https:\/\/yoast.com\/wordpress\/plugins\/seo\/ -->\n<title>Proyecto Social - Desertando<\/title>\n<meta name=\"description\" content=\"Nuestros proyectos sociales son aquellos donde ponemos nuestro granito de arena, una forma de dejar parte de nuestro coraz\u00f3n por donde vamos.\" \/>\n<meta name=\"robots\" content=\"index, follow, max-snippet:-1, max-image-preview:large, max-video-preview:-1\" \/>\n<link rel=\"canonical\" href=\"https:\/\/desertando.com\/fr\/social\/\" \/>\n<meta property=\"og:locale\" content=\"fr_FR\" \/>\n<meta property=\"og:type\" content=\"article\" \/>\n<meta property=\"og:title\" content=\"Proyecto Social - Desertando\" \/>\n<meta property=\"og:description\" content=\"Nuestros proyectos sociales son aquellos donde ponemos nuestro granito de arena, una forma de dejar parte de nuestro coraz\u00f3n por donde vamos.\" \/>\n<meta property=\"og:url\" content=\"https:\/\/desertando.com\/fr\/social\/\" \/>\n<meta property=\"og:site_name\" content=\"Desertando\" \/>\n<meta property=\"article:modified_time\" content=\"2024-01-24T14:41:57+00:00\" \/>\n<meta name=\"twitter:card\" content=\"summary_large_image\" \/>\n<meta name=\"twitter:label1\" content=\"Dur\u00e9e de lecture estim\u00e9e\" \/>\n\t<meta name=\"twitter:data1\" content=\"2 minutes\" \/>\n<script type=\"application\/ld+json\" class=\"yoast-schema-graph\">{\"@context\":\"https:\/\/schema.org\",\"@graph\":[{\"@type\":\"WebPage\",\"@id\":\"https:\/\/desertando.com\/social\/\",\"url\":\"https:\/\/desertando.com\/social\/\",\"name\":\"Proyecto Social - Desertando\",\"isPartOf\":{\"@id\":\"https:\/\/desertando.com\/#website\"},\"datePublished\":\"2018-02-19T11:53:33+00:00\",\"dateModified\":\"2024-01-24T14:41:57+00:00\",\"description\":\"Nuestros proyectos sociales son aquellos donde ponemos nuestro granito de arena, una forma de dejar parte de nuestro coraz\u00f3n por donde vamos.\",\"breadcrumb\":{\"@id\":\"https:\/\/desertando.com\/social\/#breadcrumb\"},\"inLanguage\":\"fr-FR\",\"potentialAction\":[{\"@type\":\"ReadAction\",\"target\":[\"https:\/\/desertando.com\/social\/\"]}]},{\"@type\":\"BreadcrumbList\",\"@id\":\"https:\/\/desertando.com\/social\/#breadcrumb\",\"itemListElement\":[{\"@type\":\"ListItem\",\"position\":1,\"name\":\"Portada\",\"item\":\"https:\/\/desertando.com\/\"},{\"@type\":\"ListItem\",\"position\":2,\"name\":\"Proyecto Social\"}]},{\"@type\":\"WebSite\",\"@id\":\"https:\/\/desertando.com\/#website\",\"url\":\"https:\/\/desertando.com\/\",\"name\":\"Desertando\",\"description\":\"Viajando por los desiertos de \u00c1frica\",\"publisher\":{\"@id\":\"https:\/\/desertando.com\/#organization\"},\"potentialAction\":[{\"@type\":\"SearchAction\",\"target\":{\"@type\":\"EntryPoint\",\"urlTemplate\":\"https:\/\/desertando.com\/?s={search_term_string}\"},\"query-input\":{\"@type\":\"PropertyValueSpecification\",\"valueRequired\":true,\"valueName\":\"search_term_string\"}}],\"inLanguage\":\"fr-FR\"},{\"@type\":\"Organization\",\"@id\":\"https:\/\/desertando.com\/#organization\",\"name\":\"Desertando Club de Aventuras\",\"url\":\"https:\/\/desertando.com\/\",\"logo\":{\"@type\":\"ImageObject\",\"inLanguage\":\"fr-FR\",\"@id\":\"https:\/\/desertando.com\/#\/schema\/logo\/image\/\",\"url\":\"https:\/\/desertando.com\/wp-content\/uploads\/2020\/02\/logo_1_marron.png\",\"contentUrl\":\"https:\/\/desertando.com\/wp-content\/uploads\/2020\/02\/logo_1_marron.png\",\"width\":190,\"height\":60,\"caption\":\"Desertando Club de Aventuras\"},\"image\":{\"@id\":\"https:\/\/desertando.com\/#\/schema\/logo\/image\/\"}}]}<\/script>\n<!-- \/ Yoast SEO plugin. -->","yoast_head_json":{"title":"Proyecto Social - Desertando","description":"Nuestros proyectos sociales son aquellos donde ponemos nuestro granito de arena, una forma de dejar parte de nuestro coraz\u00f3n por donde vamos.","robots":{"index":"index","follow":"follow","max-snippet":"max-snippet:-1","max-image-preview":"max-image-preview:large","max-video-preview":"max-video-preview:-1"},"canonical":"https:\/\/desertando.com\/fr\/social\/","og_locale":"fr_FR","og_type":"article","og_title":"Proyecto Social - Desertando","og_description":"Nuestros proyectos sociales son aquellos donde ponemos nuestro granito de arena, una forma de dejar parte de nuestro coraz\u00f3n por donde vamos.","og_url":"https:\/\/desertando.com\/fr\/social\/","og_site_name":"Desertando","article_modified_time":"2024-01-24T14:41:57+00:00","twitter_card":"summary_large_image","twitter_misc":{"Dur\u00e9e de lecture estim\u00e9e":"2 minutes"},"schema":{"@context":"https:\/\/schema.org","@graph":[{"@type":"WebPage","@id":"https:\/\/desertando.com\/social\/","url":"https:\/\/desertando.com\/social\/","name":"Proyecto Social - Desertando","isPartOf":{"@id":"https:\/\/desertando.com\/#website"},"datePublished":"2018-02-19T11:53:33+00:00","dateModified":"2024-01-24T14:41:57+00:00","description":"Nuestros proyectos sociales son aquellos donde ponemos nuestro granito de arena, una forma de dejar parte de nuestro coraz\u00f3n por donde vamos.","breadcrumb":{"@id":"https:\/\/desertando.com\/social\/#breadcrumb"},"inLanguage":"fr-FR","potentialAction":[{"@type":"ReadAction","target":["https:\/\/desertando.com\/social\/"]}]},{"@type":"BreadcrumbList","@id":"https:\/\/desertando.com\/social\/#breadcrumb","itemListElement":[{"@type":"ListItem","position":1,"name":"Portada","item":"https:\/\/desertando.com\/"},{"@type":"ListItem","position":2,"name":"Proyecto Social"}]},{"@type":"WebSite","@id":"https:\/\/desertando.com\/#website","url":"https:\/\/desertando.com\/","name":"Desertando","description":"Viajando por los desiertos de \u00c1frica","publisher":{"@id":"https:\/\/desertando.com\/#organization"},"potentialAction":[{"@type":"SearchAction","target":{"@type":"EntryPoint","urlTemplate":"https:\/\/desertando.com\/?s={search_term_string}"},"query-input":{"@type":"PropertyValueSpecification","valueRequired":true,"valueName":"search_term_string"}}],"inLanguage":"fr-FR"},{"@type":"Organization","@id":"https:\/\/desertando.com\/#organization","name":"Desertando Club de Aventuras","url":"https:\/\/desertando.com\/","logo":{"@type":"ImageObject","inLanguage":"fr-FR","@id":"https:\/\/desertando.com\/#\/schema\/logo\/image\/","url":"https:\/\/desertando.com\/wp-content\/uploads\/2020\/02\/logo_1_marron.png","contentUrl":"https:\/\/desertando.com\/wp-content\/uploads\/2020\/02\/logo_1_marron.png","width":190,"height":60,"caption":"Desertando Club de Aventuras"},"image":{"@id":"https:\/\/desertando.com\/#\/schema\/logo\/image\/"}}]}},"post_mailing_queue_ids":[],"_links":{"self":[{"href":"https:\/\/desertando.com\/fr\/wp-json\/wp\/v2\/pages\/117"}],"collection":[{"href":"https:\/\/desertando.com\/fr\/wp-json\/wp\/v2\/pages"}],"about":[{"href":"https:\/\/desertando.com\/fr\/wp-json\/wp\/v2\/types\/page"}],"author":[{"embeddable":true,"href":"https:\/\/desertando.com\/fr\/wp-json\/wp\/v2\/users\/1"}],"replies":[{"embeddable":true,"href":"https:\/\/desertando.com\/fr\/wp-json\/wp\/v2\/comments?post=117"}],"version-history":[{"count":46,"href":"https:\/\/desertando.com\/fr\/wp-json\/wp\/v2\/pages\/117\/revisions"}],"predecessor-version":[{"id":7685,"href":"https:\/\/desertando.com\/fr\/wp-json\/wp\/v2\/pages\/117\/revisions\/7685"}],"wp:attachment":[{"href":"https:\/\/desertando.com\/fr\/wp-json\/wp\/v2\/media?parent=117"}],"curies":[{"name":"wp","href":"https:\/\/api.w.org\/{rel}","templated":true}]}}