{"id":4979,"date":"2019-12-02T09:41:44","date_gmt":"2019-12-02T08:41:44","guid":{"rendered":"http:\/\/desertando.com\/?page_id=4979"},"modified":"2024-01-30T18:01:40","modified_gmt":"2024-01-30T17:01:40","slug":"aviso-legal","status":"publish","type":"page","link":"https:\/\/desertando.com\/fr\/aviso-legal\/","title":{"rendered":"Avis juridique"},"content":{"rendered":"<div      class=\"vc_row wpb_row section vc_row-fluid  grid_section\" style=' padding-top:20px; padding-bottom:0px; text-align:center;'><div class=\"section_inner clearfix\"><div class='section_inner_margin clearfix'><div class=\"wpb_column vc_column_container vc_col-sm-12\"><div class=\"vc_column-inner\"><div class=\"wpb_wrapper\">\n\t<div class=\"wpb_raw_code wpb_content_element wpb_raw_html ocultar\" >\n\t\t<div class=\"wpb_wrapper\">\n\t\t\t<h1>Page juridique<\/h1>\n\t\t<\/div>\n\t<\/div>\n\t<div class=\"vc_empty_space\"  style=\"height: 70px\" ><span\n\t\t\tclass=\"vc_empty_space_inner\">\n\t\t\t<span class=\"empty_space_image\"  ><\/span>\n\t\t<\/span><\/div>\n\n\t\t<div class=\"mega-line-container ma_heading_wrap299\">\r\n\t\t\t\r\n\t\t\t\r\n\t\t    \t\t\t    <div class=\"mega-line-bottom\" style=\"text-align: center;\">  \r\n\t\t\t        <h2 style=\"font-size: 48px; color: #3e3a3b; text-transform: default; ;\">\r\n\t\t\t        \tAvis juridique\t\t\t        <\/h2>\r\n\t\t\t        <div class=\"heading_desc\" style=\"line-height: 1;\">\r\n\t\t\t        \t\t\t\t        <\/div>\r\n\t\t\t        <span style=\"width: 230px; border-top: 2px solid #c89454;\"><\/span>\r\n\t\t\t    <\/div>\r\n\t\t    \r\n\t\t    \r\n\t\t    \r\n\t\t          \t<\/div>\r\n\r\n      \t<style>\r\n\t\t\t.ma_heading_wrap299 .heading_desc *{\r\n\t\t\t\tfont-size: px;\r\n\t\t\t\t;\r\n\t\t\t}\r\n      \t<\/style>\r\n\t\t\t<div class=\"vc_empty_space\"  style=\"height: 50px\" ><span\n\t\t\tclass=\"vc_empty_space_inner\">\n\t\t\t<span class=\"empty_space_image\"  ><\/span>\n\t\t<\/span><\/div>\n\n\n\t<div class=\"wpb_raw_code wpb_content_element wpb_raw_html ocultar\" >\n\t\t<div class=\"wpb_wrapper\">\n\t\t\t<h3>Coordonn\u00e9es l\u00e9gales de l'entreprise<\/h3>\n\t\t<\/div>\n\t<\/div>\n<\/div><\/div><\/div><\/div><\/div><\/div><div      class=\"vc_row wpb_row section vc_row-fluid\" style=' text-align:left;'><div class=\"full_section_inner clearfix\"><div class=\"wpb_column vc_column_container vc_col-sm-12\"><div class=\"vc_column-inner\"><div class=\"wpb_wrapper\">\n\t<div class=\"wpb_text_column wpb_content_element\">\n\t\t<div class=\"wpb_wrapper\">\n\t\t\t<p>En vertu du respect de la <a href=\"https:\/\/www.boe.es\/buscar\/act.php?id=BOE-A-2002-13758\" target=\"_blank\" rel=\"noopener noreferrer\"><u><i>Loi 34\/2002, du 11 juillet, sur les services de la soci\u00e9t\u00e9 de l'information et le commerce \u00e9lectronique.<\/i><\/u><\/a>nous vous informons :<\/p>\n<p>&nbsp;<\/p>\n<h4><strong>1) OBJECTIF<\/strong><\/h4>\n<p>Art. 10 LSSI :<\/p>\n<p><a href=\"https:\/\/desertando.com\/fr\/\"><u><i>www.desertando.com<\/i><\/u><\/a> (ci-apr\u00e8s le \"domaine\"), est un domaine Internet appartenant \u00e0 DESERTANDO CLUB DE AVENTURAS, S.L. (ci-apr\u00e8s DESERTANDO), dont le si\u00e8ge social est situ\u00e9 Calle Arturo Soria, 333 - 28033 Madrid et dont le num\u00e9ro d'identification fiscale est B87565966. La soci\u00e9t\u00e9 est inscrite au registre du commerce de Madrid, volume 34711, folio 161, 1\u00e8re inscription, feuille n\u00b0 M-624318.<\/p>\n<p>Aux fins du pr\u00e9sent document, le num\u00e9ro de t\u00e9l\u00e9phone de contact est +34 620 50 17 61 et l'adresse \u00e9lectronique de contact est info@desertando.com.<\/p>\n<p>Les pr\u00e9sentes mentions l\u00e9gales r\u00e9gissent l'utilisation du domaine.<\/p>\n<p>L'utilisation de ce site web implique l'acceptation par l'utilisateur des conditions d'utilisation incluses dans le pr\u00e9sent avis juridique, ainsi que des politiques sur '...'.<a href=\"https:\/\/desertando.com\/index.php\/politica-de-privacidad\/\"><u><i>Politique de confidentialit\u00e9 et de protection des donn\u00e9es<\/i><\/u><\/a>' y '<a href=\"https:\/\/desertando.com\/index.php\/politica-de-cookies\/\"><u><i>Politique en mati\u00e8re de cookies<\/i><\/u><\/a>inclus dans le m\u00eame <em>site web<\/em>. Dans le cas o\u00f9 certains services, contenus et\/ou outils offerts par le biais de ce site web ne seraient pas disponibles pour vous. <i>site web<\/i>Si les droits et obligations de l'utilisateur n\u00e9cessitent l'application de conditions particuli\u00e8res, celles-ci sont mises \u00e0 la disposition de l'utilisateur.<\/p>\n<p>D'autre part, DESERTANDO avertit que les contenus et les services de ce site Web, ainsi que ceux des sites Web de DESERTANDO, ne sont pas prot\u00e9g\u00e9s par les droits d'auteur. <em>site web,<\/em> ainsi que les conditions d'utilisation elles-m\u00eames, peuvent \u00eatre modifi\u00e9es sans pr\u00e9avis.<\/p>\n<p>&nbsp;<\/p>\n<h4><strong>2. CONDITIONS D'UTILISATION<\/strong><\/h4>\n<p>L'utilisateur s'engage, dans les sections o\u00f9 il est n\u00e9cessaire de s'inscrire pour y acc\u00e9der, \u00e0 fournir des donn\u00e9es v\u00e9ridiques et exactes. L'utilisateur s'engage \u00e0 tenir \u00e0 jour les donn\u00e9es personnelles qu'il peut fournir au propri\u00e9taire du domaine, et il est donc seul responsable des informations fausses ou inexactes qu'il fournit.<\/p>\n<p>Nous vous informons que si vous \u00eates mineur, vous devez obtenir l'autorisation de vos tuteurs ou repr\u00e9sentants l\u00e9gaux pour acc\u00e9der aux services fournis. DESERTANDO d\u00e9cline toute responsabilit\u00e9 en cas de donn\u00e9es inexactes ou fausses.<\/p>\n<p>Le pr\u00e9sent <em>site web<\/em> ne peut \u00eatre utilis\u00e9 qu'\u00e0 des fins licites ; l'utilisateur est donc tenu d'en faire un usage licite et honn\u00eate, conform\u00e9ment aux pr\u00e9sentes conditions g\u00e9n\u00e9rales. <u>Conditions g\u00e9n\u00e9rales d'utilisation<\/u>de ne pas recourir aux services de la <em>site web<\/em>\"L'utilisateur assume toute responsabilit\u00e9 pour les dommages caus\u00e9s au propri\u00e9taire du domaine ou \u00e0 des tiers qui pourraient r\u00e9sulter de pratiques ill\u00e9gales ou inadmissibles, et assume toute responsabilit\u00e9 pour les dommages caus\u00e9s au propri\u00e9taire du domaine ou \u00e0 des tiers. \u00c0 titre d'exemple et sans limitation :<\/p>\n<p>&nbsp;<\/p>\n<ul>\n<li>Effectuer toute manipulation ou alt\u00e9ration de cette page sans le consentement pr\u00e9alable du propri\u00e9taire du domaine, qui n'assumera aucune responsabilit\u00e9 pouvant d\u00e9couler d'une telle manipulation ou alt\u00e9ration par des tiers.<\/li>\n<li>Faire quoi que ce soit qui puisse endommager, mettre hors service, surcharger ou alt\u00e9rer le fonctionnement du <em>site web<\/em> et des services et\/ou emp\u00eacher l'utilisation normale par les utilisateurs.<\/li>\n<li>introduire et\/ou utiliser des programmes informatiques, des donn\u00e9es, des fichiers d\u00e9fectueux, des virus, des codes malveillants, des \u00e9quipements informatiques ou de t\u00e9l\u00e9communication ou tout autre, quelle que soit leur nature, susceptibles de causer des dommages aux <em>site web<\/em>Le propri\u00e9taire du domaine n'est pas responsable des dommages caus\u00e9s aux services ou aux actifs (physiques ou logiques) des syst\u00e8mes d'information du propri\u00e9taire du domaine.<\/li>\n<li>violer les droits des tiers \u00e0 la vie priv\u00e9e, \u00e0 l'image de soi, \u00e0 la protection des donn\u00e9es, au secret des communications, \u00e0 la propri\u00e9t\u00e9 intellectuelle et industrielle.<\/li>\n<li>Masquer et usurper l'origine des messages \u00e9lectroniques.<\/li>\n<li>Utiliser de fausses identit\u00e9s, se faire passer pour quelqu'un d'autre dans l'utilisation de la <em>site web<\/em> ou dans l'utilisation de l'un des services.<\/li>\n<li>Reproduire, distribuer, modifier ou copier le contenu de cette page, sauf si vous avez l'autorisation du propri\u00e9taire du domaine ou si vous \u00eates l\u00e9galement autoris\u00e9 \u00e0 le faire.<\/li>\n<li>Transmettre les noms d'utilisateur et les mots de passe \u00e0 des tiers non autoris\u00e9s.<\/li>\n<\/ul>\n<p>&nbsp;<\/p>\n<p>DESERTANDO ne r\u00e9pond pas aux liens (<em>liens<\/em>) \u00e0 d'autres sites Web de tiers et leur existence n'implique pas que DESERTANDO approuve ou accepte leur contenu et leurs services. Ces autres sites Web ne sont ni contr\u00f4l\u00e9s par DESERTANDO ni couverts par le pr\u00e9sent site Web. <a href=\"https:\/\/desertando.com\/index.php\/politica-de-privacidad\/\"><u><em>Politique de confidentialit\u00e9<\/em><\/u><\/a>. Si vous acc\u00e9dez \u00e0 d'autres sites web en utilisant le <em>liens<\/em> \u00e0 condition que les op\u00e9rateurs de ces <em>sites web<\/em> peuvent recueillir vos informations personnelles. DESERTANDO vous recommande de vous assurer que vous \u00eates satisfait des politiques de confidentialit\u00e9 de ces sites Web tiers avant de fournir des informations personnelles.<\/p>\n<p>En g\u00e9n\u00e9ral, le propri\u00e9taire du domaine exclut sa responsabilit\u00e9 pour les dommages de toute nature et de tout type qui pourraient r\u00e9sulter de l'utilisation du domaine. <em>site web<\/em>L'utilisateur ne peut \u00eatre tenu responsable des dommages d\u00e9coulant de la violation des droits de propri\u00e9t\u00e9 intellectuelle et industrielle par les utilisateurs et\/ou du manque de v\u00e9racit\u00e9, d'exactitude et d'actualit\u00e9 des contenus, ni de l'interruption du service, du mauvais fonctionnement ou de l'impossibilit\u00e9 d'acc\u00e9der au service.<\/p>\n<p>Le propri\u00e9taire du domaine n'est pas responsable des dommages caus\u00e9s par la pr\u00e9sence de virus ou de toute autre forme d'infection. <em>logiciel<\/em> nuisibles susceptibles d'alt\u00e9rer le syst\u00e8me informatique de l'utilisateur.<\/p>\n<p>Les <em>site web,<\/em> y compris, mais sans s'y limiter, sa programmation, ses dessins, ses logos, ses textes et\/ou ses graphiques, sont la propri\u00e9t\u00e9 du fournisseur ou, le cas \u00e9ch\u00e9ant, b\u00e9n\u00e9ficient d'une licence ou d'une autorisation expresse de la part des auteurs.<\/p>\n<p>Quelle que soit la finalit\u00e9 poursuivie, la reproduction, l'utilisation, l'exploitation, la distribution et la commercialisation, totales ou partielles, n\u00e9cessitent dans tous les cas l'autorisation \u00e9crite pr\u00e9alable du propri\u00e9taire du domaine.<\/p>\n<p>L'utilisateur s'engage \u00e0 n'effectuer aucun acte contre les droits de propri\u00e9t\u00e9 intellectuelle ou industrielle de l'auteur.<\/p>\n<p>Le fournisseur autorise express\u00e9ment les tiers \u00e0 rediriger directement vers les contenus sp\u00e9cifiques du site web de <em>site web<\/em>sauf interdiction expresse.<\/p>\n<p>&nbsp;<\/p>\n<h4><strong>3. PROTECTION DES DONN\u00c9ES et UTILISATION DES COOKIES<\/strong><\/h4>\n<p>Vous pouvez consulter notre politique en mati\u00e8re de protection des donn\u00e9es personnelles et d'utilisation des cookies dans les sections suivantes :<\/p>\n<p><a href=\"https:\/\/desertando.com\/index.php\/politica-de-privacidad\/\"><u><em>Politique de confidentialit\u00e9 et de protection des donn\u00e9es<\/em><\/u><\/a> y <a href=\"https:\/\/desertando.com\/index.php\/politica-de-cookies\/\"><u><em>Politique en mati\u00e8re de cookies<\/em><\/u><\/a>.<\/p>\n<p>&nbsp;<\/p>\n<h4><strong>4. DROIT APPLICABLE<\/strong><\/h4>\n<p>Les pr\u00e9sentes conditions sont \u00e0 tout moment r\u00e9gies par les dispositions de la l\u00e9gislation espagnole et europ\u00e9enne.<\/p>\n\n\t\t<\/div> \n\t<\/div> <\/div><\/div><\/div><\/div><\/div><div      class=\"vc_row wpb_row section vc_row-fluid\" style=' text-align:left;'><div class=\"full_section_inner clearfix\"><div class=\"wpb_column vc_column_container vc_col-sm-12\"><div class=\"vc_column-inner\"><div class=\"wpb_wrapper\">\t<div class=\"vc_empty_space\"  style=\"height: 200px\" ><span\n\t\t\tclass=\"vc_empty_space_inner\">\n\t\t\t<span class=\"empty_space_image\"  ><\/span>\n\t\t<\/span><\/div>\n\n<\/div><\/div><\/div><\/div><\/div>","protected":false},"excerpt":{"rendered":"Page l\u00e9gale Avis l\u00e9gal Donn\u00e9es l\u00e9gales de l'entreprise Selon les termes de la...","protected":false},"author":1,"featured_media":0,"parent":0,"menu_order":0,"comment_status":"closed","ping_status":"closed","template":"","meta":{"footnotes":""},"yoast_head":"<!-- This site is optimized with the Yoast SEO plugin v23.5 - https:\/\/yoast.com\/wordpress\/plugins\/seo\/ -->\n<title>Aviso legal - Desertando<\/title>\n<meta name=\"robots\" content=\"index, follow, max-snippet:-1, max-image-preview:large, max-video-preview:-1\" \/>\n<link rel=\"canonical\" href=\"https:\/\/desertando.com\/fr\/aviso-legal\/\" \/>\n<meta property=\"og:locale\" content=\"fr_FR\" \/>\n<meta property=\"og:type\" content=\"article\" \/>\n<meta property=\"og:title\" content=\"Aviso legal - Desertando\" \/>\n<meta property=\"og:url\" content=\"https:\/\/desertando.com\/fr\/aviso-legal\/\" \/>\n<meta property=\"og:site_name\" content=\"Desertando\" \/>\n<meta property=\"article:modified_time\" content=\"2024-01-30T17:01:40+00:00\" \/>\n<meta name=\"twitter:card\" content=\"summary_large_image\" \/>\n<meta name=\"twitter:label1\" content=\"Dur\u00e9e de lecture estim\u00e9e\" \/>\n\t<meta name=\"twitter:data1\" content=\"5 minutes\" \/>\n<script type=\"application\/ld+json\" class=\"yoast-schema-graph\">{\"@context\":\"https:\/\/schema.org\",\"@graph\":[{\"@type\":\"WebPage\",\"@id\":\"https:\/\/desertando.com\/aviso-legal\/\",\"url\":\"https:\/\/desertando.com\/aviso-legal\/\",\"name\":\"Aviso legal - Desertando\",\"isPartOf\":{\"@id\":\"https:\/\/desertando.com\/#website\"},\"datePublished\":\"2019-12-02T08:41:44+00:00\",\"dateModified\":\"2024-01-30T17:01:40+00:00\",\"breadcrumb\":{\"@id\":\"https:\/\/desertando.com\/aviso-legal\/#breadcrumb\"},\"inLanguage\":\"fr-FR\",\"potentialAction\":[{\"@type\":\"ReadAction\",\"target\":[\"https:\/\/desertando.com\/aviso-legal\/\"]}]},{\"@type\":\"BreadcrumbList\",\"@id\":\"https:\/\/desertando.com\/aviso-legal\/#breadcrumb\",\"itemListElement\":[{\"@type\":\"ListItem\",\"position\":1,\"name\":\"Portada\",\"item\":\"https:\/\/desertando.com\/\"},{\"@type\":\"ListItem\",\"position\":2,\"name\":\"Aviso legal\"}]},{\"@type\":\"WebSite\",\"@id\":\"https:\/\/desertando.com\/#website\",\"url\":\"https:\/\/desertando.com\/\",\"name\":\"Desertando\",\"description\":\"Viajando por los desiertos de \u00c1frica\",\"publisher\":{\"@id\":\"https:\/\/desertando.com\/#organization\"},\"potentialAction\":[{\"@type\":\"SearchAction\",\"target\":{\"@type\":\"EntryPoint\",\"urlTemplate\":\"https:\/\/desertando.com\/?s={search_term_string}\"},\"query-input\":{\"@type\":\"PropertyValueSpecification\",\"valueRequired\":true,\"valueName\":\"search_term_string\"}}],\"inLanguage\":\"fr-FR\"},{\"@type\":\"Organization\",\"@id\":\"https:\/\/desertando.com\/#organization\",\"name\":\"Desertando Club de Aventuras\",\"url\":\"https:\/\/desertando.com\/\",\"logo\":{\"@type\":\"ImageObject\",\"inLanguage\":\"fr-FR\",\"@id\":\"https:\/\/desertando.com\/#\/schema\/logo\/image\/\",\"url\":\"https:\/\/desertando.com\/wp-content\/uploads\/2020\/02\/logo_1_marron.png\",\"contentUrl\":\"https:\/\/desertando.com\/wp-content\/uploads\/2020\/02\/logo_1_marron.png\",\"width\":190,\"height\":60,\"caption\":\"Desertando Club de Aventuras\"},\"image\":{\"@id\":\"https:\/\/desertando.com\/#\/schema\/logo\/image\/\"}}]}<\/script>\n<!-- \/ Yoast SEO plugin. -->","yoast_head_json":{"title":"Aviso legal - Desertando","robots":{"index":"index","follow":"follow","max-snippet":"max-snippet:-1","max-image-preview":"max-image-preview:large","max-video-preview":"max-video-preview:-1"},"canonical":"https:\/\/desertando.com\/fr\/aviso-legal\/","og_locale":"fr_FR","og_type":"article","og_title":"Aviso legal - Desertando","og_url":"https:\/\/desertando.com\/fr\/aviso-legal\/","og_site_name":"Desertando","article_modified_time":"2024-01-30T17:01:40+00:00","twitter_card":"summary_large_image","twitter_misc":{"Dur\u00e9e de lecture estim\u00e9e":"5 minutes"},"schema":{"@context":"https:\/\/schema.org","@graph":[{"@type":"WebPage","@id":"https:\/\/desertando.com\/aviso-legal\/","url":"https:\/\/desertando.com\/aviso-legal\/","name":"Aviso legal - Desertando","isPartOf":{"@id":"https:\/\/desertando.com\/#website"},"datePublished":"2019-12-02T08:41:44+00:00","dateModified":"2024-01-30T17:01:40+00:00","breadcrumb":{"@id":"https:\/\/desertando.com\/aviso-legal\/#breadcrumb"},"inLanguage":"fr-FR","potentialAction":[{"@type":"ReadAction","target":["https:\/\/desertando.com\/aviso-legal\/"]}]},{"@type":"BreadcrumbList","@id":"https:\/\/desertando.com\/aviso-legal\/#breadcrumb","itemListElement":[{"@type":"ListItem","position":1,"name":"Portada","item":"https:\/\/desertando.com\/"},{"@type":"ListItem","position":2,"name":"Aviso legal"}]},{"@type":"WebSite","@id":"https:\/\/desertando.com\/#website","url":"https:\/\/desertando.com\/","name":"Desertando","description":"Viajando por los desiertos de \u00c1frica","publisher":{"@id":"https:\/\/desertando.com\/#organization"},"potentialAction":[{"@type":"SearchAction","target":{"@type":"EntryPoint","urlTemplate":"https:\/\/desertando.com\/?s={search_term_string}"},"query-input":{"@type":"PropertyValueSpecification","valueRequired":true,"valueName":"search_term_string"}}],"inLanguage":"fr-FR"},{"@type":"Organization","@id":"https:\/\/desertando.com\/#organization","name":"Desertando Club de Aventuras","url":"https:\/\/desertando.com\/","logo":{"@type":"ImageObject","inLanguage":"fr-FR","@id":"https:\/\/desertando.com\/#\/schema\/logo\/image\/","url":"https:\/\/desertando.com\/wp-content\/uploads\/2020\/02\/logo_1_marron.png","contentUrl":"https:\/\/desertando.com\/wp-content\/uploads\/2020\/02\/logo_1_marron.png","width":190,"height":60,"caption":"Desertando Club de Aventuras"},"image":{"@id":"https:\/\/desertando.com\/#\/schema\/logo\/image\/"}}]}},"post_mailing_queue_ids":[],"_links":{"self":[{"href":"https:\/\/desertando.com\/fr\/wp-json\/wp\/v2\/pages\/4979"}],"collection":[{"href":"https:\/\/desertando.com\/fr\/wp-json\/wp\/v2\/pages"}],"about":[{"href":"https:\/\/desertando.com\/fr\/wp-json\/wp\/v2\/types\/page"}],"author":[{"embeddable":true,"href":"https:\/\/desertando.com\/fr\/wp-json\/wp\/v2\/users\/1"}],"replies":[{"embeddable":true,"href":"https:\/\/desertando.com\/fr\/wp-json\/wp\/v2\/comments?post=4979"}],"version-history":[{"count":16,"href":"https:\/\/desertando.com\/fr\/wp-json\/wp\/v2\/pages\/4979\/revisions"}],"predecessor-version":[{"id":7708,"href":"https:\/\/desertando.com\/fr\/wp-json\/wp\/v2\/pages\/4979\/revisions\/7708"}],"wp:attachment":[{"href":"https:\/\/desertando.com\/fr\/wp-json\/wp\/v2\/media?parent=4979"}],"curies":[{"name":"wp","href":"https:\/\/api.w.org\/{rel}","templated":true}]}}