{"id":5041,"date":"2019-12-02T16:18:30","date_gmt":"2019-12-02T15:18:30","guid":{"rendered":"http:\/\/desertando.com\/?page_id=5041"},"modified":"2024-01-22T14:15:31","modified_gmt":"2024-01-22T13:15:31","slug":"overland","status":"publish","type":"page","link":"https:\/\/desertando.com\/fr\/nuestras-rutas\/overland\/","title":{"rendered":"Terre"},"content":{"rendered":"<div      class=\"vc_row wpb_row section vc_row-fluid\" style=' text-align:left;'><div class=\"full_section_inner clearfix\"><div class=\"wpb_column vc_column_container vc_col-sm-12\"><div class=\"vc_column-inner\"><div class=\"wpb_wrapper\">\n\t<div class=\"wpb_single_image wpb_content_element vc_align_center\">\n\t\t<div class=\"wpb_wrapper\">\n\t\t\t\n\t\t\t<div class=\"vc_single_image-wrapper   vc_box_border_grey\"><img loading=\"lazy\" decoding=\"async\" width=\"1920\" height=\"580\" src=\"https:\/\/desertando.com\/wp-content\/uploads\/2019\/11\/Lagos-de-ubari-mas-dunas8.jpg\" class=\"vc_single_image-img attachment-full\" alt=\"\" srcset=\"https:\/\/desertando.com\/wp-content\/uploads\/2019\/11\/Lagos-de-ubari-mas-dunas8.jpg 1920w, https:\/\/desertando.com\/wp-content\/uploads\/2019\/11\/Lagos-de-ubari-mas-dunas8-300x91.jpg 300w, https:\/\/desertando.com\/wp-content\/uploads\/2019\/11\/Lagos-de-ubari-mas-dunas8-768x232.jpg 768w, https:\/\/desertando.com\/wp-content\/uploads\/2019\/11\/Lagos-de-ubari-mas-dunas8-1024x309.jpg 1024w, https:\/\/desertando.com\/wp-content\/uploads\/2019\/11\/Lagos-de-ubari-mas-dunas8-700x211.jpg 700w\" sizes=\"(max-width: 1920px) 100vw, 1920px\" \/><\/div>\n\t\t<\/div>\n\t<\/div>\n\t<div class=\"vc_empty_space\"  style=\"height: 20px\" ><span\n\t\t\tclass=\"vc_empty_space_inner\">\n\t\t\t<span class=\"empty_space_image\"  ><\/span>\n\t\t<\/span><\/div>\n\n<\/div><\/div><\/div><\/div><\/div><div      class=\"vc_row wpb_row section vc_row-fluid  grid_section\" style=' padding-top:20px; padding-bottom:0px; text-align:center;'><div class=\"section_inner clearfix\"><div class='section_inner_margin clearfix'><div class=\"wpb_column vc_column_container vc_col-sm-12\"><div class=\"vc_column-inner\"><div class=\"wpb_wrapper\">\t\t<div class=\"mega-line-container ma_heading_wrap296\">\r\n\t\t\t\r\n\t\t\t\r\n\t\t    \t\t\t    <div class=\"mega-line-bottom\" style=\"text-align: center;\">  \r\n\t\t\t        <h2 style=\"font-size: 48px; color: #3e3a3b; text-transform: default; ;\">\r\n\t\t\t        \tAfrique par voie terrestre\t\t\t        <\/h2>\r\n\t\t\t        <div class=\"heading_desc\" style=\"line-height: 1;\">\r\n\t\t\t        \t\t\t\t        <\/div>\r\n\t\t\t        <span style=\"width: 230px; border-top: 2px solid #c89454;\"><\/span>\r\n\t\t\t    <\/div>\r\n\t\t    \r\n\t\t    \r\n\t\t    \r\n\t\t          \t<\/div>\r\n\r\n      \t<style>\r\n\t\t\t.ma_heading_wrap296 .heading_desc *{\r\n\t\t\t\tfont-size: px;\r\n\t\t\t\t;\r\n\t\t\t}\r\n      \t<\/style>\r\n\t\t\t<div class=\"vc_empty_space\"  style=\"height: 70px\" ><span\n\t\t\tclass=\"vc_empty_space_inner\">\n\t\t\t<span class=\"empty_space_image\"  ><\/span>\n\t\t<\/span><\/div>\n\n<\/div><\/div><\/div><\/div><\/div><\/div><div      class=\"vc_row wpb_row section vc_row-fluid  grid_section\" style=' text-align:left;'><div class=\"section_inner clearfix\"><div class='section_inner_margin clearfix'><div class=\"wpb_column vc_column_container vc_col-sm-3\"><div class=\"vc_column-inner\"><div class=\"wpb_wrapper\"><\/div><\/div><\/div><div class=\"wpb_column vc_column_container vc_col-sm-3\"><div class=\"vc_column-inner\"><div class=\"wpb_wrapper\"><div class='image_hover' style='' data-transition-delay=''><div class='images_holder'><a itemprop='url' href='https:\/\/desertando.com\/index.php\/nuestras-rutas\/overland\/transahariana-la-legendaria-ruta-aeropostale\/' target='_self'><img itemprop='image' class='active_image' src='https:\/\/desertando.com\/wp-content\/uploads\/2020\/01\/transahariana-imagen-intermedia-650x435-1.jpg' alt='' style='' \/><img itemprop='image' class='hover_image' src='https:\/\/desertando.com\/wp-content\/uploads\/2020\/02\/mapa-transahariana.jpg' alt='' style='' \/><\/a><\/div><\/div>\t<div class=\"vc_empty_space\"  style=\"height: 30px\" ><span\n\t\t\tclass=\"vc_empty_space_inner\">\n\t\t\t<span class=\"empty_space_image\"  ><\/span>\n\t\t<\/span><\/div>\n\n\n\t<div class=\"wpb_text_column wpb_content_element\">\n\t\t<div class=\"wpb_wrapper\">\n\t\t\t<h3 style=\"text-align: center;\"><a href=\"https:\/\/desertando.com\/index.php\/nuestras-rutas\/overland\/transahariana-la-legendaria-ruta-aeropostale\/\"><span style=\"font-size: 22px; color: #c89454;\">Transsaharienne. La l\u00e9gendaire route de l'A\u00e9ropostale<\/span><\/a><\/h3>\n<p style=\"text-align: center;\"><span style=\"color: #c89454;\"><a style=\"color: #c89454;\" href=\"https:\/\/desertando.com\/index.php\/nuestras-rutas\/overland\/transahariana-la-legendaria-ruta-aeropostale\/\">(Maroc - Mauritanie - Sahara occidental - S\u00e9n\u00e9gal)<\/a><\/span><\/p>\n\n\t\t<\/div> \n\t<\/div> <div      class=\"vc_row wpb_row section vc_row-fluid vc_inner\" style=' text-align:left;'><div class=\"full_section_inner clearfix\"><div class=\"wpb_column vc_column_container vc_col-sm-12 vc_hidden-lg vc_hidden-md vc_hidden-sm\"><div class=\"vc_column-inner\"><div class=\"wpb_wrapper\">\t<div class=\"vc_empty_space\"  style=\"height: 70px\" ><span\n\t\t\tclass=\"vc_empty_space_inner\">\n\t\t\t<span class=\"empty_space_image\"  ><\/span>\n\t\t<\/span><\/div>\n\n<\/div><\/div><\/div><\/div><\/div><\/div><\/div><\/div><div class=\"wpb_column vc_column_container vc_col-sm-3\"><div class=\"vc_column-inner\"><div class=\"wpb_wrapper\"><div class='image_hover' style='' data-transition-delay=''><div class='images_holder'><a itemprop='url' href='https:\/\/desertando.com\/index.php\/nuestras-rutas\/overland\/namibia-botswana-zimbawe-por-las-arenas-del-kalahari\/' target='_self'><img itemprop='image' class='active_image' src='https:\/\/desertando.com\/wp-content\/uploads\/2020\/01\/Namibia-imagen-intermedia-650x435-1.jpg' alt='' style='' \/><img itemprop='image' class='hover_image' src='https:\/\/desertando.com\/wp-content\/uploads\/2020\/02\/mapa-namibia-botswana.jpg' alt='' style='' \/><\/a><\/div><\/div>\t<div class=\"vc_empty_space\"  style=\"height: 30px\" ><span\n\t\t\tclass=\"vc_empty_space_inner\">\n\t\t\t<span class=\"empty_space_image\"  ><\/span>\n\t\t<\/span><\/div>\n\n\n\t<div class=\"wpb_text_column wpb_content_element\">\n\t\t<div class=\"wpb_wrapper\">\n\t\t\t<h3 style=\"text-align: center;\"><a href=\"https:\/\/desertando.com\/index.php\/nuestras-rutas\/overland\/namibia-botswana-zimbawe-por-las-arenas-del-kalahari\/\"><span style=\"font-size: 22px; color: #c89454;\">Sur les sables du Kalahari<\/span><\/a><\/h3>\n<p style=\"text-align: center;\"><span style=\"color: #c89454;\"><a style=\"color: #c89454;\" href=\"https:\/\/desertando.com\/index.php\/nuestras-rutas\/overland\/namibia-botswana-zimbawe-por-las-arenas-del-kalahari\/\">(Namibie - Botswana - Zimbabwe)<\/a><\/span><\/p>\n\n\t\t<\/div> \n\t<\/div> <\/div><\/div><\/div><div class=\"wpb_column vc_column_container vc_col-sm-3\"><div class=\"vc_column-inner\"><div class=\"wpb_wrapper\"><\/div><\/div><\/div><\/div><\/div><\/div><div      class=\"vc_row wpb_row section vc_row-fluid\" style=' text-align:left;'><div class=\"full_section_inner clearfix\"><div class=\"wpb_column vc_column_container vc_col-sm-12\"><div class=\"vc_column-inner\"><div class=\"wpb_wrapper\">\t<div class=\"vc_empty_space\"  style=\"height: 40px\" ><span\n\t\t\tclass=\"vc_empty_space_inner\">\n\t\t\t<span class=\"empty_space_image\"  ><\/span>\n\t\t<\/span><\/div>\n\n<\/div><\/div><\/div><\/div><\/div><div      class=\"vc_row wpb_row section vc_row-fluid  grid_section\" style=' padding-top:20px; padding-bottom:0px; text-align:center;'><div class=\"section_inner clearfix\"><div class='section_inner_margin clearfix'><div class=\"wpb_column vc_column_container vc_col-sm-12\"><div class=\"vc_column-inner\"><div class=\"wpb_wrapper\"><div class=\"separator  small center\" style=\"background-color: #c89454;height: 1px;width: 70%;\"><\/div>\n<\/div><\/div><\/div><\/div><\/div><\/div><div      class=\"vc_row wpb_row section vc_row-fluid\" style=' text-align:left;'><div class=\"full_section_inner clearfix\"><div class=\"wpb_column vc_column_container vc_col-sm-12\"><div class=\"vc_column-inner\"><div class=\"wpb_wrapper\">\t<div class=\"vc_empty_space\"  style=\"height: 40px\" ><span\n\t\t\tclass=\"vc_empty_space_inner\">\n\t\t\t<span class=\"empty_space_image\"  ><\/span>\n\t\t<\/span><\/div>\n\n<\/div><\/div><\/div><\/div><\/div><div      class=\"vc_row wpb_row section vc_row-fluid  grid_section\" style=' text-align:left;'><div class=\"section_inner clearfix\"><div class='section_inner_margin clearfix'><div class=\"wpb_column vc_column_container vc_col-sm-12\"><div class=\"vc_column-inner\"><div class=\"wpb_wrapper\">\n\t<div class=\"wpb_text_column wpb_content_element\">\n\t\t<div class=\"wpb_wrapper\">\n\t\t\t<p style=\"font-weight: 400;\">Pour les plus aventureux, les r\u00eaveurs, ceux qui en veulent toujours plus, ceux qui ne s'arr\u00eatent pas aux barri\u00e8res... nous avons con\u00e7u plusieurs itin\u00e9raires. <strong>Terre<\/strong>. De la route des pilotes l\u00e9gendaires de la poste. <strong>Aeropostale<\/strong>La Commission europ\u00e9enne a d\u00e9cid\u00e9 d'embo\u00eeter le pas \u00e0 la Commission europ\u00e9enne. <em>Livingstone<\/em> lorsqu'il a travers\u00e9 le <strong>Kalahari<\/strong> pour d\u00e9couvrir les <strong>Chutes Victoria<\/strong> ou d\u00e9couvrir la naissance de la <strong>sources du Niger<\/strong> dans les montagnes de <strong>Guin\u00e9e Conakry<\/strong>.<\/p>\n<p style=\"font-weight: 400;\">Avec nos itin\u00e9raires <strong>Par voie terrestre,<\/strong> Vous traverserez des jungles et des d\u00e9serts, escaladerez des montagnes, remonterez des rivi\u00e8res parmi les hippopotames et vous baignerez sur des plages isol\u00e9es, visiterez des villages isol\u00e9s ou des march\u00e9s color\u00e9s... Vous vivrez la grande aventure !<\/p>\n\n\t\t<\/div> \n\t<\/div> <\/div><\/div><\/div><\/div><\/div><\/div><div      class=\"vc_row wpb_row section vc_row-fluid\" style=' text-align:left;'><div class=\"full_section_inner clearfix\"><div class=\"wpb_column vc_column_container vc_col-sm-12\"><div class=\"vc_column-inner\"><div class=\"wpb_wrapper\">\t<div class=\"vc_empty_space\"  style=\"height: 100px\" ><span\n\t\t\tclass=\"vc_empty_space_inner\">\n\t\t\t<span class=\"empty_space_image\"  ><\/span>\n\t\t<\/span><\/div>\n\n<\/div><\/div><\/div><\/div><\/div>","protected":false},"excerpt":{"rendered":"L'Afrique transsaharienne par voie terrestre. La l\u00e9gendaire route de l'A\u00e9ropostale (Maroc - Mauritanie - Sahara...","protected":false},"author":1,"featured_media":0,"parent":146,"menu_order":0,"comment_status":"closed","ping_status":"closed","template":"full_width.php","meta":{"footnotes":""},"yoast_head":"<!-- This site is optimized with the Yoast SEO plugin v23.5 - https:\/\/yoast.com\/wordpress\/plugins\/seo\/ -->\n<title>Overland - Desertando<\/title>\n<meta name=\"description\" content=\"Con nuestras rutas Overland, atravesar\u00e1s selvas y desiertos, subir\u00e1s monta\u00f1as, remontaras r\u00edos, visitaras aldeas remotas o coloridos mercados.\" \/>\n<meta name=\"robots\" content=\"index, follow, max-snippet:-1, max-image-preview:large, max-video-preview:-1\" \/>\n<link rel=\"canonical\" href=\"https:\/\/desertando.com\/fr\/nuestras-rutas\/overland\/\" \/>\n<meta property=\"og:locale\" content=\"fr_FR\" \/>\n<meta property=\"og:type\" content=\"article\" \/>\n<meta property=\"og:title\" content=\"Overland - Desertando\" \/>\n<meta property=\"og:description\" content=\"Con nuestras rutas Overland, atravesar\u00e1s selvas y desiertos, subir\u00e1s monta\u00f1as, remontaras r\u00edos, visitaras aldeas remotas o coloridos mercados.\" \/>\n<meta property=\"og:url\" content=\"https:\/\/desertando.com\/fr\/nuestras-rutas\/overland\/\" \/>\n<meta property=\"og:site_name\" content=\"Desertando\" \/>\n<meta property=\"article:modified_time\" content=\"2024-01-22T13:15:31+00:00\" \/>\n<meta name=\"twitter:card\" content=\"summary_large_image\" \/>\n<meta name=\"twitter:label1\" content=\"Dur\u00e9e de lecture estim\u00e9e\" \/>\n\t<meta name=\"twitter:data1\" content=\"2 minutes\" \/>\n<script type=\"application\/ld+json\" class=\"yoast-schema-graph\">{\"@context\":\"https:\/\/schema.org\",\"@graph\":[{\"@type\":\"WebPage\",\"@id\":\"https:\/\/desertando.com\/nuestras-rutas\/overland\/\",\"url\":\"https:\/\/desertando.com\/nuestras-rutas\/overland\/\",\"name\":\"Overland - Desertando\",\"isPartOf\":{\"@id\":\"https:\/\/desertando.com\/#website\"},\"datePublished\":\"2019-12-02T15:18:30+00:00\",\"dateModified\":\"2024-01-22T13:15:31+00:00\",\"description\":\"Con nuestras rutas Overland, atravesar\u00e1s selvas y desiertos, subir\u00e1s monta\u00f1as, remontaras r\u00edos, visitaras aldeas remotas o coloridos mercados.\",\"breadcrumb\":{\"@id\":\"https:\/\/desertando.com\/nuestras-rutas\/overland\/#breadcrumb\"},\"inLanguage\":\"fr-FR\",\"potentialAction\":[{\"@type\":\"ReadAction\",\"target\":[\"https:\/\/desertando.com\/nuestras-rutas\/overland\/\"]}]},{\"@type\":\"BreadcrumbList\",\"@id\":\"https:\/\/desertando.com\/nuestras-rutas\/overland\/#breadcrumb\",\"itemListElement\":[{\"@type\":\"ListItem\",\"position\":1,\"name\":\"Portada\",\"item\":\"https:\/\/desertando.com\/\"},{\"@type\":\"ListItem\",\"position\":2,\"name\":\"RUTAS\",\"item\":\"https:\/\/desertando.com\/nuestras-rutas\/\"},{\"@type\":\"ListItem\",\"position\":3,\"name\":\"Overland\"}]},{\"@type\":\"WebSite\",\"@id\":\"https:\/\/desertando.com\/#website\",\"url\":\"https:\/\/desertando.com\/\",\"name\":\"Desertando\",\"description\":\"Viajando por los desiertos de \u00c1frica\",\"publisher\":{\"@id\":\"https:\/\/desertando.com\/#organization\"},\"potentialAction\":[{\"@type\":\"SearchAction\",\"target\":{\"@type\":\"EntryPoint\",\"urlTemplate\":\"https:\/\/desertando.com\/?s={search_term_string}\"},\"query-input\":{\"@type\":\"PropertyValueSpecification\",\"valueRequired\":true,\"valueName\":\"search_term_string\"}}],\"inLanguage\":\"fr-FR\"},{\"@type\":\"Organization\",\"@id\":\"https:\/\/desertando.com\/#organization\",\"name\":\"Desertando Club de Aventuras\",\"url\":\"https:\/\/desertando.com\/\",\"logo\":{\"@type\":\"ImageObject\",\"inLanguage\":\"fr-FR\",\"@id\":\"https:\/\/desertando.com\/#\/schema\/logo\/image\/\",\"url\":\"https:\/\/desertando.com\/wp-content\/uploads\/2020\/02\/logo_1_marron.png\",\"contentUrl\":\"https:\/\/desertando.com\/wp-content\/uploads\/2020\/02\/logo_1_marron.png\",\"width\":190,\"height\":60,\"caption\":\"Desertando Club de Aventuras\"},\"image\":{\"@id\":\"https:\/\/desertando.com\/#\/schema\/logo\/image\/\"}}]}<\/script>\n<!-- \/ Yoast SEO plugin. -->","yoast_head_json":{"title":"Overland - Desertando","description":"Con nuestras rutas Overland, atravesar\u00e1s selvas y desiertos, subir\u00e1s monta\u00f1as, remontaras r\u00edos, visitaras aldeas remotas o coloridos mercados.","robots":{"index":"index","follow":"follow","max-snippet":"max-snippet:-1","max-image-preview":"max-image-preview:large","max-video-preview":"max-video-preview:-1"},"canonical":"https:\/\/desertando.com\/fr\/nuestras-rutas\/overland\/","og_locale":"fr_FR","og_type":"article","og_title":"Overland - Desertando","og_description":"Con nuestras rutas Overland, atravesar\u00e1s selvas y desiertos, subir\u00e1s monta\u00f1as, remontaras r\u00edos, visitaras aldeas remotas o coloridos mercados.","og_url":"https:\/\/desertando.com\/fr\/nuestras-rutas\/overland\/","og_site_name":"Desertando","article_modified_time":"2024-01-22T13:15:31+00:00","twitter_card":"summary_large_image","twitter_misc":{"Dur\u00e9e de lecture estim\u00e9e":"2 minutes"},"schema":{"@context":"https:\/\/schema.org","@graph":[{"@type":"WebPage","@id":"https:\/\/desertando.com\/nuestras-rutas\/overland\/","url":"https:\/\/desertando.com\/nuestras-rutas\/overland\/","name":"Overland - Desertando","isPartOf":{"@id":"https:\/\/desertando.com\/#website"},"datePublished":"2019-12-02T15:18:30+00:00","dateModified":"2024-01-22T13:15:31+00:00","description":"Con nuestras rutas Overland, atravesar\u00e1s selvas y desiertos, subir\u00e1s monta\u00f1as, remontaras r\u00edos, visitaras aldeas remotas o coloridos mercados.","breadcrumb":{"@id":"https:\/\/desertando.com\/nuestras-rutas\/overland\/#breadcrumb"},"inLanguage":"fr-FR","potentialAction":[{"@type":"ReadAction","target":["https:\/\/desertando.com\/nuestras-rutas\/overland\/"]}]},{"@type":"BreadcrumbList","@id":"https:\/\/desertando.com\/nuestras-rutas\/overland\/#breadcrumb","itemListElement":[{"@type":"ListItem","position":1,"name":"Portada","item":"https:\/\/desertando.com\/"},{"@type":"ListItem","position":2,"name":"RUTAS","item":"https:\/\/desertando.com\/nuestras-rutas\/"},{"@type":"ListItem","position":3,"name":"Overland"}]},{"@type":"WebSite","@id":"https:\/\/desertando.com\/#website","url":"https:\/\/desertando.com\/","name":"Desertando","description":"Viajando por los desiertos de \u00c1frica","publisher":{"@id":"https:\/\/desertando.com\/#organization"},"potentialAction":[{"@type":"SearchAction","target":{"@type":"EntryPoint","urlTemplate":"https:\/\/desertando.com\/?s={search_term_string}"},"query-input":{"@type":"PropertyValueSpecification","valueRequired":true,"valueName":"search_term_string"}}],"inLanguage":"fr-FR"},{"@type":"Organization","@id":"https:\/\/desertando.com\/#organization","name":"Desertando Club de Aventuras","url":"https:\/\/desertando.com\/","logo":{"@type":"ImageObject","inLanguage":"fr-FR","@id":"https:\/\/desertando.com\/#\/schema\/logo\/image\/","url":"https:\/\/desertando.com\/wp-content\/uploads\/2020\/02\/logo_1_marron.png","contentUrl":"https:\/\/desertando.com\/wp-content\/uploads\/2020\/02\/logo_1_marron.png","width":190,"height":60,"caption":"Desertando Club de Aventuras"},"image":{"@id":"https:\/\/desertando.com\/#\/schema\/logo\/image\/"}}]}},"post_mailing_queue_ids":[],"_links":{"self":[{"href":"https:\/\/desertando.com\/fr\/wp-json\/wp\/v2\/pages\/5041"}],"collection":[{"href":"https:\/\/desertando.com\/fr\/wp-json\/wp\/v2\/pages"}],"about":[{"href":"https:\/\/desertando.com\/fr\/wp-json\/wp\/v2\/types\/page"}],"author":[{"embeddable":true,"href":"https:\/\/desertando.com\/fr\/wp-json\/wp\/v2\/users\/1"}],"replies":[{"embeddable":true,"href":"https:\/\/desertando.com\/fr\/wp-json\/wp\/v2\/comments?post=5041"}],"version-history":[{"count":18,"href":"https:\/\/desertando.com\/fr\/wp-json\/wp\/v2\/pages\/5041\/revisions"}],"predecessor-version":[{"id":7026,"href":"https:\/\/desertando.com\/fr\/wp-json\/wp\/v2\/pages\/5041\/revisions\/7026"}],"up":[{"embeddable":true,"href":"https:\/\/desertando.com\/fr\/wp-json\/wp\/v2\/pages\/146"}],"wp:attachment":[{"href":"https:\/\/desertando.com\/fr\/wp-json\/wp\/v2\/media?parent=5041"}],"curies":[{"name":"wp","href":"https:\/\/api.w.org\/{rel}","templated":true}]}}