{"id":5104,"date":"2019-12-05T11:49:38","date_gmt":"2019-12-05T10:49:38","guid":{"rendered":"http:\/\/desertando.com\/?page_id=5104"},"modified":"2024-01-30T18:06:42","modified_gmt":"2024-01-30T17:06:42","slug":"politica-de-cookies","status":"publish","type":"page","link":"https:\/\/desertando.com\/fr\/politica-de-cookies\/","title":{"rendered":"Politique en mati\u00e8re de cookies"},"content":{"rendered":"<div      class=\"vc_row wpb_row section vc_row-fluid  grid_section\" style=' padding-top:20px; padding-bottom:0px; text-align:center;'><div class=\"section_inner clearfix\"><div class='section_inner_margin clearfix'><div class=\"wpb_column vc_column_container vc_col-sm-12\"><div class=\"vc_column-inner\"><div class=\"wpb_wrapper\">\n\t<div class=\"wpb_raw_code wpb_content_element wpb_raw_html ocultar\" >\n\t\t<div class=\"wpb_wrapper\">\n\t\t\t<h1>Page Cookies<\/h1>\n\t\t<\/div>\n\t<\/div>\n\t<div class=\"vc_empty_space\"  style=\"height: 70px\" ><span\n\t\t\tclass=\"vc_empty_space_inner\">\n\t\t\t<span class=\"empty_space_image\"  ><\/span>\n\t\t<\/span><\/div>\n\n\t\t<div class=\"mega-line-container ma_heading_wrap231\">\r\n\t\t\t\r\n\t\t\t\r\n\t\t    \t\t\t    <div class=\"mega-line-bottom\" style=\"text-align: center;\">  \r\n\t\t\t        <h2 style=\"font-size: 48px; color: #3e3a3b; text-transform: default; ;\">\r\n\t\t\t        \tPolitique en mati\u00e8re de cookies\t\t\t        <\/h2>\r\n\t\t\t        <div class=\"heading_desc\" style=\"line-height: 1;\">\r\n\t\t\t        \t\t\t\t        <\/div>\r\n\t\t\t        <span style=\"width: 230px; border-top: 2px solid #c89454;\"><\/span>\r\n\t\t\t    <\/div>\r\n\t\t    \r\n\t\t    \r\n\t\t    \r\n\t\t          \t<\/div>\r\n\r\n      \t<style>\r\n\t\t\t.ma_heading_wrap231 .heading_desc *{\r\n\t\t\t\tfont-size: px;\r\n\t\t\t\t;\r\n\t\t\t}\r\n      \t<\/style>\r\n\t\t\t<div class=\"vc_empty_space\"  style=\"height: 50px\" ><span\n\t\t\tclass=\"vc_empty_space_inner\">\n\t\t\t<span class=\"empty_space_image\"  ><\/span>\n\t\t<\/span><\/div>\n\n\n\t<div class=\"wpb_raw_code wpb_content_element wpb_raw_html ocultar\" >\n\t\t<div class=\"wpb_wrapper\">\n\t\t\t<h3>Informations sur les cookies<\/h3>\n\t\t<\/div>\n\t<\/div>\n<\/div><\/div><\/div><\/div><\/div><\/div><div      class=\"vc_row wpb_row section vc_row-fluid\" style=' text-align:left;'><div class=\"full_section_inner clearfix\"><div class=\"wpb_column vc_column_container vc_col-sm-12\"><div class=\"vc_column-inner\"><div class=\"wpb_wrapper\">\n\t<div class=\"wpb_text_column wpb_content_element\">\n\t\t<div class=\"wpb_wrapper\">\n\t\t\t<p>Le domaine <u><em><a href=\"https:\/\/desertando.com\/fr\/\">www.desertando.com<\/a><\/em><\/u> et ses sous-domaines, utilisent des proc\u00e9dures de collecte automatique (<em>biscuits<\/em>) pour collecter des informations personnelles telles que le type de navigateur ou de syst\u00e8me d'exploitation, la page de r\u00e9f\u00e9rence, le chemin d'acc\u00e8s, le domaine du fournisseur d'acc\u00e8s \u00e0 Internet (FAI), etc. Tout cela dans le but d'am\u00e9liorer les services fournis. Le site <em>biscuits<\/em> nous aider \u00e0 adapter ce site web \u00e0 vos besoins personnels.<\/p>\n<p>A <em>biscuit<\/em> est un petit fichier stock\u00e9 sur l'ordinateur de l'utilisateur et qui permet de le reconna\u00eetre. L'ensemble des <em>biscuits<\/em> nous aide \u00e0 am\u00e9liorer la qualit\u00e9 de notre site web, ce qui nous permet de personnaliser dans une certaine mesure l'exp\u00e9rience de navigation de chaque utilisateur sur notre site web. Le site <em>biscuits<\/em> sont actuellement essentiels au fonctionnement de l'internet, offrant d'innombrables avantages dans la fourniture de services interactifs, facilitant la navigation et l'utilisation de l'internet. <em>site web<\/em> de <u><em><a href=\"https:\/\/desertando.com\/fr\/\">www.desertando.com<\/a><\/em><\/u><\/p>\n<p>Veuillez noter que le <em>biscuits<\/em> ne peuvent pas endommager votre ordinateur et qu'en retour, le fait de les activer nous aide \u00e0 identifier et \u00e0 r\u00e9soudre les erreurs et \u00e0 am\u00e9liorer la navigabilit\u00e9 de notre site.<\/p>\n<p>&nbsp;<\/p>\n<h4><strong>1. les types de cookies<\/strong><\/h4>\n<p>1.1 Du point de vue de la dur\u00e9e de vie de la <em>biscuit<\/em> (temps que le <em>biscuit<\/em> reste active sur notre \u00e9quipement), nous pouvons faire la diff\u00e9rence entre la <em>biscuits<\/em> entre :<\/p>\n<p>&nbsp;<\/p>\n<ul>\n<li><strong>Cookies de session<\/strong>: ils sont <em>biscuits<\/em> les fichiers temporaires qui restent dans le <em>biscuits<\/em> de votre navigateur jusqu'\u00e0 ce que vous quittiez le site web, de sorte qu'aucune n'est enregistr\u00e9e sur le dispositif de stockage de l'utilisateur (disque dur). Les informations obtenues au moyen de ces <em>biscuits<\/em>L'outil d'analyse du trafic est utilis\u00e9 pour analyser les sch\u00e9mas de trafic dans notre site web. <em>site web<\/em>. En fin de compte, cela nous permet de fournir une meilleure exp\u00e9rience et d'am\u00e9liorer le contenu en le rendant plus facile \u00e0 utiliser.<\/li>\n<li><strong>Cookies persistants<\/strong>sont stock\u00e9s sur le disque dur et notre <em>site web<\/em> les lit chaque fois que vous acc\u00e9dez \u00e0 notre domaine. A <em>biscuit<\/em> permanent a une date d'expiration fixe. Les <em>biscuit<\/em> cesseront de fonctionner apr\u00e8s cette date. Nous les utilisons g\u00e9n\u00e9ralement pour faciliter les services d'achat et d'enregistrement.<\/li>\n<\/ul>\n<p>&nbsp;<\/p>\n<p>1.2. du point de vue de l'utilisation de chaque <em>biscuit<\/em>Nous pouvons faire la distinction entre :<\/p>\n<p>&nbsp;<\/p>\n<ul>\n<li><strong>Cookies n\u00e9cessaires<\/strong>sont les <em>biscuits<\/em> strictement n\u00e9cessaires, comme, par exemple, ceux qui servent \u00e0 une navigation correcte ou ceux qui permettent le paiement des biens ou services demand\u00e9s par l'utilisateur, ou ceux qui permettent le paiement des biens ou services demand\u00e9s par l'utilisateur. <em>biscuits<\/em> qui permettent de s'assurer que le contenu de la page web se charge efficacement.<\/li>\n<\/ul>\n<p>Dans la cat\u00e9gorie des <em>Cookies n\u00e9cessaires<\/em> peut \u00e9galement \u00eatre trouv\u00e9e <em>biscuits<\/em> aux fins suivantes :<\/p>\n<p>&nbsp;<\/p>\n<ul>\n<li>Permettre uniquement la communication entre l'\u00e9quipement de l'utilisateur et le r\u00e9seau.<\/li>\n<li>Strictement pour fournir un service express\u00e9ment demand\u00e9 par l'utilisateur.<\/li>\n<\/ul>\n<p>&nbsp;<\/p>\n<p>Dans ces deux cas, nous vous informons que l'information et le consentement de l'utilisateur ne sont pas n\u00e9cessaires pour l'installation des produits vis\u00e9s. <em>biscuits<\/em>. En particulier, le groupe d'experts de l'UE a interpr\u00e9t\u00e9, \u00e0 l'article 29 de son avis 4\/20123 , que, parmi les \u00e9l\u00e9ments suivants <em>biscuits<\/em> Sont exempt\u00e9es les personnes dont l'objectif est de.. :<\/p>\n<p>&nbsp;<\/p>\n<ul>\n<li><em>Cookie<\/em> de \"saisie par l'utilisateur\".<\/li>\n<li><em>Cookie<\/em> l'authentification ou l'identification de l'utilisateur (session uniquement)<\/li>\n<li><em>Cookie<\/em> s\u00e9curit\u00e9 des utilisateurs<\/li>\n<li><em>Cookie<\/em> session du lecteur multim\u00e9dia<\/li>\n<li><em>Cookie<\/em> session pour \u00e9quilibrer la charge<\/li>\n<li><em>Cookie<\/em> la personnalisation de l'interface utilisateur<\/li>\n<li><em>Cookie<\/em> plug-in pour l'\u00e9change de contenu social<\/li>\n<\/ul>\n<p>&nbsp;<\/p>\n<p>Pour tous les autres <em>Cookies n\u00e9cessaires<\/em> qui ne sont pas inclus dans les cas ci-dessus n\u00e9cessitent l'information et le consentement pr\u00e9alables de l'utilisateur.<\/p>\n<p>&nbsp;<\/p>\n<ul>\n<li><strong>Cookies fonctionnels<\/strong>Ils sont::: : Ils sont <em>biscuits<\/em> qui permettent \u00e0 l'utilisateur d'avoir une meilleure exp\u00e9rience de navigation sur le site. Un exemple d'utilisation de ce type de <em>biscuits<\/em> sont celles utilis\u00e9es pour stocker les donn\u00e9es de navigation pour une langue donn\u00e9e.<\/li>\n<li><strong>Cookies analytiques<\/strong>: ils sont <em>biscuits<\/em> qui nous permettent d'analyser l'utilisation de nos <em>site web<\/em>L'objectif du projet est d'am\u00e9liorer la performance du projet, afin de pouvoir la mesurer et l'am\u00e9liorer.<\/li>\n<li><strong>Publicit\u00e9 et cookies de tiers<\/strong>sont les <em>biscuits<\/em> utilis\u00e9s par les r\u00e9seaux sociaux ou les plugins de contenu externes, tels que ceux qui utilisent votre localisation. De m\u00eame que <em>biscuits<\/em> des soci\u00e9t\u00e9s de publicit\u00e9 pour diffuser des annonces correspondant \u00e0 vos centres d'int\u00e9r\u00eat.<\/li>\n<\/ul>\n<p>&nbsp;<\/p>\n<p>DESERTANDO enregistre toutes les informations collect\u00e9es par l'interm\u00e9diaire de l'application <em>biscuits<\/em> dans un format non personnalis\u00e9 (adresse IP - Internet Protocol). Ce type d'informations obtenues par le biais du <em>biscuits<\/em> ne sera pas divulgu\u00e9e \u00e0 l'ext\u00e9rieur de DESERTANDO ni utilis\u00e9e pour des communications non sollicit\u00e9es.<\/p>\n<p>&nbsp;<\/p>\n<h4><strong>2. Respect de la vie priv\u00e9e - Gestion des cookies<\/strong><\/h4>\n<p>Si l'utilisateur le souhaite, l'enregistrement des cookies peut \u00eatre subordonn\u00e9 \u00e0 leur acceptation lors de l'installation ou de la mise \u00e0 jour du navigateur utilis\u00e9. L'utilisateur peut \u00e0 tout moment revenir sur son acceptation par le biais des options de configuration du contenu et de la confidentialit\u00e9 disponibles dans chaque navigateur. Toutefois, dans le cas o\u00f9 l'utilisateur ne permet pas l'installation de <em>biscuits<\/em> Il se peut que vous ne puissiez pas acc\u00e9der \u00e0 certaines sections de notre site web.<\/p>\n<p>Pour plus d'informations sur la configuration appropri\u00e9e du <em>biscuits<\/em> et les options d'activation, de restriction et\/ou de d\u00e9sactivation, vous devez vous r\u00e9f\u00e9rer \u00e0 la section d'aide de votre navigateur pour plus d'informations.<br \/>\nAcc\u00e8s aux informations mentionn\u00e9es, pour les navigateurs les plus r\u00e9pandus sur le march\u00e9 :<\/p>\n<p>&nbsp;<\/p>\n<ul>\n<li>Plus d'informations sur l'utilisation du <em>biscuits<\/em> \u00e0 <em><u><a href=\"https:\/\/support.google.com\/chrome\/answer\/95647?hl=es\" target=\"_blank\" rel=\"noopener noreferrer\">Google Chrome<\/a><\/u><\/em><\/li>\n<li>Plus d'informations sur l'utilisation du <em>biscuits<\/em> \u00e0 <em><u><a href=\"https:\/\/support.microsoft.com\/es-es\/help\/17442\/windows-internet-explorer-delete-manage-cookies\" target=\"_blank\" rel=\"noopener noreferrer\">Internet Explorer<\/a><\/u><\/em><\/li>\n<li>Plus d'informations sur l'utilisation du <em>biscuits<\/em> \u00e0 <em><u><a href=\"https:\/\/support.mozilla.org\/es\/kb\/habilitar-y-deshabilitar-cookies-sitios-web-rastrear-preferencias?redirectlocale=es&amp;as=s&amp;s=cookies&amp;r=7&amp;esab=a&amp;redirectslug=habilitar-y-deshabilitar-cookies-que-los-sitios-we\" target=\"_blank\" rel=\"noopener noreferrer\">Firefox<\/a><\/u><\/em><\/li>\n<li>Plus d'informations sur l'utilisation du <em>biscuits<\/em> \u00e0 <em><u><a href=\"https:\/\/support.apple.com\/es-es\/HT201265\" target=\"_blank\" rel=\"noopener noreferrer\">Safari<\/a><\/u><\/em><\/li>\n<\/ul>\n<p>&nbsp;<\/p>\n<p>La plupart des navigateurs vous permettent d'activer un mode priv\u00e9 dans lequel la page d'accueil de l'ordinateur est affich\u00e9e. <em>biscuits<\/em> sont toujours supprim\u00e9s apr\u00e8s votre visite. Selon le navigateur, ce mode priv\u00e9 peut porter diff\u00e9rents noms. Pour les navigateurs les plus courants, voici les diff\u00e9rents noms de ce \"mode priv\u00e9\" :<\/p>\n<p>&nbsp;<\/p>\n<ul>\n<li>Internet Explorer 8 et plus ; InPrivate<\/li>\n<li>Safari 2 et sup\u00e9rieur ; navigation priv\u00e9e<\/li>\n<li>Opera 10.5 et sup\u00e9rieur ; Navigation priv\u00e9e<\/li>\n<li>FireFox 3.5 et sup\u00e9rieur ; navigation priv\u00e9e<\/li>\n<li>Google Chrome 10 et sup\u00e9rieur ; Incognito<\/li>\n<\/ul>\n<p>&nbsp;<\/p>\n<h4><strong>3. Liste et description des cookies<\/strong><\/h4>\n<p>Les tableaux suivants fournissent une vue d'ensemble sch\u00e9matique de la <em>biscuits<\/em> d\u00e9crits ci-dessus et utilis\u00e9s sur le site Internet de DESERTANDO :<\/p>\n\n\t\t<\/div> \n\t<\/div> <\/div><\/div><\/div><\/div><\/div><div      class=\"vc_row wpb_row section vc_row-fluid  grid_section\" style=' text-align:center;'><div class=\"section_inner clearfix\"><div class='section_inner_margin clearfix'><div class=\"wpb_column vc_column_container vc_col-sm-12\"><div class=\"vc_column-inner\"><div class=\"wpb_wrapper\">\t<div class=\"vc_empty_space\"  style=\"height: 32px\" ><span\n\t\t\tclass=\"vc_empty_space_inner\">\n\t\t\t<span class=\"empty_space_image\"  ><\/span>\n\t\t<\/span><\/div>\n\n<\/div><\/div><\/div><\/div><\/div><\/div><div      class=\"vc_row wpb_row section vc_row-fluid  grid_section\" style=' text-align:center;'><div class=\"section_inner clearfix\"><div class='section_inner_margin clearfix'><div class=\"wpb_column vc_column_container vc_col-sm-12\"><div class=\"vc_column-inner\"><div class=\"wpb_wrapper\">\n\t<div class=\"wpb_text_column wpb_content_element  vc_custom_1575545390507\">\n\t\t<div class=\"wpb_wrapper\">\n\t\t\t<table style=\"border: solid 2px;\" width=\"100%\" cellspacing=\"0\" cellpadding=\"10\" align=\"center\">\n<thead>\n<tr>\n<td style=\"border: solid 2px;\">Nom de l'entreprise <em>biscuit<\/em><\/td>\n<td style=\"border: solid 2px;\">Expiration<\/td>\n<td style=\"border: solid 2px;\">Utilisation de <em>biscuit<\/em><\/td>\n<\/tr>\n<\/thead>\n<tbody>\n<tr>\n<td style=\"border: 1px solid; text-align: left;\">_utma<\/td>\n<td style=\"border: 1px solid; text-align: left;\">2 ans<\/td>\n<td style=\"border: 1px solid; text-align: left;\">Cookies analytiques (Google Analytics) : Stocke le nombre de visites de chaque utilisateur, l'heure de la premi\u00e8re visite, la visite pr\u00e9c\u00e9dente et la visite actuelle.<\/td>\n<\/tr>\n<tr>\n<td style=\"border: solid 1px; text-align: left;\">_utmb<\/td>\n<td style=\"border: solid 1px; text-align: left;\">Session<\/td>\n<td style=\"border: 1px solid; text-align: left;\">Cookies analytiques (Google Analytics) : utilis\u00e9s pour v\u00e9rifier approximativement la dur\u00e9e de votre visite sur un site.<\/td>\n<\/tr>\n<tr>\n<td style=\"border: solid 1px; text-align: left;\">_utmc<\/td>\n<td style=\"border: solid 1px; text-align: left;\">Session<\/td>\n<td style=\"border: 1px solid; text-align: left;\">Cookies analytiques (Google Analytics) : Utilis\u00e9s pour v\u00e9rifier approximativement combien de temps vous restez sur un site.<\/td>\n<\/tr>\n<tr>\n<td style=\"border: solid 1px; text-align: left;\">_utmz<\/td>\n<td style=\"border: 1px solid; text-align: left;\">6 mois<\/td>\n<td style=\"border: solid 1px; text-align: left;\">Cookies analytiques (Google Analytics) : Sites d'o\u00f9 provient un visiteur (moteur de recherche, mot-cl\u00e9 de recherche, lien).<\/td>\n<\/tr>\n<tr>\n<td style=\"border: solid 1px; text-align: left;\">_ga<\/td>\n<td style=\"border: 1px solid; text-align: left;\">2 ans<\/td>\n<td style=\"border: solid 1px; text-align: left;\">Cookies analytiques (Google Analytics) : Utilise un identifiant anonyme pour distinguer les utilisateurs anonymes et effectuer des analyses sur les interactions des utilisateurs dans l'application afin d'optimiser les services offerts.<\/td>\n<\/tr>\n<tr>\n<td style=\"border: solid 1px; text-align: left;\">_gat<\/td>\n<td style=\"border: 1px solid; text-align: left;\">10 minutes \u00e0 partir de la cr\u00e9ation ou de la modification<\/td>\n<td style=\"border: solid 1px; text-align: left;\">Cookies analytiques (Google Analytics) : utilis\u00e9s pour diff\u00e9rencier les diff\u00e9rents objets de suivi cr\u00e9\u00e9s au cours de la session. Le cookie est cr\u00e9\u00e9 lorsque la biblioth\u00e8que javascript est charg\u00e9e et qu'il n'existe pas de version pr\u00e9c\u00e9dente du cookie _gat. Le cookie est mis \u00e0 jour chaque fois que vous envoyez des donn\u00e9es \u00e0 Google Analytics.<\/td>\n<\/tr>\n<tr>\n<td style=\"border: solid 1px; text-align: left;\">L'IDE<\/td>\n<td style=\"border: 1px solid; text-align: left;\">2 ans<\/td>\n<td style=\"border: solid 1px; text-align: left;\">Cookies publicitaires : ils sont utilis\u00e9s pour am\u00e9liorer la publicit\u00e9. Ils permettent de cibler la publicit\u00e9 sur un contenu pertinent pour l'utilisateur, d'am\u00e9liorer les rapports sur les performances des campagnes et d'\u00e9viter de montrer des publicit\u00e9s que l'utilisateur a d\u00e9j\u00e0 vues.<\/td>\n<\/tr>\n<tr>\n<td style=\"border: solid 1px; text-align: left;\">NID<\/td>\n<td style=\"border: 1px solid; text-align: left;\">6 mois<\/td>\n<td style=\"border: solid 1px; text-align: left;\">Google Maps, Google + : il s'agit de cookies qui impl\u00e9mentent certains utilitaires de Google et peuvent stocker certaines pr\u00e9f\u00e9rences, par exemple le nombre de r\u00e9sultats de recherche par page ou l'activation du filtre SafeSearch, ainsi que personnaliser les publicit\u00e9s affich\u00e9es dans la recherche Google, ou les cookies de partage social pour le bouton de recommandation G+1 au bas des pages.<\/td>\n<\/tr>\n<tr>\n<td style=\"border: solid 1px; text-align: left;\">1P_JAR<\/td>\n<td style=\"border: 1px solid; text-align: left;\">1 mois<\/td>\n<td style=\"border: solid 1px; text-align: left;\">Transf\u00e9rer les donn\u00e9es \u00e0 Google.<\/td>\n<\/tr>\n<tr>\n<td style=\"border: solid 1px; text-align: left;\">_icl_current_language<\/td>\n<td style=\"border: 1px solid; text-align: left;\">1 jour<\/td>\n<td style=\"border: solid 1px; text-align: left;\">Identifie la langue de l'utilisateur.<\/td>\n<\/tr>\n<tr>\n<td style=\"border: solid 1px; text-align: left;\">PREF<\/td>\n<td style=\"border: 1px solid; text-align: left;\">8 mois<\/td>\n<td style=\"border: solid 1px; text-align: left;\">Cookie qui stocke les pr\u00e9f\u00e9rences de configuration, telles que la langue pr\u00e9f\u00e9r\u00e9e, le nombre de r\u00e9sultats de recherche affich\u00e9s par page ou l'activation du filtre SafeSearch de Google.<\/td>\n<\/tr>\n<tr>\n<td style=\"border: solid 1px; text-align: left;\">VISITOR_INFO1_LIVE<\/td>\n<td style=\"border: 1px solid; text-align: left;\">8 mois<\/td>\n<td style=\"border: solid 1px; text-align: left;\">Cookie qui garde la trace des vid\u00e9os visit\u00e9es int\u00e9gr\u00e9es dans le site web.<\/td>\n<\/tr>\n<\/tbody>\n<\/table>\n\n\t\t<\/div> \n\t<\/div> <\/div><\/div><\/div><\/div><\/div><\/div><div      class=\"vc_row wpb_row section vc_row-fluid  grid_section\" style=' text-align:center;'><div class=\"section_inner clearfix\"><div class='section_inner_margin clearfix'><div class=\"wpb_column vc_column_container vc_col-sm-12\"><div class=\"vc_column-inner\"><div class=\"wpb_wrapper\">\t<div class=\"vc_empty_space\"  style=\"height: 32px\" ><span\n\t\t\tclass=\"vc_empty_space_inner\">\n\t\t\t<span class=\"empty_space_image\"  ><\/span>\n\t\t<\/span><\/div>\n\n<\/div><\/div><\/div><\/div><\/div><\/div><div      class=\"vc_row wpb_row section vc_row-fluid\" style=' text-align:left;'><div class=\"full_section_inner clearfix\"><div class=\"wpb_column vc_column_container vc_col-sm-12\"><div class=\"vc_column-inner\"><div class=\"wpb_wrapper\">\n\t<div class=\"wpb_text_column wpb_content_element\">\n\t\t<div class=\"wpb_wrapper\">\n\t\t\t<ul>\n<li>Pour en savoir plus sur les cookies et vos droits en tant qu'utilisateur, vous pouvez consulter le Guide sur l'utilisation des cookies \u00e9labor\u00e9 par l'Agence espagnole de protection des donn\u00e9es \u00e0 l'adresse suivante : <em><a href=\"https:\/\/www.aepd.es\/sites\/default\/files\/2019-12\/guia-cookies_1.pdf\">https:\/\/www.aepd.es\/sites\/default\/files\/2019-12\/guia-cookies_1.pdf<\/a><u><\/u><\/em><\/li>\n<\/ul>\n\n\t\t<\/div> \n\t<\/div> <\/div><\/div><\/div><\/div><\/div><div      class=\"vc_row wpb_row section vc_row-fluid\" style=' text-align:left;'><div class=\"full_section_inner clearfix\"><div class=\"wpb_column vc_column_container vc_col-sm-12\"><div class=\"vc_column-inner\"><div class=\"wpb_wrapper\">\t<div class=\"vc_empty_space\"  style=\"height: 200px\" ><span\n\t\t\tclass=\"vc_empty_space_inner\">\n\t\t\t<span class=\"empty_space_image\"  ><\/span>\n\t\t<\/span><\/div>\n\n<\/div><\/div><\/div><\/div><\/div>","protected":false},"excerpt":{"rendered":"Page Cookies Politique en mati\u00e8re de cookies Informations sur les cookies Le domaine www.desertando.com...","protected":false},"author":1,"featured_media":0,"parent":0,"menu_order":0,"comment_status":"closed","ping_status":"closed","template":"","meta":{"footnotes":""},"yoast_head":"<!-- This site is optimized with the Yoast SEO plugin v23.5 - https:\/\/yoast.com\/wordpress\/plugins\/seo\/ -->\n<title>Pol\u00edtica de Cookies - Desertando<\/title>\n<meta name=\"robots\" content=\"index, follow, max-snippet:-1, max-image-preview:large, max-video-preview:-1\" \/>\n<link rel=\"canonical\" href=\"https:\/\/desertando.com\/fr\/politica-de-cookies\/\" \/>\n<meta property=\"og:locale\" content=\"fr_FR\" \/>\n<meta property=\"og:type\" content=\"article\" \/>\n<meta property=\"og:title\" content=\"Pol\u00edtica de Cookies - Desertando\" \/>\n<meta property=\"og:url\" content=\"https:\/\/desertando.com\/fr\/politica-de-cookies\/\" \/>\n<meta property=\"og:site_name\" content=\"Desertando\" \/>\n<meta property=\"article:modified_time\" content=\"2024-01-30T17:06:42+00:00\" \/>\n<meta name=\"twitter:card\" content=\"summary_large_image\" \/>\n<meta name=\"twitter:label1\" content=\"Dur\u00e9e de lecture estim\u00e9e\" \/>\n\t<meta name=\"twitter:data1\" content=\"7 minutes\" \/>\n<script type=\"application\/ld+json\" class=\"yoast-schema-graph\">{\"@context\":\"https:\/\/schema.org\",\"@graph\":[{\"@type\":\"WebPage\",\"@id\":\"https:\/\/desertando.com\/politica-de-cookies\/\",\"url\":\"https:\/\/desertando.com\/politica-de-cookies\/\",\"name\":\"Pol\u00edtica de Cookies - Desertando\",\"isPartOf\":{\"@id\":\"https:\/\/desertando.com\/#website\"},\"datePublished\":\"2019-12-05T10:49:38+00:00\",\"dateModified\":\"2024-01-30T17:06:42+00:00\",\"breadcrumb\":{\"@id\":\"https:\/\/desertando.com\/politica-de-cookies\/#breadcrumb\"},\"inLanguage\":\"fr-FR\",\"potentialAction\":[{\"@type\":\"ReadAction\",\"target\":[\"https:\/\/desertando.com\/politica-de-cookies\/\"]}]},{\"@type\":\"BreadcrumbList\",\"@id\":\"https:\/\/desertando.com\/politica-de-cookies\/#breadcrumb\",\"itemListElement\":[{\"@type\":\"ListItem\",\"position\":1,\"name\":\"Portada\",\"item\":\"https:\/\/desertando.com\/\"},{\"@type\":\"ListItem\",\"position\":2,\"name\":\"Pol\u00edtica de Cookies\"}]},{\"@type\":\"WebSite\",\"@id\":\"https:\/\/desertando.com\/#website\",\"url\":\"https:\/\/desertando.com\/\",\"name\":\"Desertando\",\"description\":\"Viajando por los desiertos de \u00c1frica\",\"publisher\":{\"@id\":\"https:\/\/desertando.com\/#organization\"},\"potentialAction\":[{\"@type\":\"SearchAction\",\"target\":{\"@type\":\"EntryPoint\",\"urlTemplate\":\"https:\/\/desertando.com\/?s={search_term_string}\"},\"query-input\":{\"@type\":\"PropertyValueSpecification\",\"valueRequired\":true,\"valueName\":\"search_term_string\"}}],\"inLanguage\":\"fr-FR\"},{\"@type\":\"Organization\",\"@id\":\"https:\/\/desertando.com\/#organization\",\"name\":\"Desertando Club de Aventuras\",\"url\":\"https:\/\/desertando.com\/\",\"logo\":{\"@type\":\"ImageObject\",\"inLanguage\":\"fr-FR\",\"@id\":\"https:\/\/desertando.com\/#\/schema\/logo\/image\/\",\"url\":\"https:\/\/desertando.com\/wp-content\/uploads\/2020\/02\/logo_1_marron.png\",\"contentUrl\":\"https:\/\/desertando.com\/wp-content\/uploads\/2020\/02\/logo_1_marron.png\",\"width\":190,\"height\":60,\"caption\":\"Desertando Club de Aventuras\"},\"image\":{\"@id\":\"https:\/\/desertando.com\/#\/schema\/logo\/image\/\"}}]}<\/script>\n<!-- \/ Yoast SEO plugin. -->","yoast_head_json":{"title":"Pol\u00edtica de Cookies - Desertando","robots":{"index":"index","follow":"follow","max-snippet":"max-snippet:-1","max-image-preview":"max-image-preview:large","max-video-preview":"max-video-preview:-1"},"canonical":"https:\/\/desertando.com\/fr\/politica-de-cookies\/","og_locale":"fr_FR","og_type":"article","og_title":"Pol\u00edtica de Cookies - Desertando","og_url":"https:\/\/desertando.com\/fr\/politica-de-cookies\/","og_site_name":"Desertando","article_modified_time":"2024-01-30T17:06:42+00:00","twitter_card":"summary_large_image","twitter_misc":{"Dur\u00e9e de lecture estim\u00e9e":"7 minutes"},"schema":{"@context":"https:\/\/schema.org","@graph":[{"@type":"WebPage","@id":"https:\/\/desertando.com\/politica-de-cookies\/","url":"https:\/\/desertando.com\/politica-de-cookies\/","name":"Pol\u00edtica de Cookies - Desertando","isPartOf":{"@id":"https:\/\/desertando.com\/#website"},"datePublished":"2019-12-05T10:49:38+00:00","dateModified":"2024-01-30T17:06:42+00:00","breadcrumb":{"@id":"https:\/\/desertando.com\/politica-de-cookies\/#breadcrumb"},"inLanguage":"fr-FR","potentialAction":[{"@type":"ReadAction","target":["https:\/\/desertando.com\/politica-de-cookies\/"]}]},{"@type":"BreadcrumbList","@id":"https:\/\/desertando.com\/politica-de-cookies\/#breadcrumb","itemListElement":[{"@type":"ListItem","position":1,"name":"Portada","item":"https:\/\/desertando.com\/"},{"@type":"ListItem","position":2,"name":"Pol\u00edtica de Cookies"}]},{"@type":"WebSite","@id":"https:\/\/desertando.com\/#website","url":"https:\/\/desertando.com\/","name":"Desertando","description":"Viajando por los desiertos de \u00c1frica","publisher":{"@id":"https:\/\/desertando.com\/#organization"},"potentialAction":[{"@type":"SearchAction","target":{"@type":"EntryPoint","urlTemplate":"https:\/\/desertando.com\/?s={search_term_string}"},"query-input":{"@type":"PropertyValueSpecification","valueRequired":true,"valueName":"search_term_string"}}],"inLanguage":"fr-FR"},{"@type":"Organization","@id":"https:\/\/desertando.com\/#organization","name":"Desertando Club de Aventuras","url":"https:\/\/desertando.com\/","logo":{"@type":"ImageObject","inLanguage":"fr-FR","@id":"https:\/\/desertando.com\/#\/schema\/logo\/image\/","url":"https:\/\/desertando.com\/wp-content\/uploads\/2020\/02\/logo_1_marron.png","contentUrl":"https:\/\/desertando.com\/wp-content\/uploads\/2020\/02\/logo_1_marron.png","width":190,"height":60,"caption":"Desertando Club de Aventuras"},"image":{"@id":"https:\/\/desertando.com\/#\/schema\/logo\/image\/"}}]}},"post_mailing_queue_ids":[],"_links":{"self":[{"href":"https:\/\/desertando.com\/fr\/wp-json\/wp\/v2\/pages\/5104"}],"collection":[{"href":"https:\/\/desertando.com\/fr\/wp-json\/wp\/v2\/pages"}],"about":[{"href":"https:\/\/desertando.com\/fr\/wp-json\/wp\/v2\/types\/page"}],"author":[{"embeddable":true,"href":"https:\/\/desertando.com\/fr\/wp-json\/wp\/v2\/users\/1"}],"replies":[{"embeddable":true,"href":"https:\/\/desertando.com\/fr\/wp-json\/wp\/v2\/comments?post=5104"}],"version-history":[{"count":8,"href":"https:\/\/desertando.com\/fr\/wp-json\/wp\/v2\/pages\/5104\/revisions"}],"predecessor-version":[{"id":7711,"href":"https:\/\/desertando.com\/fr\/wp-json\/wp\/v2\/pages\/5104\/revisions\/7711"}],"wp:attachment":[{"href":"https:\/\/desertando.com\/fr\/wp-json\/wp\/v2\/media?parent=5104"}],"curies":[{"name":"wp","href":"https:\/\/api.w.org\/{rel}","templated":true}]}}