{"id":516,"date":"2019-11-07T13:26:59","date_gmt":"2019-11-07T12:26:59","guid":{"rendered":"http:\/\/desertando.com\/?page_id=516"},"modified":"2024-01-22T13:52:36","modified_gmt":"2024-01-22T12:52:36","slug":"africa-sahariana","status":"publish","type":"page","link":"https:\/\/desertando.com\/fr\/nuestras-rutas\/africa-sahariana\/","title":{"rendered":"Afrique saharienne"},"content":{"rendered":"<div      class=\"vc_row wpb_row section vc_row-fluid\" style=' text-align:left;'><div class=\"full_section_inner clearfix\"><div class=\"wpb_column vc_column_container vc_col-sm-12\"><div class=\"vc_column-inner\"><div class=\"wpb_wrapper\">\n\t<div class=\"wpb_single_image wpb_content_element vc_align_center\">\n\t\t<div class=\"wpb_wrapper\">\n\t\t\t\n\t\t\t<div class=\"vc_single_image-wrapper   vc_box_border_grey\"><img loading=\"lazy\" decoding=\"async\" width=\"1920\" height=\"580\" src=\"https:\/\/desertando.com\/wp-content\/uploads\/2019\/11\/Lagos-de-ubari-mas-dunas8.jpg\" class=\"vc_single_image-img attachment-full\" alt=\"\" srcset=\"https:\/\/desertando.com\/wp-content\/uploads\/2019\/11\/Lagos-de-ubari-mas-dunas8.jpg 1920w, https:\/\/desertando.com\/wp-content\/uploads\/2019\/11\/Lagos-de-ubari-mas-dunas8-300x91.jpg 300w, https:\/\/desertando.com\/wp-content\/uploads\/2019\/11\/Lagos-de-ubari-mas-dunas8-768x232.jpg 768w, https:\/\/desertando.com\/wp-content\/uploads\/2019\/11\/Lagos-de-ubari-mas-dunas8-1024x309.jpg 1024w, https:\/\/desertando.com\/wp-content\/uploads\/2019\/11\/Lagos-de-ubari-mas-dunas8-700x211.jpg 700w\" sizes=\"(max-width: 1920px) 100vw, 1920px\" \/><\/div>\n\t\t<\/div>\n\t<\/div>\n\t<div class=\"vc_empty_space\"  style=\"height: 20px\" ><span\n\t\t\tclass=\"vc_empty_space_inner\">\n\t\t\t<span class=\"empty_space_image\"  ><\/span>\n\t\t<\/span><\/div>\n\n<\/div><\/div><\/div><\/div><\/div><div      class=\"vc_row wpb_row section vc_row-fluid  grid_section\" style=' padding-top:20px; padding-bottom:0px; text-align:center;'><div class=\"section_inner clearfix\"><div class='section_inner_margin clearfix'><div class=\"wpb_column vc_column_container vc_col-sm-12\"><div class=\"vc_column-inner\"><div class=\"wpb_wrapper\">\t\t<div class=\"mega-line-container ma_heading_wrap348\">\r\n\t\t\t\r\n\t\t\t\r\n\t\t    \t\t\t    <div class=\"mega-line-bottom\" style=\"text-align: center;\">  \r\n\t\t\t        <h2 style=\"font-size: 48px; color: #3e3a3b; text-transform: default; ;\">\r\n\t\t\t        \tAfrique saharienne\t\t\t        <\/h2>\r\n\t\t\t        <div class=\"heading_desc\" style=\"line-height: 1;\">\r\n\t\t\t        \t\t\t\t        <\/div>\r\n\t\t\t        <span style=\"width: 230px; border-top: 2px solid #c89454;\"><\/span>\r\n\t\t\t    <\/div>\r\n\t\t    \r\n\t\t    \r\n\t\t    \r\n\t\t          \t<\/div>\r\n\r\n      \t<style>\r\n\t\t\t.ma_heading_wrap348 .heading_desc *{\r\n\t\t\t\tfont-size: px;\r\n\t\t\t\t;\r\n\t\t\t}\r\n      \t<\/style>\r\n\t\t\t<div class=\"vc_empty_space\"  style=\"height: 70px\" ><span\n\t\t\tclass=\"vc_empty_space_inner\">\n\t\t\t<span class=\"empty_space_image\"  ><\/span>\n\t\t<\/span><\/div>\n\n<\/div><\/div><\/div><\/div><\/div><\/div><div      class=\"vc_row wpb_row section vc_row-fluid  grid_section\" style=' text-align:left;'><div class=\"section_inner clearfix\"><div class='section_inner_margin clearfix'><div class=\"wpb_column vc_column_container vc_col-sm-3\"><div class=\"vc_column-inner\"><div class=\"wpb_wrapper\"><\/div><\/div><\/div><div class=\"wpb_column vc_column_container vc_col-sm-3\"><div class=\"vc_column-inner\"><div class=\"wpb_wrapper\"><div class='image_hover' style='' data-transition-delay=''><div class='images_holder'><a itemprop='url' href='https:\/\/desertando.com\/index.php\/nuestras-rutas\/africa-sahariana\/mauritania-los-oasis-escondidos-del-ametlich\/' target='_self'><img itemprop='image' class='active_image' src='https:\/\/desertando.com\/wp-content\/uploads\/2020\/01\/Mauritania-imagen-intermedia-650x435-1.jpg' alt='' style='' \/><img itemprop='image' class='hover_image' src='https:\/\/desertando.com\/wp-content\/uploads\/2020\/02\/mapa-mauritania.jpg' alt='' style='' \/><\/a><\/div><\/div>\t<div class=\"vc_empty_space\"  style=\"height: 30px\" ><span\n\t\t\tclass=\"vc_empty_space_inner\">\n\t\t\t<span class=\"empty_space_image\"  ><\/span>\n\t\t<\/span><\/div>\n\n\n\t<div class=\"wpb_text_column wpb_content_element\">\n\t\t<div class=\"wpb_wrapper\">\n\t\t\t<h3 style=\"text-align: center;\"><a href=\"https:\/\/desertando.com\/index.php\/nuestras-rutas\/africa-sahariana\/mauritania-los-oasis-escondidos-del-ametlich\/\"><span style=\"font-size: 22px; color: #c89454;\">Les oasis cach\u00e9es de l'Ametlich<\/span><\/a><\/h3>\n<p style=\"text-align: center;\"><span style=\"color: #c89454;\"><a style=\"color: #c89454;\" href=\"https:\/\/desertando.com\/index.php\/nuestras-rutas\/africa-sahariana\/mauritania-los-oasis-escondidos-del-ametlich\/\">(Mauritanie)<\/a><\/span><\/p>\n\n\t\t<\/div> \n\t<\/div> <div      class=\"vc_row wpb_row section vc_row-fluid vc_inner\" style=' text-align:left;'><div class=\"full_section_inner clearfix\"><div class=\"wpb_column vc_column_container vc_col-sm-12 vc_hidden-lg vc_hidden-md vc_hidden-sm\"><div class=\"vc_column-inner\"><div class=\"wpb_wrapper\">\t<div class=\"vc_empty_space\"  style=\"height: 70px\" ><span\n\t\t\tclass=\"vc_empty_space_inner\">\n\t\t\t<span class=\"empty_space_image\"  ><\/span>\n\t\t<\/span><\/div>\n\n<\/div><\/div><\/div><\/div><\/div><\/div><\/div><\/div><div class=\"wpb_column vc_column_container vc_col-sm-3\"><div class=\"vc_column-inner\"><div class=\"wpb_wrapper\"><div class='image_hover' style='' data-transition-delay=''><div class='images_holder'><a itemprop='url' href='https:\/\/desertando.com\/index.php\/nuestras-rutas\/africa-sahariana\/chad-ounianga-y-ennedi-el-eden-del-sahara\/' target='_self'><img itemprop='image' class='active_image' src='https:\/\/desertando.com\/wp-content\/uploads\/2020\/01\/Chad-imagen-intermedia-650x435-1.jpg' alt='' style='' \/><img itemprop='image' class='hover_image' src='https:\/\/desertando.com\/wp-content\/uploads\/2020\/02\/mapa-chad.jpg' alt='' style='' \/><\/a><\/div><\/div>\t<div class=\"vc_empty_space\"  style=\"height: 30px\" ><span\n\t\t\tclass=\"vc_empty_space_inner\">\n\t\t\t<span class=\"empty_space_image\"  ><\/span>\n\t\t<\/span><\/div>\n\n\n\t<div class=\"wpb_text_column wpb_content_element\">\n\t\t<div class=\"wpb_wrapper\">\n\t\t\t<h3 style=\"text-align: center;\"><a href=\"https:\/\/desertando.com\/index.php\/nuestras-rutas\/africa-sahariana\/chad-ounianga-y-ennedi-el-eden-del-sahara\/\"><span style=\"font-size: 22px; color: #c89454;\">Ounianga et Ennedi. L'Eden du Sahara<\/span><\/a><\/h3>\n<p style=\"text-align: center;\"><span style=\"color: #c89454;\"><a style=\"color: #c89454;\" href=\"https:\/\/desertando.com\/index.php\/nuestras-rutas\/africa-sahariana\/chad-ounianga-y-ennedi-el-eden-del-sahara\/\">(Tchad)<\/a><\/span><\/p>\n\n\t\t<\/div> \n\t<\/div> <\/div><\/div><\/div><div class=\"wpb_column vc_column_container vc_col-sm-3\"><div class=\"vc_column-inner\"><div class=\"wpb_wrapper\"><\/div><\/div><\/div><\/div><\/div><\/div><div      class=\"vc_row wpb_row section vc_row-fluid\" style=' text-align:left;'><div class=\"full_section_inner clearfix\"><div class=\"wpb_column vc_column_container vc_col-sm-12\"><div class=\"vc_column-inner\"><div class=\"wpb_wrapper\">\t<div class=\"vc_empty_space\"  style=\"height: 40px\" ><span\n\t\t\tclass=\"vc_empty_space_inner\">\n\t\t\t<span class=\"empty_space_image\"  ><\/span>\n\t\t<\/span><\/div>\n\n<\/div><\/div><\/div><\/div><\/div><div      class=\"vc_row wpb_row section vc_row-fluid  grid_section\" style=' padding-top:20px; padding-bottom:0px; text-align:center;'><div class=\"section_inner clearfix\"><div class='section_inner_margin clearfix'><div class=\"wpb_column vc_column_container vc_col-sm-12\"><div class=\"vc_column-inner\"><div class=\"wpb_wrapper\"><div class=\"separator  small center\" style=\"background-color: #c89454;height: 1px;width: 70%;\"><\/div>\n<\/div><\/div><\/div><\/div><\/div><\/div><div      class=\"vc_row wpb_row section vc_row-fluid\" style=' text-align:left;'><div class=\"full_section_inner clearfix\"><div class=\"wpb_column vc_column_container vc_col-sm-12\"><div class=\"vc_column-inner\"><div class=\"wpb_wrapper\">\t<div class=\"vc_empty_space\"  style=\"height: 40px\" ><span\n\t\t\tclass=\"vc_empty_space_inner\">\n\t\t\t<span class=\"empty_space_image\"  ><\/span>\n\t\t<\/span><\/div>\n\n<\/div><\/div><\/div><\/div><\/div><div      class=\"vc_row wpb_row section vc_row-fluid  grid_section\" style=' text-align:left;'><div class=\"section_inner clearfix\"><div class='section_inner_margin clearfix'><div class=\"wpb_column vc_column_container vc_col-sm-12\"><div class=\"vc_column-inner\"><div class=\"wpb_wrapper\">\n\t<div class=\"wpb_text_column wpb_content_element\">\n\t\t<div class=\"wpb_wrapper\">\n\t\t\t<p><strong>Le Sahara<\/strong>\u00a0o <strong>Bahr Bela ma<\/strong>le \"<em>mer sans eau<\/em>\"Comme l'appelaient les anciens caravaniers, c'est le d\u00e9sert par excellence, le plus grand et le plus extr\u00eame en termes de climat que le d\u00e9sert de la mer. <strong>Namibie<\/strong> ou celui de la <strong>Gobi<\/strong> et dont la seule \u00e9vocation suffit \u00e0 nourrir notre imagination de l\u00e9gendes, de merveilles et de myst\u00e8res, ainsi qu'\u00e0 susciter un d\u00e9sir d'aventure.<\/p>\n<p>Des d\u00e9sirs qui nous poussent \u00e0 suivre les traces de ces explorateurs comme <strong>Heinrich Barth<\/strong>, <strong>Alex Gordon<\/strong>, <strong>Ren\u00e9a Caillie<\/strong>, <strong>Clayton<\/strong>, <strong>Bagnold<\/strong> o <strong>Monod<\/strong>qui ont travers\u00e9 les oasis recul\u00e9es de la r\u00e9gion de l'Ouganda. <strong>Ametlich<\/strong>traversant des mers de dunes infinies comme le grand <strong>Erg de Bilma<\/strong>volcans actifs dans la <strong>Tibesti<\/strong> et ont atteint des lacs inimaginables tels que ceux de <strong>Ubari<\/strong>Ils ont travers\u00e9 des massifs tels que le <strong>Hoggar<\/strong> avec des formations rocheuses difficiles \u00e0 d\u00e9crire, \u00e9mergeant d'entre les dunes ou des paysages martiens d'une beaut\u00e9 insultante tels que les <strong>Tassili N'Ajjer<\/strong>. Et ils ont travers\u00e9 des terres contr\u00f4l\u00e9es par <em>tubus, hausa, peul, dogon, touareg, fulani<\/em>.<\/p>\n<p>Mais la <strong>Sahara<\/strong> ne nous offre pas seulement des paysages uniques et incroyables, mais nous attire \u00e9galement par sa culture mill\u00e9naire. <strong>Ennedi<\/strong>, <strong>Akakus<\/strong> o <strong>Gilf el Kebir<\/strong> sont les plus grands mus\u00e9es d'art rupestre en plein air. \u00c0 c\u00f4t\u00e9 des montagnes de <strong>Akakus<\/strong> le royaume de la <strong>Garamantes<\/strong>la civilisation perdue des <strong>Sahara<\/strong>qui contr\u00f4lait les routes commerciales vers le d\u00e9sert.<\/p>\n<p>C'est \u00e0 cheval sur ces routes, entre les dunes, que sont apparus les grands empires de <strong>Mali<\/strong>, <strong>Ghana<\/strong>, <strong>Songhay<\/strong> o <strong>Kanem Bornu<\/strong> et des villes l\u00e9gendaires sont n\u00e9es, telles que <strong>Tombouctou<\/strong>, <strong>Djenn\u00e9<\/strong>, <strong>Gao<\/strong> o <strong>Walatta<\/strong>.<\/p>\n<p>Chacun des domaines de la <strong>Sahara<\/strong> a un magn\u00e9tisme particulier, c'est pourquoi nous avons besoin de revenir encore et encore, pour profiter \u00e0 nouveau du silence infini assis au coin du feu entre les dunes de l'oc\u00e9an Atlantique. <strong>T\u00e9n\u00e9r\u00e9<\/strong>sous un ciel \u00e9toil\u00e9 qui purifie l'esprit et remplit l'\u00e2me de sensations.<\/p>\n\n\t\t<\/div> \n\t<\/div> <\/div><\/div><\/div><\/div><\/div><\/div><div      class=\"vc_row wpb_row section vc_row-fluid\" style=' text-align:left;'><div class=\"full_section_inner clearfix\"><div class=\"wpb_column vc_column_container vc_col-sm-12\"><div class=\"vc_column-inner\"><div class=\"wpb_wrapper\">\t<div class=\"vc_empty_space\"  style=\"height: 100px\" ><span\n\t\t\tclass=\"vc_empty_space_inner\">\n\t\t\t<span class=\"empty_space_image\"  ><\/span>\n\t\t<\/span><\/div>\n\n<\/div><\/div><\/div><\/div><\/div>","protected":false},"excerpt":{"rendered":"Afrique saharienne Les oasis cach\u00e9es de l'Ametlich (Mauritanie) Ounianga et Ennedi. Les...","protected":false},"author":1,"featured_media":0,"parent":146,"menu_order":0,"comment_status":"closed","ping_status":"closed","template":"full_width.php","meta":{"footnotes":""},"yoast_head":"<!-- This site is optimized with the Yoast SEO plugin v23.5 - https:\/\/yoast.com\/wordpress\/plugins\/seo\/ -->\n<title>\u00c1frica Sahariana - Desertando<\/title>\n<meta name=\"description\" content=\"Cada una de las zonas de \u00c1frica Sahariana tiene magnetismo, por eso volvemos una y otra vez, a disfrutar del silencio entre las dunas.\" \/>\n<meta name=\"robots\" content=\"index, follow, max-snippet:-1, max-image-preview:large, max-video-preview:-1\" \/>\n<link rel=\"canonical\" href=\"https:\/\/desertando.com\/fr\/nuestras-rutas\/africa-sahariana\/\" \/>\n<meta property=\"og:locale\" content=\"fr_FR\" \/>\n<meta property=\"og:type\" content=\"article\" \/>\n<meta property=\"og:title\" content=\"\u00c1frica Sahariana - Desertando\" \/>\n<meta property=\"og:description\" content=\"Cada una de las zonas de \u00c1frica Sahariana tiene magnetismo, por eso volvemos una y otra vez, a disfrutar del silencio entre las dunas.\" \/>\n<meta property=\"og:url\" content=\"https:\/\/desertando.com\/fr\/nuestras-rutas\/africa-sahariana\/\" \/>\n<meta property=\"og:site_name\" content=\"Desertando\" \/>\n<meta property=\"article:modified_time\" content=\"2024-01-22T12:52:36+00:00\" \/>\n<meta name=\"twitter:card\" content=\"summary_large_image\" \/>\n<meta name=\"twitter:label1\" content=\"Dur\u00e9e de lecture estim\u00e9e\" \/>\n\t<meta name=\"twitter:data1\" content=\"2 minutes\" \/>\n<script type=\"application\/ld+json\" class=\"yoast-schema-graph\">{\"@context\":\"https:\/\/schema.org\",\"@graph\":[{\"@type\":\"WebPage\",\"@id\":\"https:\/\/desertando.com\/nuestras-rutas\/africa-sahariana\/\",\"url\":\"https:\/\/desertando.com\/nuestras-rutas\/africa-sahariana\/\",\"name\":\"\u00c1frica Sahariana - Desertando\",\"isPartOf\":{\"@id\":\"https:\/\/desertando.com\/#website\"},\"datePublished\":\"2019-11-07T12:26:59+00:00\",\"dateModified\":\"2024-01-22T12:52:36+00:00\",\"description\":\"Cada una de las zonas de \u00c1frica Sahariana tiene magnetismo, por eso volvemos una y otra vez, a disfrutar del silencio entre las dunas.\",\"breadcrumb\":{\"@id\":\"https:\/\/desertando.com\/nuestras-rutas\/africa-sahariana\/#breadcrumb\"},\"inLanguage\":\"fr-FR\",\"potentialAction\":[{\"@type\":\"ReadAction\",\"target\":[\"https:\/\/desertando.com\/nuestras-rutas\/africa-sahariana\/\"]}]},{\"@type\":\"BreadcrumbList\",\"@id\":\"https:\/\/desertando.com\/nuestras-rutas\/africa-sahariana\/#breadcrumb\",\"itemListElement\":[{\"@type\":\"ListItem\",\"position\":1,\"name\":\"Portada\",\"item\":\"https:\/\/desertando.com\/\"},{\"@type\":\"ListItem\",\"position\":2,\"name\":\"RUTAS\",\"item\":\"https:\/\/desertando.com\/nuestras-rutas\/\"},{\"@type\":\"ListItem\",\"position\":3,\"name\":\"\u00c1frica Sahariana\"}]},{\"@type\":\"WebSite\",\"@id\":\"https:\/\/desertando.com\/#website\",\"url\":\"https:\/\/desertando.com\/\",\"name\":\"Desertando\",\"description\":\"Viajando por los desiertos de \u00c1frica\",\"publisher\":{\"@id\":\"https:\/\/desertando.com\/#organization\"},\"potentialAction\":[{\"@type\":\"SearchAction\",\"target\":{\"@type\":\"EntryPoint\",\"urlTemplate\":\"https:\/\/desertando.com\/?s={search_term_string}\"},\"query-input\":{\"@type\":\"PropertyValueSpecification\",\"valueRequired\":true,\"valueName\":\"search_term_string\"}}],\"inLanguage\":\"fr-FR\"},{\"@type\":\"Organization\",\"@id\":\"https:\/\/desertando.com\/#organization\",\"name\":\"Desertando Club de Aventuras\",\"url\":\"https:\/\/desertando.com\/\",\"logo\":{\"@type\":\"ImageObject\",\"inLanguage\":\"fr-FR\",\"@id\":\"https:\/\/desertando.com\/#\/schema\/logo\/image\/\",\"url\":\"https:\/\/desertando.com\/wp-content\/uploads\/2020\/02\/logo_1_marron.png\",\"contentUrl\":\"https:\/\/desertando.com\/wp-content\/uploads\/2020\/02\/logo_1_marron.png\",\"width\":190,\"height\":60,\"caption\":\"Desertando Club de Aventuras\"},\"image\":{\"@id\":\"https:\/\/desertando.com\/#\/schema\/logo\/image\/\"}}]}<\/script>\n<!-- \/ Yoast SEO plugin. -->","yoast_head_json":{"title":"\u00c1frica Sahariana - Desertando","description":"Cada una de las zonas de \u00c1frica Sahariana tiene magnetismo, por eso volvemos una y otra vez, a disfrutar del silencio entre las dunas.","robots":{"index":"index","follow":"follow","max-snippet":"max-snippet:-1","max-image-preview":"max-image-preview:large","max-video-preview":"max-video-preview:-1"},"canonical":"https:\/\/desertando.com\/fr\/nuestras-rutas\/africa-sahariana\/","og_locale":"fr_FR","og_type":"article","og_title":"\u00c1frica Sahariana - Desertando","og_description":"Cada una de las zonas de \u00c1frica Sahariana tiene magnetismo, por eso volvemos una y otra vez, a disfrutar del silencio entre las dunas.","og_url":"https:\/\/desertando.com\/fr\/nuestras-rutas\/africa-sahariana\/","og_site_name":"Desertando","article_modified_time":"2024-01-22T12:52:36+00:00","twitter_card":"summary_large_image","twitter_misc":{"Dur\u00e9e de lecture estim\u00e9e":"2 minutes"},"schema":{"@context":"https:\/\/schema.org","@graph":[{"@type":"WebPage","@id":"https:\/\/desertando.com\/nuestras-rutas\/africa-sahariana\/","url":"https:\/\/desertando.com\/nuestras-rutas\/africa-sahariana\/","name":"\u00c1frica Sahariana - Desertando","isPartOf":{"@id":"https:\/\/desertando.com\/#website"},"datePublished":"2019-11-07T12:26:59+00:00","dateModified":"2024-01-22T12:52:36+00:00","description":"Cada una de las zonas de \u00c1frica Sahariana tiene magnetismo, por eso volvemos una y otra vez, a disfrutar del silencio entre las dunas.","breadcrumb":{"@id":"https:\/\/desertando.com\/nuestras-rutas\/africa-sahariana\/#breadcrumb"},"inLanguage":"fr-FR","potentialAction":[{"@type":"ReadAction","target":["https:\/\/desertando.com\/nuestras-rutas\/africa-sahariana\/"]}]},{"@type":"BreadcrumbList","@id":"https:\/\/desertando.com\/nuestras-rutas\/africa-sahariana\/#breadcrumb","itemListElement":[{"@type":"ListItem","position":1,"name":"Portada","item":"https:\/\/desertando.com\/"},{"@type":"ListItem","position":2,"name":"RUTAS","item":"https:\/\/desertando.com\/nuestras-rutas\/"},{"@type":"ListItem","position":3,"name":"\u00c1frica Sahariana"}]},{"@type":"WebSite","@id":"https:\/\/desertando.com\/#website","url":"https:\/\/desertando.com\/","name":"Desertando","description":"Viajando por los desiertos de \u00c1frica","publisher":{"@id":"https:\/\/desertando.com\/#organization"},"potentialAction":[{"@type":"SearchAction","target":{"@type":"EntryPoint","urlTemplate":"https:\/\/desertando.com\/?s={search_term_string}"},"query-input":{"@type":"PropertyValueSpecification","valueRequired":true,"valueName":"search_term_string"}}],"inLanguage":"fr-FR"},{"@type":"Organization","@id":"https:\/\/desertando.com\/#organization","name":"Desertando Club de Aventuras","url":"https:\/\/desertando.com\/","logo":{"@type":"ImageObject","inLanguage":"fr-FR","@id":"https:\/\/desertando.com\/#\/schema\/logo\/image\/","url":"https:\/\/desertando.com\/wp-content\/uploads\/2020\/02\/logo_1_marron.png","contentUrl":"https:\/\/desertando.com\/wp-content\/uploads\/2020\/02\/logo_1_marron.png","width":190,"height":60,"caption":"Desertando Club de Aventuras"},"image":{"@id":"https:\/\/desertando.com\/#\/schema\/logo\/image\/"}}]}},"post_mailing_queue_ids":[],"_links":{"self":[{"href":"https:\/\/desertando.com\/fr\/wp-json\/wp\/v2\/pages\/516"}],"collection":[{"href":"https:\/\/desertando.com\/fr\/wp-json\/wp\/v2\/pages"}],"about":[{"href":"https:\/\/desertando.com\/fr\/wp-json\/wp\/v2\/types\/page"}],"author":[{"embeddable":true,"href":"https:\/\/desertando.com\/fr\/wp-json\/wp\/v2\/users\/1"}],"replies":[{"embeddable":true,"href":"https:\/\/desertando.com\/fr\/wp-json\/wp\/v2\/comments?post=516"}],"version-history":[{"count":24,"href":"https:\/\/desertando.com\/fr\/wp-json\/wp\/v2\/pages\/516\/revisions"}],"predecessor-version":[{"id":7020,"href":"https:\/\/desertando.com\/fr\/wp-json\/wp\/v2\/pages\/516\/revisions\/7020"}],"up":[{"embeddable":true,"href":"https:\/\/desertando.com\/fr\/wp-json\/wp\/v2\/pages\/146"}],"wp:attachment":[{"href":"https:\/\/desertando.com\/fr\/wp-json\/wp\/v2\/media?parent=516"}],"curies":[{"name":"wp","href":"https:\/\/api.w.org\/{rel}","templated":true}]}}